

{"id":7066,"date":"2025-04-07T13:11:48","date_gmt":"2025-04-07T11:11:48","guid":{"rendered":"https:\/\/blackviewphones.com\/?post_type=product&#038;p=7066"},"modified":"2026-04-02T13:26:18","modified_gmt":"2026-04-02T11:26:18","slug":"blackview-color8-8-go-de-ram-256-go-de-rom","status":"publish","type":"product","link":"https:\/\/blackviewphones.com\/fr\/produit\/blackview-color8-8-go-de-ram-256-go-de-rom\/","title":{"rendered":"Blackview COLOR 8 | 16 Go de RAM + 256 Go de ROM"},"content":{"rendered":"<h1>Blackview COLOR 8 | 8 Go + 8 Go de RAM 256 Go de ROM<\/h1>\n<p>Le nouveau\u00a0<strong>Blackview COLOR 8<\/strong>, est le t\u00e9l\u00e9phone mobile Blackview avec un prix abordable, \u00e9l\u00e9gant et pratique. Il a un processeur\u00a0<strong>Unisoc T616 (12 nm)<\/strong>, avec un appareil photo principal Samsung \u00ae ISOCELL JN1 50 Mpx, un \u00e9cran 16:9\u00a0<strong>\u00c9cran HD de 6,75 pouces\u00a0<\/strong>et un poids l\u00e9ger de<strong>\u00a0214 gr<\/strong>. De plus, il dispose d&#039;une batterie de\u00a0<strong>Charge rapide de 6000 mAh et 18 W<\/strong>\u00a0et tout dans un seul syst\u00e8me d&#039;exploitation\u00a0<strong>Android 13<\/strong>.<\/p>\n<p>C&#039;est un t\u00e9l\u00e9phone mobile moderne avec de bonnes fonctionnalit\u00e9s, avec son<strong>\u00a0RAM extensible jusqu&#039;\u00e0 16 Go\u00a0<\/strong>de\u00a0<strong>8 Go<\/strong>\u00a0et<strong>\u00a0256 Go\u00a0<\/strong>stockage interne<strong>\u00a0ROM extensible jusqu&#039;\u00e0 1 To<\/strong>. Et comme si cela ne suffisait pas, il a un score Antutu de 285 280.<\/p>","protected":false},"excerpt":{"rendered":"<p>Unisoc T616 (12 nm)<\/p>\n<p>8 Go + 8 Go de RAM 256 Go de ROM<\/p>\n<p>Android 13 | 6000 mAh<\/p>\n<p>167,8*77,4*9,1 mm<\/p>\n<p>\u00c9cran de 6,75 pouces 214 grammes<\/p>\n<p>Appareil photo principal 50 Mpx<\/p>","protected":false},"featured_media":4613,"comment_status":"closed","ping_status":"closed","template":"","meta":{"_acf_changed":false},"product_brand":[],"product_cat":[349],"product_tag":[],"class_list":{"0":"post-7066","1":"product","2":"type-product","3":"status-publish","4":"has-post-thumbnail","6":"product_cat-sin-categoria","8":"first","9":"outofstock","10":"sale","11":"shipping-taxable","12":"purchasable","13":"product-type-variable","14":"has-default-attributes"},"acf":[],"_links":{"self":[{"href":"https:\/\/blackviewphones.com\/fr\/wp-json\/wp\/v2\/product\/7066","targetHints":{"allow":["GET"]}}],"collection":[{"href":"https:\/\/blackviewphones.com\/fr\/wp-json\/wp\/v2\/product"}],"about":[{"href":"https:\/\/blackviewphones.com\/fr\/wp-json\/wp\/v2\/types\/product"}],"replies":[{"embeddable":true,"href":"https:\/\/blackviewphones.com\/fr\/wp-json\/wp\/v2\/comments?post=7066"}],"version-history":[{"count":0,"href":"https:\/\/blackviewphones.com\/fr\/wp-json\/wp\/v2\/product\/7066\/revisions"}],"wp:featuredmedia":[{"embeddable":true,"href":"https:\/\/blackviewphones.com\/fr\/wp-json\/wp\/v2\/media\/4613"}],"wp:attachment":[{"href":"https:\/\/blackviewphones.com\/fr\/wp-json\/wp\/v2\/media?parent=7066"}],"wp:term":[{"taxonomy":"product_brand","embeddable":true,"href":"https:\/\/blackviewphones.com\/fr\/wp-json\/wp\/v2\/product_brand?post=7066"},{"taxonomy":"product_cat","embeddable":true,"href":"https:\/\/blackviewphones.com\/fr\/wp-json\/wp\/v2\/product_cat?post=7066"},{"taxonomy":"product_tag","embeddable":true,"href":"https:\/\/blackviewphones.com\/fr\/wp-json\/wp\/v2\/product_tag?post=7066"}],"curies":[{"name":"wp","href":"https:\/\/api.w.org\/{rel}","templated":true}]}}