

{"id":7040,"date":"2025-04-04T16:03:10","date_gmt":"2025-04-04T15:03:10","guid":{"rendered":"https:\/\/blackviewphones.com\/?post_type=product&#038;p=7040"},"modified":"2026-04-08T12:44:24","modified_gmt":"2026-04-08T10:44:24","slug":"montre-connectee-blackview-x20","status":"publish","type":"product","link":"https:\/\/blackviewphones.com\/fr\/produit\/montre-connectee-blackview-x20\/","title":{"rendered":"Blackview X20 \u2013 Montre connect\u00e9e"},"content":{"rendered":"<h1>Blackview X20 \u2013 Montre connect\u00e9e<\/h1>\n<p>Nous vous invitons \u00e0 d\u00e9couvrir la nouvelle Smartwatch Blackview, la Blackview X20 est livr\u00e9e avec un bracelet en silicone flexible pour plus de confort. Il dispose d&#039;un \u00e9cran cristallin de 1,43\u2033, vous permettant de profiter d&#039;une interaction visuelle parfaite pour afficher vos notifications d&#039;appels ou vos rappels avec une batterie de 380 mAh.<\/p>\n<h2>Votre meilleur alli\u00e9 pour rester en forme : Plus de 100 modes d&#039;entra\u00eenement<\/h2>\n<p>Dot\u00e9 de plus de 100 fa\u00e7ons de transpirer, le X20 est plus qu&#039;un simple gadget : c&#039;est votre outil de pr\u00e9dilection pour les courses en plein air, les s\u00e9ances de yoga et les balades \u00e0 v\u00e9lo. Personnalisez votre entra\u00eenement avec des informations sur mesure pour une exp\u00e9rience stimulante.<\/p>\n<h2>Terminer les 3 anneaux<\/h2>\n<p>Acc\u00e9l\u00e9rez vos mouvements quotidiens, vos calories br\u00fbl\u00e9es et vos objectifs d&#039;exercice gr\u00e2ce aux anneaux d&#039;activit\u00e9 avanc\u00e9s du X20. Transformez chaque jour en une s\u00e9quence de sant\u00e9 avec des mises \u00e0 jour en direct et des r\u00e9compenses qui alimentent votre feu.<\/p>\n<h2>R\u00eavez plus profond\u00e9ment, dormez mieux\u00a0: surveillance scientifique du sommeil<\/h2>\n<p>X20 examine chaque aspect de votre nuit, des plong\u00e9es profondes dans le monde des r\u00eaves aux \u00e9pisodes de sommeil et d&#039;\u00e9veil superficiels, et vous guide dans le changement de vos habitudes pour obtenir des nuits de r\u00eave.<\/p>\n<h2>Pr\u00e9parez-vous, acceptez votre cycle\u00a0: suivi du cycle<\/h2>\n<p>G\u00e9rez votre cycle menstruel de mani\u00e8re intuitive gr\u00e2ce au suivi du cycle et recevez des rappels en temps opportun lorsque vos prochaines r\u00e8gles arrivent, vous permettant ainsi de rester pr\u00e9par\u00e9 \u00e0 tout moment.<\/p>","protected":false},"excerpt":{"rendered":"<p>\u00e9cran de 1,43\u2033<\/p>\n<p><span style=\"font-size: 16px;\">\u03c645,5*10,9 mm<\/span><\/p>\n<p>49 grammes<\/p>\n<p>380 mAh<\/p>\n<p>Mode sport<\/p>\n<p>Suivi du cycle + Moniteur d&#039;oxyg\u00e8ne et de fr\u00e9quence cardiaque<\/p>","protected":false},"featured_media":4743,"comment_status":"open","ping_status":"closed","template":"","meta":{"_acf_changed":false},"product_brand":[287],"product_cat":[154,159,90],"product_tag":[],"class_list":{"0":"post-7040","1":"product","2":"type-product","3":"status-publish","4":"has-post-thumbnail","6":"product_brand-blackview","7":"product_cat-accesorios-blackview","8":"product_cat-ofertas","9":"product_cat-smartwatch","11":"first","12":"instock","13":"sale","14":"shipping-taxable","15":"purchasable","16":"product-type-variable","17":"has-default-attributes"},"acf":[],"_links":{"self":[{"href":"https:\/\/blackviewphones.com\/fr\/wp-json\/wp\/v2\/product\/7040","targetHints":{"allow":["GET"]}}],"collection":[{"href":"https:\/\/blackviewphones.com\/fr\/wp-json\/wp\/v2\/product"}],"about":[{"href":"https:\/\/blackviewphones.com\/fr\/wp-json\/wp\/v2\/types\/product"}],"replies":[{"embeddable":true,"href":"https:\/\/blackviewphones.com\/fr\/wp-json\/wp\/v2\/comments?post=7040"}],"version-history":[{"count":0,"href":"https:\/\/blackviewphones.com\/fr\/wp-json\/wp\/v2\/product\/7040\/revisions"}],"wp:featuredmedia":[{"embeddable":true,"href":"https:\/\/blackviewphones.com\/fr\/wp-json\/wp\/v2\/media\/4743"}],"wp:attachment":[{"href":"https:\/\/blackviewphones.com\/fr\/wp-json\/wp\/v2\/media?parent=7040"}],"wp:term":[{"taxonomy":"product_brand","embeddable":true,"href":"https:\/\/blackviewphones.com\/fr\/wp-json\/wp\/v2\/product_brand?post=7040"},{"taxonomy":"product_cat","embeddable":true,"href":"https:\/\/blackviewphones.com\/fr\/wp-json\/wp\/v2\/product_cat?post=7040"},{"taxonomy":"product_tag","embeddable":true,"href":"https:\/\/blackviewphones.com\/fr\/wp-json\/wp\/v2\/product_tag?post=7040"}],"curies":[{"name":"wp","href":"https:\/\/api.w.org\/{rel}","templated":true}]}}