

{"id":6995,"date":"2025-04-04T08:12:39","date_gmt":"2025-04-04T07:12:39","guid":{"rendered":"https:\/\/blackviewphones.com\/?post_type=product&#038;p=6995"},"modified":"2026-01-19T12:48:47","modified_gmt":"2026-01-19T11:48:47","slug":"montre-connectee-blackview-r60","status":"publish","type":"product","link":"https:\/\/blackviewphones.com\/fr\/product\/blackview-r60-smartwatch\/","title":{"rendered":"Blackview R60 \u2013 Montre connect\u00e9e"},"content":{"rendered":"<h1>Blackview R60 \u2013 Montre connect\u00e9e<\/h1>\n<p>La Blackview R60 se distingue des autres montres connect\u00e9es sportives gr\u00e2ce \u00e0 son \u00e9norme \u00e9cran AMOLED de 1,96 pouce, plus grand et plus net gr\u00e2ce \u00e0 sa luminosit\u00e9 allant jusqu&#039;\u00e0 800 nits. De plus, il dispose de plus de 125 modes sportifs, d&#039;une certification de r\u00e9sistance \u00e0 l&#039;eau et \u00e0 la poussi\u00e8re IP68(*) et de divers capteurs pour surveiller votre sant\u00e9 physique. Fabriqu\u00e9 avec un cadre en alliage d&#039;aluminium trait\u00e9 avec un savoir-faire sophistiqu\u00e9, compatible avec les appareils Android et iOS(*). Le Blackview R60 offre une finition soign\u00e9e et une sensation haut de gamme.<\/p>\n<p><strong>R\u00e9pondre rapidement aux appels<\/strong><\/p>\n<p>Cette montre intelligente dispose d&#039;un Bluetooth double mode qui vous permet de coupler facilement la connexion avec votre appareil. Le nouveau Blackview R60 vous permet de passer des appels depuis votre poignet gr\u00e2ce \u00e0 son microphone et son haut-parleur. Il vous permet \u00e9galement de le contr\u00f4ler avec votre voix et est compatible avec divers syst\u00e8mes tels que Siri, Google Assistant et bien d&#039;autres. Il vous permet \u00e9galement de r\u00e9pondre aux appels pendant que vous faites du sport.<\/p>\n<p><strong>Jusqu&#039;\u00e0 25 jours d&#039;autonomie de la batterie, verre Panda robuste et certification IP68<\/strong><\/p>\n<p>Avec votre R60, vous disposez de la plus grande batterie de 800 mAh jamais con\u00e7ue avec 10 jours d&#039;utilisation typique. De plus, avec une seule charge, vous obtenez jusqu&#039;\u00e0 25 jours d&#039;autonomie. De plus, il dispose d&#039;un \u00e9cran Rugged Panda Glass. La montre connect\u00e9e R60 a pass\u00e9 l&#039;\u00e9chelle de duret\u00e9 de Mohs au niveau 7, promettant une tranquillit\u00e9 d&#039;esprit sans faille. Il dispose \u00e9galement d&#039;une certification IP68 et d&#039;une fonction qui lui permet d&#039;\u00e9vacuer l&#039;eau restante.<\/p>\n<p><strong>800 nits de luminosit\u00e9<\/strong><\/p>\n<p>Que vous vous pr\u00e9lassiez sous les rayons dor\u00e9s du soleil ou que vous vous promeniez dans les ombres du soir, l&#039;\u00e9cran du R60 reste d&#039;une clart\u00e9 cristalline. 800 nits de luminosit\u00e9 r\u00e9glable garantissent que chaque instant est captur\u00e9 dans une clart\u00e9 immacul\u00e9e, \u00e0 l&#039;abri des al\u00e9as de la lumi\u00e8re et de l&#039;obscurit\u00e9.<\/p>\n<p><strong>Suivi d&#039;activit\u00e9 quotidien avec votre R60<\/strong><\/p>\n<p>Suivez sans effort votre routine d&#039;entra\u00eenement gr\u00e2ce au suivi d&#039;activit\u00e9 quotidien. Suivez vos pas, votre fr\u00e9quence cardiaque, les calories br\u00fbl\u00e9es et bien plus encore pour rester motiv\u00e9 et atteindre vos objectifs de sant\u00e9.<\/p>\n<p><strong> Environnement avec la lampe de poche ultra-large R60<\/strong><\/p>\n<p>Illuminez votre environnement avec la lampe de poche ultra-large et ultra-lumineuse R60, fournissant une lumi\u00e8re de haute intensit\u00e9 pour tout, des randonn\u00e9es nocturnes aux situations d&#039;urgence, garantissant une visibilit\u00e9 et une s\u00e9curit\u00e9 maximales. Ne soyez plus jamais pi\u00e9g\u00e9 dans le noir.<\/p>\n<p><strong>*IP68 est un indice de protection contre l&#039;infiltration d&#039;eau de la Commission \u00e9lectrotechnique internationale (CEI) qui indique le niveau de protection fourni par un bo\u00eetier contre l&#039;intrusion de particules solides (telles que la poussi\u00e8re) et de liquides (tels que l&#039;eau). 6 signifie qu&#039;il est compl\u00e8tement \u00e9tanche \u00e0 la poussi\u00e8re. 8 signifie qu&#039;il peut \u00eatre immerg\u00e9 dans l&#039;eau pendant un certain temps. Le R60 est test\u00e9 pour r\u00e9sister \u00e0 une immersion jusqu&#039;\u00e0 1,5 m\u00e8tre sous l&#039;eau. Nous recommandons toutefois d&#039;utiliser cet appareil avec mod\u00e9ration et de ne jamais l&#039;immerger dans l&#039;eau sal\u00e9e.<\/strong><\/p>\n<p>*Compatible avec les appareils Android ex\u00e9cutant Android 9.0 ou version ult\u00e9rieure et les appareils iOS ex\u00e9cutant iOS 9.0 ou version ult\u00e9rieure.<\/p>","protected":false},"excerpt":{"rendered":"<div class=\"woocommerce-product-details__short-description\">\n<p>\u00c9cran de 1,96\u2033<\/p>\n<p>Conception similaire \u00e0 l&#039;Apple Watch<\/p>\n<p>\u03c6 47,5*39,09*11,9 mm<\/p>\n<p>28,2 g (montre) + 14,6 g (bracelet en silicone)<\/p>\n<p>800 mAh<\/p>\n<p>Mode sport<\/p>\n<p>Contr\u00f4le \u00e0 distance de la cam\u00e9ra et localisation de votre t\u00e9l\u00e9phone<br \/>\nSuivi du cycle f\u00e9minin<br \/>\nCompatible avec les assistants vocaux : Siri ou Google Assistant<\/p>\n<\/div>","protected":false},"featured_media":7001,"comment_status":"open","ping_status":"closed","template":"","meta":{"_acf_changed":false},"product_brand":[],"product_cat":[349],"product_tag":[],"class_list":{"0":"post-6995","1":"product","2":"type-product","3":"status-publish","4":"has-post-thumbnail","6":"product_cat-sin-categoria","8":"first","9":"outofstock","10":"sale","11":"shipping-taxable","12":"purchasable","13":"product-type-variable"},"acf":[],"_links":{"self":[{"href":"https:\/\/blackviewphones.com\/fr\/wp-json\/wp\/v2\/product\/6995","targetHints":{"allow":["GET"]}}],"collection":[{"href":"https:\/\/blackviewphones.com\/fr\/wp-json\/wp\/v2\/product"}],"about":[{"href":"https:\/\/blackviewphones.com\/fr\/wp-json\/wp\/v2\/types\/product"}],"replies":[{"embeddable":true,"href":"https:\/\/blackviewphones.com\/fr\/wp-json\/wp\/v2\/comments?post=6995"}],"version-history":[{"count":0,"href":"https:\/\/blackviewphones.com\/fr\/wp-json\/wp\/v2\/product\/6995\/revisions"}],"wp:featuredmedia":[{"embeddable":true,"href":"https:\/\/blackviewphones.com\/fr\/wp-json\/wp\/v2\/media\/7001"}],"wp:attachment":[{"href":"https:\/\/blackviewphones.com\/fr\/wp-json\/wp\/v2\/media?parent=6995"}],"wp:term":[{"taxonomy":"product_brand","embeddable":true,"href":"https:\/\/blackviewphones.com\/fr\/wp-json\/wp\/v2\/product_brand?post=6995"},{"taxonomy":"product_cat","embeddable":true,"href":"https:\/\/blackviewphones.com\/fr\/wp-json\/wp\/v2\/product_cat?post=6995"},{"taxonomy":"product_tag","embeddable":true,"href":"https:\/\/blackviewphones.com\/fr\/wp-json\/wp\/v2\/product_tag?post=6995"}],"curies":[{"name":"wp","href":"https:\/\/api.w.org\/{rel}","templated":true}]}}