

{"id":6933,"date":"2025-03-14T09:53:04","date_gmt":"2025-03-14T08:53:04","guid":{"rendered":"https:\/\/blackviewphones.com\/?post_type=product&#038;p=6933"},"modified":"2026-01-07T12:30:13","modified_gmt":"2026-01-07T11:30:13","slug":"casque-bluetooth-5-3-blackview-airbuds-60","status":"publish","type":"product","link":"https:\/\/blackviewphones.com\/fr\/product\/blackview-airbuds-60-auriculares-bluetooth-5-3\/","title":{"rendered":"Blackview Airbuds 60 \u2013 \u00c9couteurs Bluetooth 5.3"},"content":{"rendered":"<h1>Blackview Airbuds 60 \u2013 \u00c9couteurs Bluetooth 5.3<\/h1>\n<p>Il<strong> Blackview Airbuds 60<\/strong> Il s&#039;agit d&#039;un casque avec un design \u00e9tanche IPX 4 et ergonomique. Id\u00e9al pour une utilisation en ext\u00e9rieur et pour le sport. Avec batterie longue dur\u00e9e de 500 mAh.<\/p>\n<p>Il est dot\u00e9 d&#039;un contour d&#039;oreille ergonomique, d&#039;une technologie de conduction d&#039;air et d&#039;une conception \u00e0 oreille ouverte. Avec lui, vous pouvez profiter de 36 heures de lecture sans vibration.<\/p>\n<h2>Caract\u00e9ristiques des \u00e9couteurs Bluetooth Blackview Airbuds 60<\/h2>\n<table>\n<tbody>\n<tr>\n<td><strong>Caract\u00e9ristiques g\u00e9n\u00e9rales<\/strong><\/td>\n<td><\/td>\n<\/tr>\n<tr>\n<td>Mat\u00e9riel:<\/td>\n<td>Polycarbonate et silicone<\/td>\n<\/tr>\n<tr>\n<td>Poids:<\/td>\n<td>\u00c9couteurs \u2013 4,6 g, \u00e9tui de chargement \u2013 46 g<\/td>\n<\/tr>\n<tr>\n<td>Bluetooth :<\/td>\n<td>5.3 (jusqu&#039;\u00e0 5 m\u00e8tres de distance sans interf\u00e9rence)<\/td>\n<\/tr>\n<tr>\n<td>Suppression du bruit :<\/td>\n<td>Ouais<\/td>\n<\/tr>\n<tr>\n<td>Batterie:<\/td>\n<td>500 mAh (bo\u00eetier de charge)<\/td>\n<\/tr>\n<tr>\n<td>Contenu du colis :<\/td>\n<td>Casques<br \/>\nbo\u00eete de chargement<br \/>\nC\u00e2ble de charge de type C<br \/>\nManuel d&#039;utilisation<\/td>\n<\/tr>\n<\/tbody>\n<\/table>\n<p>Ces \u00e9couteurs de marque Blackview sont IPX4, r\u00e9sistants \u00e0 la transpiration.<\/p>","protected":false},"excerpt":{"rendered":"<h2><\/h2>\n<div id=\"gtx-trans\" style=\"position: absolute; left: 7px; top: -5.5625px;\">\n<div class=\"gtx-trans-icon\"><\/div>\n<\/div>","protected":false},"featured_media":4454,"comment_status":"closed","ping_status":"closed","template":"","meta":{"_acf_changed":false},"product_brand":[],"product_cat":[349],"product_tag":[],"class_list":{"0":"post-6933","1":"product","2":"type-product","3":"status-publish","4":"has-post-thumbnail","6":"product_cat-sin-categoria","8":"first","9":"outofstock","10":"sale","11":"shipping-taxable","12":"purchasable","13":"product-type-variable","14":"has-default-attributes"},"acf":[],"_links":{"self":[{"href":"https:\/\/blackviewphones.com\/fr\/wp-json\/wp\/v2\/product\/6933","targetHints":{"allow":["GET"]}}],"collection":[{"href":"https:\/\/blackviewphones.com\/fr\/wp-json\/wp\/v2\/product"}],"about":[{"href":"https:\/\/blackviewphones.com\/fr\/wp-json\/wp\/v2\/types\/product"}],"replies":[{"embeddable":true,"href":"https:\/\/blackviewphones.com\/fr\/wp-json\/wp\/v2\/comments?post=6933"}],"version-history":[{"count":0,"href":"https:\/\/blackviewphones.com\/fr\/wp-json\/wp\/v2\/product\/6933\/revisions"}],"wp:featuredmedia":[{"embeddable":true,"href":"https:\/\/blackviewphones.com\/fr\/wp-json\/wp\/v2\/media\/4454"}],"wp:attachment":[{"href":"https:\/\/blackviewphones.com\/fr\/wp-json\/wp\/v2\/media?parent=6933"}],"wp:term":[{"taxonomy":"product_brand","embeddable":true,"href":"https:\/\/blackviewphones.com\/fr\/wp-json\/wp\/v2\/product_brand?post=6933"},{"taxonomy":"product_cat","embeddable":true,"href":"https:\/\/blackviewphones.com\/fr\/wp-json\/wp\/v2\/product_cat?post=6933"},{"taxonomy":"product_tag","embeddable":true,"href":"https:\/\/blackviewphones.com\/fr\/wp-json\/wp\/v2\/product_tag?post=6933"}],"curies":[{"name":"wp","href":"https:\/\/api.w.org\/{rel}","templated":true}]}}