

{"id":6920,"date":"2025-03-14T09:51:58","date_gmt":"2025-03-14T08:51:58","guid":{"rendered":"https:\/\/blackviewphones.com\/?post_type=product&#038;p=6920"},"modified":"2026-04-19T13:54:21","modified_gmt":"2026-04-19T11:54:21","slug":"support-mobile-blackview","status":"publish","type":"product","link":"https:\/\/blackviewphones.com\/fr\/product\/portamovil-blackview\/","title":{"rendered":"Support mobile Blackview"},"content":{"rendered":"<h1 style=\"text-align: left;\">Support mobile Blackview<\/h1>\n<h2 style=\"text-align: left;\">Support de t\u00e9l\u00e9phone portable de milieu de gamme conventionnel ou renforc\u00e9<\/h2>\n<p>Un accessoire indispensable si vous \u00eates un athl\u00e8te ou recherchez du confort lors de vos activit\u00e9s et avez besoin d&#039;un accessoire qui vous permet de transporter votre t\u00e9l\u00e9phone avec vous, le support de t\u00e9l\u00e9phone Blackview s&#039;adapte \u00e0 n&#039;importe quel t\u00e9l\u00e9phone et est id\u00e9al pour transporter votre t\u00e9l\u00e9phone \u00e0 tout moment et l&#039;emp\u00eacher de tomber.<\/p>\n<p>Article : Support de t\u00e9l\u00e9phone en silicone<br \/>\nMati\u00e8re : silicone tr\u00e8s souple<br \/>\nConvient : Convient aux smartphones de 3,5&quot; \u00e0 6,5&quot;<\/p>","protected":false},"excerpt":{"rendered":"<p>Support de t\u00e9l\u00e9phone Blackview - Mod\u00e8le standard ou renforc\u00e9 - Gamme moyenne \u00e0 sup\u00e9rieure. Un accessoire indispensable pour les sportifs et tous ceux qui recherchent la praticit\u00e9 lors de leurs activit\u00e9s et qui ont besoin d&#039;un support pour emporter leur t\u00e9l\u00e9phone partout. Compatible avec tous les t\u00e9l\u00e9phones, le support Blackview est id\u00e9al pour avoir son t\u00e9l\u00e9phone \u00e0 port\u00e9e de main et \u00e9viter de le perdre.<\/p>\n<div class=\"klb-readmore entry-button\"><a class=\"btn read-more\" href=\"https:\/\/blackviewphones.com\/fr\/product\/portamovil-blackview\/\">En savoir plus<\/a><\/div>","protected":false},"featured_media":4433,"comment_status":"closed","ping_status":"closed","template":"","meta":{"_acf_changed":false},"product_brand":[],"product_cat":[154,330],"product_tag":[],"class_list":{"0":"post-6920","1":"product","2":"type-product","3":"status-publish","4":"has-post-thumbnail","6":"product_cat-accesorios-blackview","7":"product_cat-accesorios-blackview-accesorios-para-moviles","9":"first","10":"instock","11":"sale","12":"shipping-taxable","13":"purchasable","14":"product-type-variable"},"acf":[],"_links":{"self":[{"href":"https:\/\/blackviewphones.com\/fr\/wp-json\/wp\/v2\/product\/6920","targetHints":{"allow":["GET"]}}],"collection":[{"href":"https:\/\/blackviewphones.com\/fr\/wp-json\/wp\/v2\/product"}],"about":[{"href":"https:\/\/blackviewphones.com\/fr\/wp-json\/wp\/v2\/types\/product"}],"replies":[{"embeddable":true,"href":"https:\/\/blackviewphones.com\/fr\/wp-json\/wp\/v2\/comments?post=6920"}],"version-history":[{"count":0,"href":"https:\/\/blackviewphones.com\/fr\/wp-json\/wp\/v2\/product\/6920\/revisions"}],"wp:featuredmedia":[{"embeddable":true,"href":"https:\/\/blackviewphones.com\/fr\/wp-json\/wp\/v2\/media\/4433"}],"wp:attachment":[{"href":"https:\/\/blackviewphones.com\/fr\/wp-json\/wp\/v2\/media?parent=6920"}],"wp:term":[{"taxonomy":"product_brand","embeddable":true,"href":"https:\/\/blackviewphones.com\/fr\/wp-json\/wp\/v2\/product_brand?post=6920"},{"taxonomy":"product_cat","embeddable":true,"href":"https:\/\/blackviewphones.com\/fr\/wp-json\/wp\/v2\/product_cat?post=6920"},{"taxonomy":"product_tag","embeddable":true,"href":"https:\/\/blackviewphones.com\/fr\/wp-json\/wp\/v2\/product_tag?post=6920"}],"curies":[{"name":"wp","href":"https:\/\/api.w.org\/{rel}","templated":true}]}}