

{"id":6912,"date":"2025-03-14T09:51:47","date_gmt":"2025-03-14T08:51:47","guid":{"rendered":"https:\/\/blackviewphones.com\/?post_type=product&#038;p=6912"},"modified":"2025-12-29T16:09:26","modified_gmt":"2025-12-29T15:09:26","slug":"blackview-bv4800-6-go-3-go-ram-64-go-rom","status":"publish","type":"product","link":"https:\/\/blackviewphones.com\/fr\/product\/blackview-bv4800-6-gb-3gb3gb-ram-64-gb-rom\/","title":{"rendered":"Blackview BV4800 | 6 Go (3 Go + 3 Go) de RAM + 64 Go de ROM"},"content":{"rendered":"<h1>Blackview BV4800 | 6 Go (3 Go + 3 Go) de RAM 64 Go de ROM<\/h1>\n<p>D\u00e9couvrez le nouveau BV4800 de Blackview, le t\u00e9l\u00e9phone id\u00e9al si vous recherchez un appareil simple, abordable et durable. Ce smartphone a<strong>\u00a03 Go <\/strong>par c\u0153ur<strong> B\u00c9LIER<\/strong> pr\u00e8s de <strong>64 Go<\/strong> de <strong>ROM. <\/strong>\u00c9cran HD de <strong>6,56 pouces<\/strong>\u00a0sous le syst\u00e8me d&#039;exploitation <strong>Android 13 <\/strong>et une batterie de<strong> 5180 mAh.<\/strong><\/p>\n<h2>Blackview BV4800<\/h2>\n<table>\n<tbody>\n<tr>\n<td>\n<h3 id=\"sec-design\" class=\"k-h3\">Caract\u00e9ristiques g\u00e9n\u00e9rales<\/h3>\n<\/td>\n<\/tr>\n<tr>\n<td><strong>Mod\u00e8le:\u00a0<\/strong><\/td>\n<td>MediaTek Helio A22 (MT6761V\/WD)<\/td>\n<\/tr>\n<tr>\n<td><strong>Processeur:<\/strong><\/td>\n<td>4*A53 \u00e0 2,0 GHz<\/td>\n<\/tr>\n<tr>\n<td><strong>Gars:<\/strong><\/td>\n<td>Quad-Core<\/td>\n<\/tr>\n<tr>\n<td><strong>Dimensions:<\/strong><\/td>\n<td>174,7*81,5*13,5 mm<\/td>\n<\/tr>\n<tr>\n<td><strong>Poids:<\/strong><\/td>\n<td>285 gr<\/td>\n<\/tr>\n<tr>\n<td><strong>Syst\u00e8me op\u00e9rateur:<\/strong><\/td>\n<td>Android 13<\/td>\n<\/tr>\n<tr>\n<td>\n<h3>Capacit\u00e9<\/h3>\n<\/td>\n<\/tr>\n<tr>\n<td><strong>B\u00c9LIER:<\/strong><\/td>\n<td>3 Go \u00e0 6 Go<\/td>\n<\/tr>\n<tr>\n<td><strong>ROM:<\/strong><\/td>\n<td>64 Go \u00e0 1 To<\/td>\n<\/tr>\n<tr>\n<td><strong>Extensible :<\/strong><\/td>\n<td>Ouais<\/td>\n<\/tr>\n<tr>\n<td><strong>Batterie:<\/strong><\/td>\n<td>5180 mAh, charge rapide 10 W<\/td>\n<\/tr>\n<tr>\n<td>\n<h3>\u00c9cran<\/h3>\n<\/td>\n<\/tr>\n<tr>\n<td><strong>Taille:<\/strong><\/td>\n<td>Verre Corning\u00ae Gorilla\u00ae 3 de 6,56 po<\/td>\n<\/tr>\n<tr>\n<td><strong>Gars:<\/strong><\/td>\n<td>\u00c9cran LCD IPS<\/td>\n<\/tr>\n<tr>\n<td><strong>R\u00e9solution:<\/strong><\/td>\n<td>720 x 1612 px<\/td>\n<\/tr>\n<tr>\n<td><strong>IPP :<\/strong><\/td>\n<td>269<\/td>\n<\/tr>\n<tr>\n<td>\n<h3>Cam\u00e9ra<\/h3>\n<\/td>\n<\/tr>\n<tr>\n<td><strong>Cam\u00e9ra arri\u00e8re :<\/strong><\/td>\n<td>13 Mpx<\/td>\n<\/tr>\n<tr>\n<td><strong>Cam\u00e9ra frontale :<\/strong><\/td>\n<td>5 Mpx<\/td>\n<\/tr>\n<tr>\n<td>\n<h3>Autres caract\u00e9ristiques<\/h3>\n<\/td>\n<td>\n<ul>\n<li>D\u00e9verrouillage du visage<\/li>\n<li>Mode gant tactile<\/li>\n<li>Mode nuit<\/li>\n<\/ul>\n<\/td>\n<\/tr>\n<tr>\n<td><strong>Double SIM<\/strong><\/td>\n<td>Oui (2*Nano SIM + 1*TF)<\/td>\n<\/tr>\n<tr>\n<td><strong>Wifi<\/strong><\/td>\n<td>Wi-Fi\u00a0: IEEE802.11 a\/b\/g\/n\/ac<\/td>\n<\/tr>\n<tr>\n<td><strong>Bluetooth<\/strong><\/td>\n<td>Bluetooth 5.0<\/td>\n<\/tr>\n<tr>\n<td><strong>Navigation<\/strong><\/td>\n<td>GPS, GLONASS, BEIDOU, Galileo<\/td>\n<\/tr>\n<tr>\n<td><strong>Certifications<\/strong><\/td>\n<td>IP68 et IP69K et MIL-STD-810H<\/td>\n<\/tr>\n<tr>\n<td><strong>Autoliquidation<\/strong><\/td>\n<td>Ouais<\/td>\n<\/tr>\n<tr>\n<td><strong>NFC<\/strong><\/td>\n<td>Ouais<\/td>\n<\/tr>\n<tr>\n<td><\/td>\n<\/tr>\n<tr>\n<td>\n<h3>Contenu du colis<\/h3>\n<\/td>\n<td><\/td>\n<\/tr>\n<tr>\n<td><strong> Blackview BV4800<\/strong><\/td>\n<td><\/td>\n<\/tr>\n<tr>\n<td><strong>Prise + Casque<\/strong><\/td>\n<td><\/td>\n<\/tr>\n<tr>\n<td><strong>C\u00e2ble de charge\u00a0<\/strong><\/td>\n<td><\/td>\n<\/tr>\n<\/tbody>\n<\/table>\n<h2>Connectivit\u00e9<\/h2>\n<p><strong>Bande 2G :<\/strong> GSM : 850\/900\/1800\/1900 (B2\/B3\/B5\/B8)<\/p>\n<p><strong>Bande 3G :<\/strong> B1\/B8<\/p>\n<p><strong>Bande 4G :<\/strong> FDD\u00a0: B1\/B3\/B7\/B8\/B20 TDD\u00a0: B40<\/p>\n<h2><span style=\"font-size: 16px;\">IP68 : CE QUE VOUS POUVEZ ET NE POUVEZ PAS FAIRE<\/span><\/h2>\n<p>Si un appareil est certifi\u00e9 IP68, cela signifie qu&#039;il peut \u00eatre immerg\u00e9 dans l&#039;eau. <strong>eau douce<\/strong>\u00a0<strong>\u00e0 des profondeurs allant jusqu&#039;\u00e0 un m\u00e8tre pendant une dur\u00e9e maximale de 30 minutes, \u00e0 condition que les protections terminales restent correctement scell\u00e9es.<\/strong><\/p>\n<p><strong>Nous vous laissons quelques conseils<\/strong>\u00a0<strong>pour tout terminal certifi\u00e9 IP68<\/strong>:<\/p>\n<ul>\n<li>N&#039;exposez pas le smartphone IP68 aux courants d&#039;eau tels que l&#039;eau du robinet, les vagues de l&#039;oc\u00e9an ou les cascades.<\/li>\n<li>Si votre smartphone IP68 a \u00e9t\u00e9 expos\u00e9 \u00e0 de l&#039;eau douce, s\u00e9chez-le soigneusement avec un chiffon propre et doux.<\/li>\n<li>Si le smartphone IP68 a \u00e9t\u00e9 expos\u00e9 \u00e0 un type de liquide autre que de l&#039;eau douce (comme l&#039;eau de mer), rincez imm\u00e9diatement l&#039;appareil d\u00e9licatement \u00e0 l&#039;eau douce et s\u00e9chez soigneusement avec un chiffon doux et propre.<\/li>\n<li>Si vous avez des doutes sur la bonne fermeture des protections.\u00a0<strong>NON\u00a0<\/strong>tu le mouilles.<\/li>\n<li>Nous vous d\u00e9conseillons d&#039;effectuer des tests agressifs pour d\u00e9montrer votre r\u00e9sistance.<\/li>\n<li>De plus, il est d\u00e9conseill\u00e9 de manipuler les boutons de l&#039;appareil dans l&#039;eau.<\/li>\n<li>Il n&#039;est pas recommand\u00e9 d&#039;immerger l&#039;appareil dans l&#039;eau sal\u00e9e, car la certification IP ne s&#039;applique qu&#039;\u00e0 l&#039;eau douce.<\/li>\n<\/ul>","protected":false},"excerpt":{"rendered":"<p>MediaTek Helio A22 (MT6761V\/WD)<\/p>\n<p>3 Go + 3 Go de RAM 64 Go de ROM<\/p>\n<p>Android 13<\/p>\n<p>174,7*81,5*13,5 mm<\/p>\n<p>\u00c9cran 6,56\u2033 Poids 285 grammes<\/p>\n<p>5180 mAh<\/p>\n<p>T\u00e9l\u00e9phone mobile robuste avec NFC<\/p>\n<div id=\"gtx-trans\" style=\"position: absolute; left: -8px; top: 253.156px;\">\n<div class=\"gtx-trans-icon\"><\/div>\n<\/div>","protected":false},"featured_media":4414,"comment_status":"closed","ping_status":"closed","template":"","meta":{"_acf_changed":false},"product_brand":[],"product_cat":[349],"product_tag":[],"class_list":{"0":"post-6912","1":"product","2":"type-product","3":"status-publish","4":"has-post-thumbnail","6":"product_cat-sin-categoria","8":"first","9":"outofstock","10":"sale","11":"shipping-taxable","12":"purchasable","13":"product-type-variable"},"acf":[],"_links":{"self":[{"href":"https:\/\/blackviewphones.com\/fr\/wp-json\/wp\/v2\/product\/6912","targetHints":{"allow":["GET"]}}],"collection":[{"href":"https:\/\/blackviewphones.com\/fr\/wp-json\/wp\/v2\/product"}],"about":[{"href":"https:\/\/blackviewphones.com\/fr\/wp-json\/wp\/v2\/types\/product"}],"replies":[{"embeddable":true,"href":"https:\/\/blackviewphones.com\/fr\/wp-json\/wp\/v2\/comments?post=6912"}],"version-history":[{"count":0,"href":"https:\/\/blackviewphones.com\/fr\/wp-json\/wp\/v2\/product\/6912\/revisions"}],"wp:featuredmedia":[{"embeddable":true,"href":"https:\/\/blackviewphones.com\/fr\/wp-json\/wp\/v2\/media\/4414"}],"wp:attachment":[{"href":"https:\/\/blackviewphones.com\/fr\/wp-json\/wp\/v2\/media?parent=6912"}],"wp:term":[{"taxonomy":"product_brand","embeddable":true,"href":"https:\/\/blackviewphones.com\/fr\/wp-json\/wp\/v2\/product_brand?post=6912"},{"taxonomy":"product_cat","embeddable":true,"href":"https:\/\/blackviewphones.com\/fr\/wp-json\/wp\/v2\/product_cat?post=6912"},{"taxonomy":"product_tag","embeddable":true,"href":"https:\/\/blackviewphones.com\/fr\/wp-json\/wp\/v2\/product_tag?post=6912"}],"curies":[{"name":"wp","href":"https:\/\/api.w.org\/{rel}","templated":true}]}}