

{"id":6867,"date":"2025-03-14T09:48:21","date_gmt":"2025-03-14T08:48:21","guid":{"rendered":"https:\/\/blackviewphones.com\/?post_type=product&#038;p=6867"},"modified":"2026-03-31T12:56:48","modified_gmt":"2026-03-31T10:56:48","slug":"mini-pc-blackview-mp80-intel-np97-16-go-ram-512-go-rom","status":"publish","type":"product","link":"https:\/\/blackviewphones.com\/fr\/product\/blackview-mp80-intel-np97-mini-pc-16-gb-ram-512-gb-rom\/","title":{"rendered":"Mini PC Blackview MP80 Intel N97 | 16 Go de RAM 512 Go de ROM"},"content":{"rendered":"<h1>Mini PC Blackview MP80 Intel N97<\/h1>\n<p>Le mini PC Blackview MP80 est un PC plus petit et plus puissant con\u00e7u pour offrir des performances exceptionnelles dans un petit format. Dot\u00e9 de fonctionnalit\u00e9s impressionnantes et d&#039;un design \u00e9l\u00e9gant, ce mini PC est id\u00e9al pour les utilisateurs qui ont besoin d&#039;une solution informatique portable et efficace. Outre son design \u00e9l\u00e9gant, ce mini PC se distingue \u00e9galement par son efficacit\u00e9 \u00e9nerg\u00e9tique. Avec une faible consommation d\u2019\u00e9nergie, il contribue \u00e0 r\u00e9duire votre empreinte carbone et \u00e0 \u00e9conomiser sur les co\u00fbts d\u2019\u00e9lectricit\u00e9 \u00e0 long terme.<\/p>\n<div>\n<p><strong><span style=\"font-size: 16px;\">IMPORTANT:<\/span><\/strong><\/p>\n<\/div>\n<p><em>Ce terminal est livr\u00e9 avec Windows 11 PRO et une licence OEM \u00e0 vie\u00a0; cette licence est li\u00e9e au mat\u00e9riel de l\u2019ordinateur et ne peut pas \u00eatre transf\u00e9r\u00e9e \u00e0 un autre ordinateur.<\/em><\/p>","protected":false},"excerpt":{"rendered":"<p>Petit mais plus puissant<\/p>\n<p>Windows 11 Professionnel<\/p>\n<p>16 Go de RAM 512 Go de ROM<\/p>\n<p>Intel\u00ae Alder Lake N97 12e g\u00e9n\u00e9ration<\/p>\n<p>Carte graphique Intel\u00ae 4K UHD<\/p>\n<p>87,8*87,8*37mm<\/p>\n<p><strong>Ce terminal est livr\u00e9 avec Windows 11 PRO et une licence OEM \u00e0 vie\u00a0; cette licence est li\u00e9e au mat\u00e9riel de l\u2019ordinateur et ne peut pas \u00eatre transf\u00e9r\u00e9e \u00e0 un autre ordinateur.<\/strong><\/p>","protected":false},"featured_media":8063,"comment_status":"closed","ping_status":"closed","template":"","meta":{"_acf_changed":false},"product_brand":[287],"product_cat":[153,151],"product_tag":[],"class_list":{"0":"post-6867","1":"product","2":"type-product","3":"status-publish","4":"has-post-thumbnail","6":"product_brand-blackview","7":"product_cat-equipos-blackview-mini-pc","8":"product_cat-equipos-blackview","10":"first","11":"outofstock","12":"sale","13":"featured","14":"shipping-taxable","15":"purchasable","16":"product-type-variable"},"acf":[],"_links":{"self":[{"href":"https:\/\/blackviewphones.com\/fr\/wp-json\/wp\/v2\/product\/6867","targetHints":{"allow":["GET"]}}],"collection":[{"href":"https:\/\/blackviewphones.com\/fr\/wp-json\/wp\/v2\/product"}],"about":[{"href":"https:\/\/blackviewphones.com\/fr\/wp-json\/wp\/v2\/types\/product"}],"replies":[{"embeddable":true,"href":"https:\/\/blackviewphones.com\/fr\/wp-json\/wp\/v2\/comments?post=6867"}],"version-history":[{"count":0,"href":"https:\/\/blackviewphones.com\/fr\/wp-json\/wp\/v2\/product\/6867\/revisions"}],"wp:featuredmedia":[{"embeddable":true,"href":"https:\/\/blackviewphones.com\/fr\/wp-json\/wp\/v2\/media\/8063"}],"wp:attachment":[{"href":"https:\/\/blackviewphones.com\/fr\/wp-json\/wp\/v2\/media?parent=6867"}],"wp:term":[{"taxonomy":"product_brand","embeddable":true,"href":"https:\/\/blackviewphones.com\/fr\/wp-json\/wp\/v2\/product_brand?post=6867"},{"taxonomy":"product_cat","embeddable":true,"href":"https:\/\/blackviewphones.com\/fr\/wp-json\/wp\/v2\/product_cat?post=6867"},{"taxonomy":"product_tag","embeddable":true,"href":"https:\/\/blackviewphones.com\/fr\/wp-json\/wp\/v2\/product_tag?post=6867"}],"curies":[{"name":"wp","href":"https:\/\/api.w.org\/{rel}","templated":true}]}}