

{"id":6836,"date":"2025-03-14T09:46:03","date_gmt":"2025-03-14T08:46:03","guid":{"rendered":"https:\/\/blackviewphones.com\/?post_type=product&#038;p=6836"},"modified":"2025-12-12T08:42:31","modified_gmt":"2025-12-12T07:42:31","slug":"tablette-blackview-active-8-12-go-6-go-de-ram-128-go-de-rom","status":"publish","type":"product","link":"https:\/\/blackviewphones.com\/fr\/produit\/tablette-blackview-active-8-12-go-6-go-de-ram-128-go-de-rom\/","title":{"rendered":"Tablette Blackview Active 8 10,4 pouces | 12 Go (6 Go + 6 Go) de RAM, 128 Go de ROM"},"content":{"rendered":"<h1>Tablette Blackview Active 8 10,4 pouces | 6+6 Go de RAM, 128 Go de ROM<\/h1>\n<p>D\u00e9couvrez la nouvelle tablette Blackview, la <strong>Tablette Active 8<\/strong> Avec ses 10,4 pouces, elle est plus robuste et plus performante. Ultra-fine (16,8 mm), elle offre une <strong>Batterie de 22 000 mAh<\/strong>, <strong>Charge rapide 33 W <\/strong>et la charge invers\u00e9e, qui vous permet jusqu&#039;\u00e0 1440 heures d&#039;autonomie en veille et avec le syst\u00e8me d&#039;exploitation <strong>Android 13.\u00a0<\/strong><\/p>\n<p>Une tablette au style robuste et pesant 976 grammes, avec <strong>Certification IP68 et IP69K<\/strong> et dispose d&#039;une sangle en cuir rembourr\u00e9e facile \u00e0 utiliser. L&#039;Active 8 a<strong> 6 Go de RAM<\/strong> et <strong>128 Go de ROM, <\/strong>Il dispose d&#039;une charge invers\u00e9e. De plus, vous pouvez adapter un clavier sans fil pour une meilleure utilisation. Il est donc id\u00e9al pour travailler, \u00e9tudier ou se divertir.<\/p>\n<h2>Caract\u00e9ristiques g\u00e9n\u00e9rales Blackview Active 8<\/h2>\n<table>\n<tbody>\n<tr>\n<td><strong>\u00c9cran:<\/strong><\/td>\n<td>\u00c9cran 10,36 pouces FHD+ IPS 2,4K<\/td>\n<\/tr>\n<tr>\n<td><strong>Processeur:<\/strong><\/td>\n<td>Octa Core Unisoc T616<\/td>\n<\/tr>\n<tr>\n<td><strong>Processeur:<\/strong><\/td>\n<td>2* Cortex-A75 (2,0 GHz)<br \/>\n6* Cortex-A55 (1,8 GHz)<\/td>\n<\/tr>\n<tr>\n<td><strong>Processeur graphique :<\/strong><\/td>\n<td>Arm Mali-G57 650 MHz<\/td>\n<\/tr>\n<tr>\n<td><strong>Afficher:<\/strong><\/td>\n<td>Rapport \u00e9cran\/corps 78,9%<\/td>\n<\/tr>\n<tr>\n<td><strong>Syst\u00e8me op\u00e9rateur:<\/strong><\/td>\n<td>DokeOS_P 3.0 bas\u00e9 sur Android 13<\/td>\n<\/tr>\n<tr>\n<td><strong>Dimensions:<\/strong><\/td>\n<td>256,3*165,8*16,8 mm<\/td>\n<\/tr>\n<tr>\n<td><strong>Poids:<\/strong><\/td>\n<td>976 g<\/td>\n<\/tr>\n<tr>\n<td><strong>IPP :<\/strong><\/td>\n<td>225<\/td>\n<\/tr>\n<tr>\n<td><strong>Luminosit\u00e9 (cd\/cm2) :<\/strong><\/td>\n<td>400 min cd\/m\u00b2<\/td>\n<\/tr>\n<tr>\n<td><strong>Audio:<\/strong><\/td>\n<td>1338 2 pi\u00e8ces; Enceintes BOX<\/td>\n<\/tr>\n<tr>\n<td><strong>Autonomie de la batterie :<\/strong><\/td>\n<td>22 000 mAh avec charge rapide de 33 W<\/td>\n<\/tr>\n<tr>\n<td><strong>B\u00c9LIER:<\/strong><\/p>\n<p><strong>ROM:<\/strong><\/td>\n<td>6 Go extensible jusqu&#039;\u00e0 12 Go<\/p>\n<p>128 Go extensible jusqu&#039;\u00e0 1 To<\/td>\n<\/tr>\n<tr>\n<td><strong>Cam\u00e9ra frontale :<\/strong><\/p>\n<p><strong>Cam\u00e9ra arri\u00e8re :<\/strong><\/td>\n<td>Cam\u00e9ra SK Hynix\u00ae HI-1634Q 16 Mpx<\/p>\n<p>13 Mpx SK Hynix\u00ae HI-1336<\/td>\n<\/tr>\n<tr>\n<td><strong>Navigation:<\/strong><\/td>\n<td>GPS+Glonass+Beidou+Galileo<\/td>\n<\/tr>\n<tr>\n<td><b>Antutu :<\/b><\/td>\n<td>289839<\/td>\n<\/tr>\n<tr>\n<td><b>NFC :<\/b><\/td>\n<td>Non<\/td>\n<\/tr>\n<tr>\n<td><b>Wifi:<\/b><\/td>\n<td>802.11a\/b\/g\/n\/ac (2,4G\/5G)<\/td>\n<\/tr>\n<tr>\n<td><b>Double SIM :<\/b><\/td>\n<td>Oui (2 cartes SIM ou une carte TF jusqu&#039;\u00e0 1 To)<\/td>\n<\/tr>\n<tr>\n<td><strong>Autres caract\u00e9ristiques :<\/strong><\/td>\n<td>\n<ul>\n<li>Recharge intelligente<\/li>\n<li>Prise en charge de la recharge invers\u00e9e<\/li>\n<li>Deux subwoofers<\/li>\n<li>3 modes : mode lecture, veilleuse, mode sombre<\/li>\n<li>D\u00e9verrouillage du visage<\/li>\n<li>Pr\u00e9chargement intelligent<\/li>\n<li>Technologie de jeu MediaTek HyperEngine 2.0 Lite<\/li>\n<li>Mode PC<\/li>\n<\/ul>\n<\/td>\n<\/tr>\n<tr>\n<td><strong>Contenu du colis :<\/strong><\/td>\n<td>Actif 8<\/p>\n<p>C\u00e2ble de charge<\/p>\n<p>Stylet gratuit<\/p>\n<p>Manuel d&#039;utilisation<\/p>\n<p>&nbsp;<\/td>\n<\/tr>\n<\/tbody>\n<\/table>\n<p><strong>Connectivit\u00e9<\/strong><\/p>\n<p style=\"font-weight: 400;\">Bandes 2G\u00a0: 850\/900\/1800\/1900<br \/>\nBandes 3G\u00a0: WCDMA1\/8<br \/>\nBandes 4G\u00a0: LTE_FDD\u00a0: B1\/3\/7\/8\/20<br \/>\nLTE-TDD : B34\/38\/39\/40\/41<\/p>\n<h2 data-spm-anchor-id=\"a2g0o.detail.1000023.i7.388c274d1UTStG\"><strong>Pourquoi acheter le Blackview Active 8 ?<\/strong><\/h2>\n<ul>\n<li>Gr\u00e2ce \u00e0 sa certification IP68 et IP69K, si vous recherchez une tablette robuste et r\u00e9sistante.<\/li>\n<li>Si vous recherchez une longue dur\u00e9e de vie de la batterie, cette tablette offre une batterie \u00e0 semi-conducteurs gigantesque.<\/li>\n<li>Si vous travaillez fr\u00e9quemment dans des environnements dont les temp\u00e9ratures varient de -40\u00b0C \u00e0 +60\u00b0C, cette tablette est id\u00e9ale pour vous.<\/li>\n<li>Con\u00e7u pour r\u00e9sister \u00e0 : la pluie, le sable, la poussi\u00e8re, les vibrations, les chocs, l&#039;acc\u00e9l\u00e9ration, les temp\u00e9ratures \u00e9lev\u00e9es, les basses temp\u00e9ratures, l&#039;humidit\u00e9, l&#039;altitude et l&#039;immersion.<\/li>\n<li>Vous avez besoin d\u2019une tablette que vous pouvez utiliser comme support de charge invers\u00e9e.<\/li>\n<li>Si vous pr\u00e9f\u00e9rez une tablette avec de bonnes fonctionnalit\u00e9s audio : mode intelligent, mode film, mode jeu et mode vocal.<\/li>\n<li>Multifonctionnel : permet d&#039;effectuer diff\u00e9rentes t\u00e2ches dans plusieurs fen\u00eatres simultan\u00e9ment.<\/li>\n<li>Il s&#039;agit d&#039;une tablette certifi\u00e9e T\u00dcV S\u00dcD.<\/li>\n<\/ul>\n<h2><span style=\"font-size: 16px;\">IP68 : CE QUE VOUS POUVEZ ET NE POUVEZ PAS FAIRE<\/span><\/h2>\n<p>Si un appareil est certifi\u00e9 IP68, cela signifie qu&#039;il peut \u00eatre immerg\u00e9 dans l&#039;eau. <strong>eau douce<\/strong>\u00a0<strong>\u00e0 des profondeurs allant jusqu&#039;\u00e0 un m\u00e8tre pendant une dur\u00e9e maximale de 30 minutes, \u00e0 condition que les protections terminales restent correctement scell\u00e9es.<\/strong><\/p>\n<p><strong>Nous vous laissons quelques conseils<\/strong>\u00a0<strong>pour tout terminal certifi\u00e9 IP68<\/strong>:<\/p>\n<ul>\n<li>N&#039;exposez pas le smartphone IP68 aux courants d&#039;eau tels que l&#039;eau du robinet, les vagues de l&#039;oc\u00e9an ou les cascades.<\/li>\n<li>De plus, si votre smartphone IP68 a \u00e9t\u00e9 expos\u00e9 \u00e0 l\u2019eau douce, s\u00e9chez-le soigneusement avec un chiffon propre et doux.<\/li>\n<li>Si le smartphone IP68 a \u00e9t\u00e9 expos\u00e9 \u00e0 un type de liquide autre que de l\u2019eau douce (comme l\u2019eau de mer), rincez imm\u00e9diatement l\u2019appareil \u00e0 l\u2019eau douce douce et s\u00e9chez soigneusement avec un chiffon doux et propre.<\/li>\n<li>Si vous avez des doutes sur la bonne fermeture des protections.\u00a0<strong>NON\u00a0<\/strong>tu le mouilles.<\/li>\n<li>\u00c9vitez les tests agressifs pour d\u00e9montrer votre endurance<\/li>\n<li>Il est d\u00e9conseill\u00e9 de manipuler les boutons de l&#039;appareil dans l&#039;eau.<\/li>\n<li>Il est recommand\u00e9 de NE PAS tremper l&#039;appareil dans l&#039;eau sal\u00e9e car la certification IP ne s&#039;applique qu&#039;\u00e0 l&#039;eau douce.<\/li>\n<\/ul>\n<p>&nbsp;<\/p>","protected":false},"excerpt":{"rendered":"<h3><\/h3>\n<h2><\/h2>","protected":false},"featured_media":8350,"comment_status":"closed","ping_status":"closed","template":"","meta":{"_acf_changed":false},"product_brand":[],"product_cat":[349],"product_tag":[],"class_list":{"0":"post-6836","1":"product","2":"type-product","3":"status-publish","4":"has-post-thumbnail","6":"product_cat-sin-categoria","8":"first","9":"outofstock","10":"sale","11":"shipping-taxable","12":"purchasable","13":"product-type-variable","14":"has-default-attributes"},"acf":[],"_links":{"self":[{"href":"https:\/\/blackviewphones.com\/fr\/wp-json\/wp\/v2\/product\/6836","targetHints":{"allow":["GET"]}}],"collection":[{"href":"https:\/\/blackviewphones.com\/fr\/wp-json\/wp\/v2\/product"}],"about":[{"href":"https:\/\/blackviewphones.com\/fr\/wp-json\/wp\/v2\/types\/product"}],"replies":[{"embeddable":true,"href":"https:\/\/blackviewphones.com\/fr\/wp-json\/wp\/v2\/comments?post=6836"}],"version-history":[{"count":0,"href":"https:\/\/blackviewphones.com\/fr\/wp-json\/wp\/v2\/product\/6836\/revisions"}],"wp:featuredmedia":[{"embeddable":true,"href":"https:\/\/blackviewphones.com\/fr\/wp-json\/wp\/v2\/media\/8350"}],"wp:attachment":[{"href":"https:\/\/blackviewphones.com\/fr\/wp-json\/wp\/v2\/media?parent=6836"}],"wp:term":[{"taxonomy":"product_brand","embeddable":true,"href":"https:\/\/blackviewphones.com\/fr\/wp-json\/wp\/v2\/product_brand?post=6836"},{"taxonomy":"product_cat","embeddable":true,"href":"https:\/\/blackviewphones.com\/fr\/wp-json\/wp\/v2\/product_cat?post=6836"},{"taxonomy":"product_tag","embeddable":true,"href":"https:\/\/blackviewphones.com\/fr\/wp-json\/wp\/v2\/product_tag?post=6836"}],"curies":[{"name":"wp","href":"https:\/\/api.w.org\/{rel}","templated":true}]}}