

{"id":6709,"date":"2025-03-14T09:36:58","date_gmt":"2025-03-14T08:36:58","guid":{"rendered":"https:\/\/blackviewphones.com\/?post_type=product&#038;p=6709"},"modified":"2026-04-30T15:21:14","modified_gmt":"2026-04-30T13:21:14","slug":"blackview-bv5300-pro-4-go-de-ram-64-go-de-rom","status":"publish","type":"product","link":"https:\/\/blackviewphones.com\/fr\/product\/blackview-bv5300-pro-4gb-ram-64gb-rom\/","title":{"rendered":"Blackview BV5300 PRO | 12 Go de RAM (4 Go + 8 Go) 64 Go de ROM"},"content":{"rendered":"<h1>Blackview BV5300 PRO | 12 Go de RAM (4 Go + 8 Go) + 64 Go de ROM<\/h1>\n<p><strong><span style=\"color: #0000ff;\">EXP\u00c9DITION \u00c0 PARTIR DU 12\/05\/2026<\/span><\/strong><\/p>\n<p><strong><span style=\"color: #0000ff;\">PRIX SP\u00c9CIAL PR\u00c9COMMANDE AVEC DATE D&#039;EXP\u00c9DITION ULT\u00c9RIEURE. EXP\u00c9DITION NON DISPONIBLE AVANT LA DATE INDIQU\u00c9E, QUEL QUE SOIT LE MODE D&#039;EXP\u00c9DITION.<\/span><\/strong><\/p>\n<p>D\u00e9couvrez le <strong>BV5300 Pro<\/strong>, le t\u00e9l\u00e9phone robuste et puissant qui vous accompagnera dans toutes vos aventures ! Gr\u00e2ce \u00e0 sa conception robuste, r\u00e9sistante \u00e0 l&#039;eau, \u00e0 la poussi\u00e8re et aux chocs, cet appareil est pr\u00eat \u00e0 r\u00e9sister aux conditions les plus extr\u00eames. Ce mobile \u00e9tanche a <strong>Certification IP68 et IP69K<\/strong>. Il a <strong>4 Go de RAM<\/strong> et fonctionnant sous Android 14, le BV5300 Pro garantit des performances fluides et efficaces, quelles que soient les t\u00e2ches que vous effectuez.<\/p>\n<p>De plus, son \u00e9cran de 6,1 pouces offre une exp\u00e9rience visuelle nette et \u00e9clatante, vous permettant de profiter pleinement de vos photos, vid\u00e9os et jeux. Vous n&#039;aurez pas \u00e0 vous soucier de l&#039;autonomie de la batterie, car elle dispose d&#039;une capacit\u00e9 de <strong>6580 mAh<\/strong> qui vous donnera de l&#039;\u00e9nergie tout au long de la journ\u00e9e. Capturez des moments inoubliables avec sa cam\u00e9ra arri\u00e8re de 13 m\u00e9gapixels et prenez des selfies parfaits avec la cam\u00e9ra frontale de 8 m\u00e9gapixels. De plus, avec 64 Go de stockage interne et la possibilit\u00e9 de l&#039;\u00e9tendre jusqu&#039;\u00e0 512 Go via une carte microSD, vous aurez plus qu&#039;assez d&#039;espace pour stocker tous vos fichiers et applications.<\/p>\n<p>Ne laissez rien vous arr\u00eater et procurez-vous d\u00e8s maintenant le BV5300 Pro pour une exp\u00e9rience mobile robuste et compl\u00e8te !<\/p>\n<p style=\"font-weight: 400;\"><strong>R\u00e9sistance extr\u00eame pour tout environnement<\/strong><\/p>\n<p>Le Blackview BV5300 Pro est le compagnon id\u00e9al pour les amateurs de plein air et les travailleurs dans des environnements exigeants. Sa conception robuste r\u00e9pond aux normes de r\u00e9sistance IP68 et IP69K, ce qui la rend r\u00e9sistante \u00e0 l&#039;eau, \u00e0 la poussi\u00e8re et aux chocs. Vous pouvez l&#039;immerger jusqu&#039;\u00e0 1,5 m\u00e8tre de profondeur pendant 30 minutes sans soucis. De plus, il est con\u00e7u pour r\u00e9sister aux chutes d&#039;une hauteur allant jusqu&#039;\u00e0 1,5 m\u00e8tre, vous offrant une tranquillit\u00e9 d&#039;esprit totale dans toutes les situations.<\/p>\n<h3><span style=\"font-size: 16px;\">IP68 : CE QUE VOUS POUVEZ ET NE POUVEZ PAS FAIRE<\/span><\/h3>\n<p>Si un appareil est certifi\u00e9 IP68, cela signifie qu&#039;il peut \u00eatre immerg\u00e9 dans l&#039;eau. <strong>eau douce<\/strong>\u00a0<strong>\u00e0 des profondeurs allant jusqu&#039;\u00e0 un m\u00e8tre pendant une dur\u00e9e maximale de 30 minutes, \u00e0 condition que les protections terminales restent correctement scell\u00e9es.<\/strong><\/p>\n<p><strong>Nous vous laissons quelques conseils<\/strong>\u00a0<strong>pour tout terminal certifi\u00e9 IP68<\/strong>:<\/p>\n<ul>\n<li>N&#039;exposez pas le smartphone IP68 aux courants d&#039;eau tels que l&#039;eau du robinet, les vagues de l&#039;oc\u00e9an ou les cascades.<\/li>\n<li>De plus, si votre smartphone IP68 a \u00e9t\u00e9 expos\u00e9 \u00e0 l\u2019eau douce, s\u00e9chez-le soigneusement avec un chiffon propre et doux.<\/li>\n<li>Si le smartphone IP68 a \u00e9t\u00e9 expos\u00e9 \u00e0 un type de liquide autre que de l\u2019eau douce (comme l\u2019eau de mer), rincez imm\u00e9diatement l\u2019appareil \u00e0 l\u2019eau douce douce et s\u00e9chez soigneusement avec un chiffon doux et propre.<\/li>\n<li>Si vous avez des doutes sur la bonne fermeture des protections.\u00a0<strong>NON\u00a0<\/strong>tu le mouilles.<\/li>\n<li>\u00c9vitez les tests agressifs pour d\u00e9montrer votre endurance<\/li>\n<li>Il est d\u00e9conseill\u00e9 de manipuler les boutons de l&#039;appareil dans l&#039;eau.<\/li>\n<li>Il est recommand\u00e9 de NE PAS tremper l&#039;appareil dans l&#039;eau sal\u00e9e car la certification IP ne s&#039;applique qu&#039;\u00e0 l&#039;eau douce.<\/li>\n<\/ul>","protected":false},"excerpt":{"rendered":"<p><strong><span style=\"color: #0000ff;\">EXP\u00c9DITION \u00c0 PARTIR DU 12\/05\/2026<\/span><\/strong><\/p>\n<p><strong><span style=\"color: #0000ff;\">PRIX SP\u00c9CIAL PR\u00c9COMMANDE AVEC DATE D&#039;EXP\u00c9DITION ULT\u00c9RIEURE. EXP\u00c9DITION NON DISPONIBLE AVANT LA DATE INDIQU\u00c9E, QUEL QUE SOIT LE MODE D&#039;EXP\u00c9DITION.<\/span><\/strong><\/p>\n<p>MediaTek Helio P35<\/p>\n<p>4 Go + 8 Go de RAM 64 Go de ROM<\/p>\n<p>Android 14<\/p>\n<p>161,5 x 77,6 x 15,0 mm<\/p>\n<p>\u00c9cran 6,1\u2033 Poids 273 grammes<\/p>\n<p>6580 mAh<\/p>\n<p>T\u00e9l\u00e9phone mobile robuste avec NFC<\/p>","protected":false},"featured_media":12668,"comment_status":"closed","ping_status":"closed","template":"","meta":{"_acf_changed":false},"product_brand":[287],"product_cat":[136,166,159,332],"product_tag":[],"class_list":{"0":"post-6709","1":"product","2":"type-product","3":"status-publish","4":"has-post-thumbnail","6":"product_brand-blackview","7":"product_cat-moviles-resistentes-rugerizados","8":"product_cat-moviles-resistentes-rugerizados-nuevos-modelos","9":"product_cat-ofertas","10":"product_cat-reservar-moviles-blackview","12":"first","13":"instock","14":"sale","15":"shipping-taxable","16":"purchasable","17":"product-type-variable","18":"has-default-attributes"},"acf":[],"_links":{"self":[{"href":"https:\/\/blackviewphones.com\/fr\/wp-json\/wp\/v2\/product\/6709","targetHints":{"allow":["GET"]}}],"collection":[{"href":"https:\/\/blackviewphones.com\/fr\/wp-json\/wp\/v2\/product"}],"about":[{"href":"https:\/\/blackviewphones.com\/fr\/wp-json\/wp\/v2\/types\/product"}],"replies":[{"embeddable":true,"href":"https:\/\/blackviewphones.com\/fr\/wp-json\/wp\/v2\/comments?post=6709"}],"version-history":[{"count":0,"href":"https:\/\/blackviewphones.com\/fr\/wp-json\/wp\/v2\/product\/6709\/revisions"}],"wp:featuredmedia":[{"embeddable":true,"href":"https:\/\/blackviewphones.com\/fr\/wp-json\/wp\/v2\/media\/12668"}],"wp:attachment":[{"href":"https:\/\/blackviewphones.com\/fr\/wp-json\/wp\/v2\/media?parent=6709"}],"wp:term":[{"taxonomy":"product_brand","embeddable":true,"href":"https:\/\/blackviewphones.com\/fr\/wp-json\/wp\/v2\/product_brand?post=6709"},{"taxonomy":"product_cat","embeddable":true,"href":"https:\/\/blackviewphones.com\/fr\/wp-json\/wp\/v2\/product_cat?post=6709"},{"taxonomy":"product_tag","embeddable":true,"href":"https:\/\/blackviewphones.com\/fr\/wp-json\/wp\/v2\/product_tag?post=6709"}],"curies":[{"name":"wp","href":"https:\/\/api.w.org\/{rel}","templated":true}]}}