

{"id":6667,"date":"2025-03-14T09:34:01","date_gmt":"2025-03-14T08:34:01","guid":{"rendered":"https:\/\/blackviewphones.com\/?post_type=product&#038;p=6667"},"modified":"2026-04-15T14:16:34","modified_gmt":"2026-04-15T12:16:34","slug":"tablette-blackview-tab-16-pro-24-go-de-ram-256-go-de-rom","status":"publish","type":"product","link":"https:\/\/blackviewphones.com\/fr\/product\/tablet-blackview-tab-16-pro-24-gb-ram-256-gb-rom\/","title":{"rendered":"Tablette Blackview Tab 16 Pro (reconditionn\u00e9e) | 24 Go (8 Go + 16 Go) de RAM, 256 Go de ROM"},"content":{"rendered":"<h1>Tablette Blackview Tab 16 Pro (reconditionn\u00e9e) | 8 Go ou 16 Go de RAM, 256 Go de ROM<\/h1>\n<p>Le nouveau <strong>Tab 16 Pro<\/strong> Con\u00e7ue avec des couleurs \u00e9clatantes, la Tab 16 Pro est plus performante, intuitive et ludique. Dot\u00e9e d&#039;un \u00e9cran Full View HD+ de 11 pouces et disponible en trois superbes coloris, elle vous permet de travailler efficacement et de rester connect\u00e9. De plus, son stylet int\u00e9gr\u00e9 vous permet de dessiner ou de prendre des notes pendant votre lecture.<\/p>\n<p><strong>L\u00e9ger, exquis et confortable<\/strong><\/p>\n<p>Avec un corps ultra-mince de 7,45 mm et un poids de 503 g, la Tab 16 Pro est facile \u00e0 transporter. L&#039;\u00e9cran ultra-large et le corps mince et sans couture vous offrent une vue incroyablement belle. Chaque d\u00e9tail a \u00e9t\u00e9 con\u00e7u avec soin pour offrir l&#039;exp\u00e9rience la plus agr\u00e9able.<\/p>\n<p><strong>Modes de confort oculaire : Jour ou nuit, doux pour les yeux<\/strong><\/p>\n<p>Que vous lisiez des bandes dessin\u00e9es sur un canap\u00e9 confortable ou que vous regardiez des vid\u00e9os confortablement install\u00e9 dans votre lit, l&#039;\u00e9cran de la Tab 16 Pro prot\u00e8ge efficacement vos yeux, s&#039;adaptant pr\u00e9cis\u00e9ment \u00e0 tout environnement d&#039;\u00e9clairage en fonction de vos besoins.<\/p>\n<p><strong>Plongez dans le plaisir cin\u00e9matographique<\/strong><\/p>\n<p>La Tab 16 Pro prend en charge Widevine L1, vous permettant de regarder des films et des vid\u00e9os Full HD 1080p sur YouTube, Disney+, Hulu et Amazon Prime Video. Vous entendrez \u00e9galement chaque d\u00e9tail du son st\u00e9r\u00e9o Smart-K avec quatre haut-parleurs qui vous plongeront dans un festin audiovisuel \u00e9poustouflant.<\/p>\n<p><strong>Tablette de marque Blackview, mais elle n&#039;est pas IP68, elle ne peut pas \u00eatre mouill\u00e9e ou frapp\u00e9e.<\/strong><\/p>\n<p><strong>Le clavier n&#039;est pas inclus.<\/strong><\/p>\n<p>\u00a0<\/p>","protected":false},"excerpt":{"rendered":"<p>Tablette classique reconditionn\u00e9e avec stylet (compatible carte SIM)<br \/>\nUnisoc Tiger T616<br \/>\nCompatible avec Wideline L1<br \/>\nAndroid 14 | 7700 mAh<br \/>\n256,75*167,7*7,45 mm<br \/>\nPoids 503 g | \u00c9cran de 10,95 pouces<br \/>\n8 Go + 16 Go de RAM 256 Go de ROM<\/p>","protected":false},"featured_media":6687,"comment_status":"closed","ping_status":"closed","template":"","meta":{"_acf_changed":false},"product_brand":[287],"product_cat":[349],"product_tag":[],"class_list":{"0":"post-6667","1":"product","2":"type-product","3":"status-publish","4":"has-post-thumbnail","6":"product_brand-blackview","7":"product_cat-sin-categoria","9":"first","10":"outofstock","11":"sale","12":"shipping-taxable","13":"purchasable","14":"product-type-variable","15":"has-default-attributes"},"acf":[],"_links":{"self":[{"href":"https:\/\/blackviewphones.com\/fr\/wp-json\/wp\/v2\/product\/6667","targetHints":{"allow":["GET"]}}],"collection":[{"href":"https:\/\/blackviewphones.com\/fr\/wp-json\/wp\/v2\/product"}],"about":[{"href":"https:\/\/blackviewphones.com\/fr\/wp-json\/wp\/v2\/types\/product"}],"replies":[{"embeddable":true,"href":"https:\/\/blackviewphones.com\/fr\/wp-json\/wp\/v2\/comments?post=6667"}],"version-history":[{"count":0,"href":"https:\/\/blackviewphones.com\/fr\/wp-json\/wp\/v2\/product\/6667\/revisions"}],"wp:featuredmedia":[{"embeddable":true,"href":"https:\/\/blackviewphones.com\/fr\/wp-json\/wp\/v2\/media\/6687"}],"wp:attachment":[{"href":"https:\/\/blackviewphones.com\/fr\/wp-json\/wp\/v2\/media?parent=6667"}],"wp:term":[{"taxonomy":"product_brand","embeddable":true,"href":"https:\/\/blackviewphones.com\/fr\/wp-json\/wp\/v2\/product_brand?post=6667"},{"taxonomy":"product_cat","embeddable":true,"href":"https:\/\/blackviewphones.com\/fr\/wp-json\/wp\/v2\/product_cat?post=6667"},{"taxonomy":"product_tag","embeddable":true,"href":"https:\/\/blackviewphones.com\/fr\/wp-json\/wp\/v2\/product_tag?post=6667"}],"curies":[{"name":"wp","href":"https:\/\/api.w.org\/{rel}","templated":true}]}}