

{"id":6424,"date":"2025-03-14T09:15:52","date_gmt":"2025-03-14T08:15:52","guid":{"rendered":"https:\/\/blackviewphones.com\/?post_type=product&#038;p=6424"},"modified":"2025-12-29T16:11:19","modified_gmt":"2025-12-29T15:11:19","slug":"blackview-bv7200-10-go-6-go-4-go-ram-128-go-rom","status":"publish","type":"product","link":"https:\/\/blackviewphones.com\/fr\/product\/blackview-bv7200-10-gb-6gb-4gb-ram-128-gb-rom\/","title":{"rendered":"Blackview BV7200 | 10 Go (6 Go + 4 Go) de RAM + 128 Go de ROM"},"content":{"rendered":"<h1>Blackview BV7200 | 10 Go (6 Go + 4 Go) de RAM + 128 Go de ROM<\/h1>\n<p>Blackview BV7200, un style de vie robuste et invincible avec le nouveau mod\u00e8le robuste Blackview, r\u00e9sistant \u00e0 l&#039;eau et \u00e0 la poussi\u00e8re. Con\u00e7u avec une durabilit\u00e9 sup\u00e9rieure pour survivre aux chutes et aux chocs quotidiens. Dot\u00e9 d&#039;un voyant lumineux, du NFC, d&#039;un crochet pour l&#039;emporter partout sans le perdre, et pour vous aider \u00e0 l&#039;utiliser, d&#039;un capteur d&#039;empreintes digitales 2 en 1 et d&#039;un bouton d&#039;alimentation.<\/p>\n<p>Processeur MeadiaTek Helio G85, la puissance et la vitesse pour la plupart des exigences. Il dispose de 6 Go de RAM et jusqu&#039;\u00e0 128 Go d&#039;extension.<\/p>\n<p>Appareil photo 50 m\u00e9gapixels, double 4G et \u00e9cran 6,1 pouces. Il dispose \u00e9galement d&#039;un mode sous-marin.<\/p>\n<h2>Caract\u00e9ristiques du Blackview BV7200<\/h2>\n<table style=\"height: 1277px;\" width=\"790\">\n<tbody>\n<tr>\n<td>\n<h3 id=\"sec-design\" class=\"k-h3\">Caract\u00e9ristiques g\u00e9n\u00e9rales<\/h3>\n<\/td>\n<\/tr>\n<tr>\n<td><strong>Mod\u00e8le:\u00a0<\/strong><\/td>\n<td>MediaTek Helio G85<\/td>\n<\/tr>\n<tr>\n<td><strong>Processeur graphique :<\/strong><\/td>\n<td>2x Cortex<b class=\"dot\">\u2022<\/b>A75 2,0 GHz + 6x Cortex<b class=\"dot\">\u2022<\/b>A55 1,8 GHz<\/td>\n<\/tr>\n<tr>\n<td><strong>Gars:<\/strong><\/td>\n<td>Octa-Core<\/td>\n<\/tr>\n<tr>\n<td><strong>Dimensions:<\/strong><\/td>\n<td>81,6 mm \u00b7 165,3 mm \u00b7 16 mm<\/td>\n<\/tr>\n<tr>\n<td><strong>Poids:<\/strong><\/td>\n<td>288 Gr<\/td>\n<\/tr>\n<tr>\n<td><strong>Syst\u00e8me op\u00e9rateur:<\/strong><\/td>\n<td>Android 12<\/td>\n<\/tr>\n<tr>\n<td>\n<h3>Capacit\u00e9<\/h3>\n<\/td>\n<\/tr>\n<tr>\n<td><strong>B\u00c9LIER:<\/strong><\/td>\n<td>6 Go<\/td>\n<\/tr>\n<tr>\n<td><strong>ROM:<\/strong><\/td>\n<td>128 Go<\/td>\n<\/tr>\n<tr>\n<td><strong>Extensible :<\/strong><\/td>\n<td>Ouais<\/td>\n<\/tr>\n<tr>\n<td><strong>Batterie:<\/strong><\/td>\n<td>5180 mAh<\/td>\n<\/tr>\n<tr>\n<td>\n<h3>\u00c9cran<\/h3>\n<\/td>\n<\/tr>\n<tr>\n<td><strong>Taille:<\/strong><\/td>\n<td>6,1\u2033<\/td>\n<\/tr>\n<tr>\n<td><strong>Gars:<\/strong><\/td>\n<td>\u00c9cran LCD IPS<\/td>\n<\/tr>\n<tr>\n<td><strong>R\u00e9solution:<\/strong><\/td>\n<td>720 x 21560 px <b class=\"dot\">\u2022<\/b>\u00a0FHD+<\/td>\n<\/tr>\n<tr>\n<td><\/td>\n<td><\/td>\n<\/tr>\n<tr>\n<td>\n<h3>Cam\u00e9ra<\/h3>\n<\/td>\n<\/tr>\n<tr>\n<td><strong>Cam\u00e9ra arri\u00e8re :<\/strong><\/td>\n<td>50 Mpx<\/td>\n<\/tr>\n<tr>\n<td><strong>Cam\u00e9ra frontale :<\/strong><\/td>\n<td>8 Mpx<\/td>\n<\/tr>\n<tr>\n<td>\n<h3>Autres caract\u00e9ristiques<\/h3>\n<\/td>\n<td><\/td>\n<\/tr>\n<tr>\n<td><strong>Double SIM<\/strong><\/td>\n<td>Ouais<\/td>\n<\/tr>\n<tr>\n<td><strong>Wifi<\/strong><\/td>\n<td>802.11a, 802.11b, 802.11g, 802.11n, 802.11n 5 GHz, 802.11ac<\/td>\n<\/tr>\n<tr>\n<td><strong>Bluetooth<\/strong><\/td>\n<td>Bluetooth 5.4<\/td>\n<\/tr>\n<tr>\n<td><strong>Navigation<\/strong><\/td>\n<td>GPS, A-GPS, GLONASS, Beidou, Galileo<\/td>\n<\/tr>\n<tr>\n<td><strong>NFC<\/strong><\/td>\n<td>Ouais<\/td>\n<\/tr>\n<tr>\n<td><b>Entr\u00e9e casque de type C<\/b><\/td>\n<\/tr>\n<tr>\n<td>\n<h3>Contenu du colis<\/h3>\n<\/td>\n<td><\/td>\n<\/tr>\n<tr>\n<td><strong> Blackview BV7200<\/strong><\/td>\n<td><\/td>\n<\/tr>\n<tr>\n<td><strong>Prise<\/strong><\/td>\n<td><\/td>\n<\/tr>\n<tr>\n<td><strong>C\u00e2ble de charge de type C<\/strong><\/td>\n<td><\/td>\n<\/tr>\n<\/tbody>\n<\/table>\n<h2><span style=\"font-size: 16px;\">IP68 : CE QUE VOUS POUVEZ ET NE POUVEZ PAS FAIRE<\/span><\/h2>\n<p>Si un appareil est certifi\u00e9 IP68, cela signifie qu&#039;il peut \u00eatre immerg\u00e9 dans l&#039;eau. <strong>eau douce<\/strong>\u00a0<strong>\u00e0 des profondeurs allant jusqu&#039;\u00e0 un m\u00e8tre pendant une dur\u00e9e maximale de 30 minutes \u00e0 condition que les protections terminales soient maintenues correctement scell\u00e9es.<\/strong><\/p>\n<p><strong>Nous vous laissons quelques conseils<\/strong>\u00a0<strong>pour tout terminal certifi\u00e9 IP68<\/strong>:<\/p>\n<ul>\n<li>N&#039;exposez pas le smartphone IP68 aux courants d&#039;eau tels que l&#039;eau du robinet, les vagues de l&#039;oc\u00e9an ou les cascades.<\/li>\n<li>De plus, si votre smartphone IP68 a \u00e9t\u00e9 expos\u00e9 \u00e0 de l\u2019eau douce, s\u00e9chez-le soigneusement avec un chiffon propre et doux.<\/li>\n<li>Si le smartphone IP68 a \u00e9t\u00e9 expos\u00e9 \u00e0 un type de liquide autre que de l&#039;eau douce (comme l&#039;eau de mer), rincez imm\u00e9diatement l&#039;appareil d\u00e9licatement \u00e0 l&#039;eau douce et s\u00e9chez soigneusement avec un chiffon doux et propre.<\/li>\n<li>Si vous avez des doutes sur la bonne fermeture des protections.\u00a0<strong>NON\u00a0<\/strong>tu le mouilles.<\/li>\n<li>\u00c9vitez les tests agressifs pour d\u00e9montrer votre endurance<\/li>\n<li>Il est d\u00e9conseill\u00e9 de manipuler les boutons de l&#039;appareil dans l&#039;eau.<\/li>\n<li>Il est recommand\u00e9 de NE PAS tremper l&#039;appareil dans l&#039;eau sal\u00e9e car la certification IP ne s&#039;applique qu&#039;\u00e0 l&#039;eau douce.<\/li>\n<\/ul>","protected":false},"excerpt":{"rendered":"<p>Blackview BV7200 | 10 Go (6 Go + 4 Go) de RAM + 128 Go de ROM. Le Blackview BV7200\u00a0: un style de vie robuste et invincible gr\u00e2ce \u00e0 ce nouveau mod\u00e8le Blackview renforc\u00e9, r\u00e9sistant \u00e0 l\u2019eau et \u00e0 la poussi\u00e8re. Con\u00e7u pour une durabilit\u00e9 sup\u00e9rieure, il r\u00e9siste aux chutes et aux chocs du quotidien. Avec un voyant lumineux,<\/p>\n<div class=\"klb-readmore entry-button\"><a class=\"btn read-more\" href=\"https:\/\/blackviewphones.com\/fr\/product\/blackview-bv7200-10-gb-6gb-4gb-ram-128-gb-rom\/\">En savoir plus<\/a><\/div>","protected":false},"featured_media":3651,"comment_status":"closed","ping_status":"closed","template":"","meta":{"_acf_changed":false},"product_brand":[],"product_cat":[349],"product_tag":[],"class_list":{"0":"post-6424","1":"product","2":"type-product","3":"status-publish","4":"has-post-thumbnail","6":"product_cat-sin-categoria","8":"first","9":"outofstock","10":"sale","11":"shipping-taxable","12":"purchasable","13":"product-type-variable","14":"has-default-attributes"},"acf":[],"_links":{"self":[{"href":"https:\/\/blackviewphones.com\/fr\/wp-json\/wp\/v2\/product\/6424","targetHints":{"allow":["GET"]}}],"collection":[{"href":"https:\/\/blackviewphones.com\/fr\/wp-json\/wp\/v2\/product"}],"about":[{"href":"https:\/\/blackviewphones.com\/fr\/wp-json\/wp\/v2\/types\/product"}],"replies":[{"embeddable":true,"href":"https:\/\/blackviewphones.com\/fr\/wp-json\/wp\/v2\/comments?post=6424"}],"version-history":[{"count":0,"href":"https:\/\/blackviewphones.com\/fr\/wp-json\/wp\/v2\/product\/6424\/revisions"}],"wp:featuredmedia":[{"embeddable":true,"href":"https:\/\/blackviewphones.com\/fr\/wp-json\/wp\/v2\/media\/3651"}],"wp:attachment":[{"href":"https:\/\/blackviewphones.com\/fr\/wp-json\/wp\/v2\/media?parent=6424"}],"wp:term":[{"taxonomy":"product_brand","embeddable":true,"href":"https:\/\/blackviewphones.com\/fr\/wp-json\/wp\/v2\/product_brand?post=6424"},{"taxonomy":"product_cat","embeddable":true,"href":"https:\/\/blackviewphones.com\/fr\/wp-json\/wp\/v2\/product_cat?post=6424"},{"taxonomy":"product_tag","embeddable":true,"href":"https:\/\/blackviewphones.com\/fr\/wp-json\/wp\/v2\/product_tag?post=6424"}],"curies":[{"name":"wp","href":"https:\/\/api.w.org\/{rel}","templated":true}]}}