

{"id":6361,"date":"2025-03-14T09:11:59","date_gmt":"2025-03-14T08:11:59","guid":{"rendered":"https:\/\/blackviewphones.com\/?post_type=product&#038;p=6361"},"modified":"2026-02-03T13:48:45","modified_gmt":"2026-02-03T12:48:45","slug":"camera-thermique-blackview-bl8800-pro-5g","status":"publish","type":"product","link":"https:\/\/blackviewphones.com\/fr\/product\/blackview-bl8800-pro-5g-camara-termica\/","title":{"rendered":"Blackview BL8800 Pro | Cam\u00e9ra thermique 5G"},"content":{"rendered":"<h1>Blackview BL8800 Pro 5G \u2013 Avec cam\u00e9ra thermique<\/h1>\n<p>Le Blackview BL8800 Pro \u2013 5G arrive sur le march\u00e9 avec une cam\u00e9ra thermique int\u00e9gr\u00e9e.<\/p>\n<p>Il a une capacit\u00e9 de<strong> 8 Go de RAM et 128 Go de ROM<\/strong>, avec le processeur MediaTek Dimensity 700 (MT6833) de derni\u00e8re g\u00e9n\u00e9ration, qui vous permettra de g\u00e9rer plusieurs t\u00e2ches en m\u00eame temps et de basculer en toute transparence entre les applications.<\/p>\n<p>C&#039;est \u00e9galement un appareil dot\u00e9 d&#039;un triple appareil photo de 50 m\u00e9gapixels et assist\u00e9 de deux autres de 2MP et 5MP<\/p>\n<p>Appareil test\u00e9 IP68 et IP69K.<\/p>\n<p>L&#039;\u00e9cran mesure 6,58 pouces et dispose d&#039;une batterie de 8380 mAh, ainsi que d&#039;un syst\u00e8me d&#039;exploitation Android 11.<\/p>\n<h2><span style=\"font-size: 16px;\">IP68 : CE QUE VOUS POUVEZ ET NE POUVEZ PAS FAIRE<\/span><\/h2>\n<p>Si un appareil est certifi\u00e9 IP68, cela signifie qu&#039;il peut \u00eatre immerg\u00e9 dans l&#039;eau. <strong>eau douce<\/strong>\u00a0<strong>\u00e0 des profondeurs allant jusqu&#039;\u00e0 un m\u00e8tre pendant une dur\u00e9e maximale de 30 minutes \u00e0 condition que les protections terminales soient maintenues correctement scell\u00e9es.<\/strong><\/p>\n<p><strong>Nous vous laissons quelques conseils<\/strong>\u00a0<strong>pour tout terminal certifi\u00e9 IP68<\/strong>:<\/p>\n<ul>\n<li>N&#039;exposez pas le smartphone IP68 aux courants d&#039;eau tels que l&#039;eau du robinet, les vagues de l&#039;oc\u00e9an ou les cascades.<\/li>\n<li>Si votre smartphone IP68 a \u00e9t\u00e9 expos\u00e9 \u00e0 de l&#039;eau douce, s\u00e9chez-le soigneusement avec un chiffon propre et doux.<\/li>\n<li>Si le smartphone IP68 a \u00e9t\u00e9 expos\u00e9 \u00e0 un type de liquide autre que de l&#039;eau douce (comme l&#039;eau de mer), rincez imm\u00e9diatement l&#039;appareil d\u00e9licatement \u00e0 l&#039;eau douce et s\u00e9chez soigneusement avec un chiffon doux et propre.<\/li>\n<li>Si vous avez des doutes sur la bonne fermeture des protections.\u00a0<strong>NON\u00a0<\/strong>tu le mouilles.<\/li>\n<li>Nous vous d\u00e9conseillons d&#039;effectuer des tests agressifs pour d\u00e9montrer votre r\u00e9sistance.<\/li>\n<li>Il est d\u00e9conseill\u00e9 de manipuler les boutons de l&#039;appareil dans l&#039;eau.<\/li>\n<li>Il n&#039;est pas recommand\u00e9 d&#039;immerger l&#039;appareil dans l&#039;eau sal\u00e9e car la certification IP ne s&#039;applique qu&#039;\u00e0 l&#039;eau douce.<\/li>\n<\/ul>","protected":false},"excerpt":{"rendered":"<p>MediaTek Dimensity 700<\/p>\n<p>8 Go de RAM 128 Go de ROM<\/p>\n<p>Android 11 \u2013 5G | Capteur thermique<\/p>\n<p>176,2 mm * 83,5 mm * 17,7 mm<\/p>\n<p>\u00c9cran 6,58\u2033 Poids 367 g<\/p>\n<p>8380 mAh<\/p>\n<p>Mobile robuste avec NFC<\/p>","protected":false},"featured_media":3554,"comment_status":"closed","ping_status":"closed","template":"","meta":{"_acf_changed":false},"product_brand":[],"product_cat":[349],"product_tag":[184],"class_list":{"0":"post-6361","1":"product","2":"type-product","3":"status-publish","4":"has-post-thumbnail","6":"product_cat-sin-categoria","7":"product_tag-camara-termica","9":"first","10":"outofstock","11":"sale","12":"shipping-taxable","13":"purchasable","14":"product-type-variable","15":"has-default-attributes"},"acf":[],"_links":{"self":[{"href":"https:\/\/blackviewphones.com\/fr\/wp-json\/wp\/v2\/product\/6361","targetHints":{"allow":["GET"]}}],"collection":[{"href":"https:\/\/blackviewphones.com\/fr\/wp-json\/wp\/v2\/product"}],"about":[{"href":"https:\/\/blackviewphones.com\/fr\/wp-json\/wp\/v2\/types\/product"}],"replies":[{"embeddable":true,"href":"https:\/\/blackviewphones.com\/fr\/wp-json\/wp\/v2\/comments?post=6361"}],"version-history":[{"count":0,"href":"https:\/\/blackviewphones.com\/fr\/wp-json\/wp\/v2\/product\/6361\/revisions"}],"wp:featuredmedia":[{"embeddable":true,"href":"https:\/\/blackviewphones.com\/fr\/wp-json\/wp\/v2\/media\/3554"}],"wp:attachment":[{"href":"https:\/\/blackviewphones.com\/fr\/wp-json\/wp\/v2\/media?parent=6361"}],"wp:term":[{"taxonomy":"product_brand","embeddable":true,"href":"https:\/\/blackviewphones.com\/fr\/wp-json\/wp\/v2\/product_brand?post=6361"},{"taxonomy":"product_cat","embeddable":true,"href":"https:\/\/blackviewphones.com\/fr\/wp-json\/wp\/v2\/product_cat?post=6361"},{"taxonomy":"product_tag","embeddable":true,"href":"https:\/\/blackviewphones.com\/fr\/wp-json\/wp\/v2\/product_tag?post=6361"}],"curies":[{"name":"wp","href":"https:\/\/api.w.org\/{rel}","templated":true}]}}