

{"id":6351,"date":"2025-03-14T09:11:12","date_gmt":"2025-03-14T08:11:12","guid":{"rendered":"https:\/\/blackviewphones.com\/?post_type=product&#038;p=6351"},"modified":"2025-05-06T15:49:13","modified_gmt":"2025-05-06T13:49:13","slug":"bracelet-de-montre-blackview","status":"publish","type":"product","link":"https:\/\/blackviewphones.com\/fr\/product\/brazalete-de-reloj-blackview\/","title":{"rendered":"Bracelet de montre Blackview"},"content":{"rendered":"<p>Si votre bracelet de montre connect\u00e9e Blackview est endommag\u00e9, vous pouvez en acheter un nouveau sur ce site Web.<\/p>\n<p>Nous avons un bracelet de montre intelligente Blackview de couleur noire pour Blackview X5, Blackview R3 PRo, Blackview R6, Blackview R3 et R7 Pro.<\/p>\n<p>Choisissez celui qui vous convient le mieux, tous en noir, sauf le R3 Pro en vert.<\/p>\n<p>Bracelets originaux de la marque Blackview.<\/p>","protected":false},"excerpt":{"rendered":"<p>Si le bracelet de votre montre connect\u00e9e Blackview est endommag\u00e9, vous pouvez en acheter un nouveau sur ce site web. Nous proposons des bracelets noirs pour les montres connect\u00e9es Blackview X5, R3 Pro, R6, R3 et R7 Pro. Choisissez celui qui vous convient le mieux\u00a0; ils sont tous noirs, sauf\u2026<\/p>\n<div class=\"klb-readmore entry-button\"><a class=\"btn read-more\" href=\"https:\/\/blackviewphones.com\/fr\/product\/brazalete-de-reloj-blackview\/\">En savoir plus<\/a><\/div>","protected":false},"featured_media":3452,"comment_status":"closed","ping_status":"closed","template":"","meta":{"_acf_changed":false},"product_brand":[],"product_cat":[154],"product_tag":[],"class_list":{"0":"post-6351","1":"product","2":"type-product","3":"status-publish","4":"has-post-thumbnail","6":"product_cat-accesorios-blackview","8":"first","9":"instock","10":"shipping-taxable","11":"purchasable","12":"product-type-variable"},"acf":[],"_links":{"self":[{"href":"https:\/\/blackviewphones.com\/fr\/wp-json\/wp\/v2\/product\/6351","targetHints":{"allow":["GET"]}}],"collection":[{"href":"https:\/\/blackviewphones.com\/fr\/wp-json\/wp\/v2\/product"}],"about":[{"href":"https:\/\/blackviewphones.com\/fr\/wp-json\/wp\/v2\/types\/product"}],"replies":[{"embeddable":true,"href":"https:\/\/blackviewphones.com\/fr\/wp-json\/wp\/v2\/comments?post=6351"}],"version-history":[{"count":0,"href":"https:\/\/blackviewphones.com\/fr\/wp-json\/wp\/v2\/product\/6351\/revisions"}],"wp:featuredmedia":[{"embeddable":true,"href":"https:\/\/blackviewphones.com\/fr\/wp-json\/wp\/v2\/media\/3452"}],"wp:attachment":[{"href":"https:\/\/blackviewphones.com\/fr\/wp-json\/wp\/v2\/media?parent=6351"}],"wp:term":[{"taxonomy":"product_brand","embeddable":true,"href":"https:\/\/blackviewphones.com\/fr\/wp-json\/wp\/v2\/product_brand?post=6351"},{"taxonomy":"product_cat","embeddable":true,"href":"https:\/\/blackviewphones.com\/fr\/wp-json\/wp\/v2\/product_cat?post=6351"},{"taxonomy":"product_tag","embeddable":true,"href":"https:\/\/blackviewphones.com\/fr\/wp-json\/wp\/v2\/product_tag?post=6351"}],"curies":[{"name":"wp","href":"https:\/\/api.w.org\/{rel}","templated":true}]}}