

{"id":6181,"date":"2025-03-14T09:00:26","date_gmt":"2025-03-14T08:00:26","guid":{"rendered":"https:\/\/blackviewphones.com\/?post_type=product&#038;p=6181"},"modified":"2026-02-18T09:34:12","modified_gmt":"2026-02-18T08:34:12","slug":"support-de-telephone-pour-guidon-rotatif-a-360","status":"publish","type":"product","link":"https:\/\/blackviewphones.com\/fr\/product\/soporte-de-movil-para-manillar-giratorio-360o\/","title":{"rendered":"Support de t\u00e9l\u00e9phone portable rotatif \u00e0 360\u00b0 pour guidon"},"content":{"rendered":"<h1 style=\"text-align: left;\">Support de t\u00e9l\u00e9phone portable rotatif \u00e0 360\u00b0 pour guidon<\/h1>\n<h2 style=\"text-align: left;\">Support de t\u00e9l\u00e9phone portable pour v\u00e9lo, salle de sport ou caddie<\/h2>\n<p>Un accessoire indispensable si vous devez transporter votre t\u00e9l\u00e9phone sur votre v\u00e9lo, sur le tapis roulant \u00e0 la salle de sport ou dans un chariot de courses. Le support \u00e0 360\u00ba est id\u00e9al \u00e0 chaque instant. Le support de guidon rotatif \u00e0 360\u00b0 est le compagnon id\u00e9al pour les amateurs de v\u00e9lo et de technologie. Sa conception innovante permet une vue compl\u00e8te sous n&#039;importe quel angle, garantissant que votre smartphone reste \u00e0 port\u00e9e de main et visible \u00e0 tout moment. Disponible dans une vari\u00e9t\u00e9 de couleurs vives, ce support est non seulement fonctionnel, mais aussi un accessoire qui ajoute une touche personnelle et du style \u00e0 votre v\u00e9lo.<\/p>\n<p>Article : Support de t\u00e9l\u00e9phone<\/p>\n<p>Dimensions compactes : 7,0 x 4,8 x 2,7 cm, discr\u00e8tes et pratiques.<\/p>\n<p>Id\u00e9al pour les cyclistes : garde votre smartphone en s\u00e9curit\u00e9 et accessible.<\/p>\n<p>Compatibilit\u00e9 universelle : r\u00e9glable pour s&#039;adapter \u00e0 n&#039;importe quel smartphone de 8,35 mm \u00e0 15 mm d&#039;\u00e9paisseur<\/p>\n<p>Convient : Convient aux smartphones de 3,5&quot; \u00e0 6,7&quot; (notez l&#039;\u00e9paisseur ci-dessus)<\/p>\n<p>Poids net : 20 g<\/p>","protected":false},"excerpt":{"rendered":"<p>Support de t\u00e9l\u00e9phone rotatif \u00e0 360\u00b0 pour guidon. Un accessoire indispensable pour emporter votre t\u00e9l\u00e9phone \u00e0 v\u00e9lo, sur un tapis de course ou dans un caddie. Ce support \u00e0 360\u00b0 est id\u00e9al en toutes circonstances. Le support de t\u00e9l\u00e9phone rotatif \u00e0 360\u00b0 pour guidon est le compagnon id\u00e9al pour\u2026<\/p>\n<div class=\"klb-readmore entry-button\"><a class=\"btn read-more\" href=\"https:\/\/blackviewphones.com\/fr\/product\/soporte-de-movil-para-manillar-giratorio-360o\/\">En savoir plus<\/a><\/div>","protected":false},"featured_media":3282,"comment_status":"closed","ping_status":"closed","template":"","meta":{"_acf_changed":false},"product_brand":[],"product_cat":[154,330],"product_tag":[],"class_list":{"0":"post-6181","1":"product","2":"type-product","3":"status-publish","4":"has-post-thumbnail","6":"product_cat-accesorios-blackview","7":"product_cat-accesorios-blackview-accesorios-para-moviles","9":"first","10":"outofstock","11":"shipping-taxable","12":"purchasable","13":"product-type-variable","14":"has-default-attributes"},"acf":[],"_links":{"self":[{"href":"https:\/\/blackviewphones.com\/fr\/wp-json\/wp\/v2\/product\/6181","targetHints":{"allow":["GET"]}}],"collection":[{"href":"https:\/\/blackviewphones.com\/fr\/wp-json\/wp\/v2\/product"}],"about":[{"href":"https:\/\/blackviewphones.com\/fr\/wp-json\/wp\/v2\/types\/product"}],"replies":[{"embeddable":true,"href":"https:\/\/blackviewphones.com\/fr\/wp-json\/wp\/v2\/comments?post=6181"}],"version-history":[{"count":0,"href":"https:\/\/blackviewphones.com\/fr\/wp-json\/wp\/v2\/product\/6181\/revisions"}],"wp:featuredmedia":[{"embeddable":true,"href":"https:\/\/blackviewphones.com\/fr\/wp-json\/wp\/v2\/media\/3282"}],"wp:attachment":[{"href":"https:\/\/blackviewphones.com\/fr\/wp-json\/wp\/v2\/media?parent=6181"}],"wp:term":[{"taxonomy":"product_brand","embeddable":true,"href":"https:\/\/blackviewphones.com\/fr\/wp-json\/wp\/v2\/product_brand?post=6181"},{"taxonomy":"product_cat","embeddable":true,"href":"https:\/\/blackviewphones.com\/fr\/wp-json\/wp\/v2\/product_cat?post=6181"},{"taxonomy":"product_tag","embeddable":true,"href":"https:\/\/blackviewphones.com\/fr\/wp-json\/wp\/v2\/product_tag?post=6181"}],"curies":[{"name":"wp","href":"https:\/\/api.w.org\/{rel}","templated":true}]}}