

{"id":6177,"date":"2025-03-14T09:00:21","date_gmt":"2025-03-14T08:00:21","guid":{"rendered":"https:\/\/blackviewphones.com\/?post_type=product&#038;p=6177"},"modified":"2026-05-04T10:48:13","modified_gmt":"2026-05-04T08:48:13","slug":"etui-vertical-en-nylon-pour-telephone-portable-blackview","status":"publish","type":"product","link":"https:\/\/blackviewphones.com\/fr\/product\/funda-movil-nylon-blackview-vertical\/","title":{"rendered":"\u00c9tui vertical en nylon pour t\u00e9l\u00e9phone portable Blackview"},"content":{"rendered":"<h1>\u00c9tui vertical en nylon pour t\u00e9l\u00e9phone portable Blackview<\/h1>\n<p><strong>Id\u00e9al pour transporter votre appareil toujours pr\u00e8s de vous et tr\u00e8s bien prot\u00e9g\u00e9 dans l&#039;\u00e9tui mobile vertical Blackview<\/strong><\/p>\n<p><span class=\"a-list-item\">\u00c9tui vertical pour t\u00e9l\u00e9phone Blackview Mat\u00e9riau : Fabriqu\u00e9 en nylon Cordura 1000 deniers imperm\u00e9able.\u00a0<\/span><\/p>\n<p><span class=\"a-list-item\">Taille universelle : convient \u00e0 tous les appareils Blackview.<\/span><\/p>\n<p><span class=\"a-list-item\">Dimensions : 17,78 x 8,38 x 2,54 cm.<\/span><\/p>\n<p><span class=\"a-list-item\">Extr\u00eamement solide et durable, fermeture velcro avec sangles de ceinture \u00e0 l&#039;arri\u00e8re.<\/span><\/p>\n<p>\u00a0<\/p>","protected":false},"excerpt":{"rendered":"<p>\u00c9tui vertical en nylon pour t\u00e9l\u00e9phone Blackview. Id\u00e9al pour garder votre appareil \u00e0 port\u00e9e de main et le prot\u00e9ger efficacement. Mati\u00e8re\u00a0: Nylon Cordura 1000 deniers imperm\u00e9able. Taille universelle\u00a0: Compatible avec tous les appareils Blackview. Dimensions\u00a0: 17,78 x 8,38 x 2,54\u00a0cm. Extr\u00eamement r\u00e9sistant.<\/p>\n<div class=\"klb-readmore entry-button\"><a class=\"btn read-more\" href=\"https:\/\/blackviewphones.com\/fr\/product\/funda-movil-nylon-blackview-vertical\/\">En savoir plus<\/a><\/div>","protected":false},"featured_media":3273,"comment_status":"closed","ping_status":"closed","template":"","meta":{"_acf_changed":false},"product_brand":[],"product_cat":[330,154],"product_tag":[],"class_list":{"0":"post-6177","1":"product","2":"type-product","3":"status-publish","4":"has-post-thumbnail","6":"product_cat-accesorios-blackview-accesorios-para-moviles","7":"product_cat-accesorios-blackview","9":"first","10":"instock","11":"shipping-taxable","12":"purchasable","13":"product-type-variable","14":"has-default-attributes"},"acf":[],"_links":{"self":[{"href":"https:\/\/blackviewphones.com\/fr\/wp-json\/wp\/v2\/product\/6177","targetHints":{"allow":["GET"]}}],"collection":[{"href":"https:\/\/blackviewphones.com\/fr\/wp-json\/wp\/v2\/product"}],"about":[{"href":"https:\/\/blackviewphones.com\/fr\/wp-json\/wp\/v2\/types\/product"}],"replies":[{"embeddable":true,"href":"https:\/\/blackviewphones.com\/fr\/wp-json\/wp\/v2\/comments?post=6177"}],"version-history":[{"count":0,"href":"https:\/\/blackviewphones.com\/fr\/wp-json\/wp\/v2\/product\/6177\/revisions"}],"wp:featuredmedia":[{"embeddable":true,"href":"https:\/\/blackviewphones.com\/fr\/wp-json\/wp\/v2\/media\/3273"}],"wp:attachment":[{"href":"https:\/\/blackviewphones.com\/fr\/wp-json\/wp\/v2\/media?parent=6177"}],"wp:term":[{"taxonomy":"product_brand","embeddable":true,"href":"https:\/\/blackviewphones.com\/fr\/wp-json\/wp\/v2\/product_brand?post=6177"},{"taxonomy":"product_cat","embeddable":true,"href":"https:\/\/blackviewphones.com\/fr\/wp-json\/wp\/v2\/product_cat?post=6177"},{"taxonomy":"product_tag","embeddable":true,"href":"https:\/\/blackviewphones.com\/fr\/wp-json\/wp\/v2\/product_tag?post=6177"}],"curies":[{"name":"wp","href":"https:\/\/api.w.org\/{rel}","templated":true}]}}