

{"id":6176,"date":"2025-03-14T09:00:19","date_gmt":"2025-03-14T08:00:19","guid":{"rendered":"https:\/\/blackviewphones.com\/?post_type=product&#038;p=6176"},"modified":"2026-04-14T12:36:37","modified_gmt":"2026-04-14T10:36:37","slug":"adaptateur-de-charge-blackview","status":"publish","type":"product","link":"https:\/\/blackviewphones.com\/fr\/product\/blackview-adaptador-de-carga\/","title":{"rendered":"Adaptateur de charge Blackview"},"content":{"rendered":"<h1>Adaptateur de charge Blackview<\/h1>\n<h2 class=\"product_title entry-title\">Adaptateur Type C vers Type C long<\/h2>\n<p><span class=\"a-list-item\">Adaptateur Blackview Type C \u2013 Type C Long.<\/span><\/p>\n<ul class=\"a-unordered-list a-vertical a-spacing-none\">\n<li><span class=\"a-list-item\">Micro Type C vers Type C Long, l&#039;adaptateur r\u00e9pond \u00e0 toutes les normes techniques pour une utilisation avec tous les produits Type C\u00a0; y compris les ordinateurs portables et les t\u00e9l\u00e9phones mobiles.<\/span><\/li>\n<li><span class=\"a-list-item\">Adaptateur avec Type C vers Type C Long, peut synchroniser, charger et transf\u00e9rer des donn\u00e9es. (non OTG).<\/span><\/li>\n<li><span class=\"a-list-item\">Conception : Plus petit et plus confortable. Le connecteur \u00e0 profil bas avec une conception r\u00e9versible simplifie la connexion\u00a0; Branchez et d\u00e9branchez facilement sans v\u00e9rifier l&#039;orientation du connecteur.<\/span><\/li>\n<li><span class=\"a-list-item\">Des mat\u00e9riaux de haute qualit\u00e9 garantissent la fiabilit\u00e9 et permettent une charge et un transfert ultra-rapides.<\/span><\/li>\n<\/ul>\n<h2>Adaptateur Micro USB Blackview \u2013 Type Micro USB long<\/h2>\n<ul>\n<li>L&#039;adaptateur long Blackview Micro USB Type C vers Micro USB est compatible avec divers appareils Blackview, notamment les ordinateurs portables et les t\u00e9l\u00e9phones portables.<\/li>\n<li>Adaptateur avec Micro USB vers Long Micro USB, vous pouvez synchroniser, charger et transf\u00e9rer des donn\u00e9es de vos appareils de type Micro USB vers Long Micro USB classiques en utilisant son entr\u00e9e micro<\/li>\n<li>USB standard. (non-OTG), chargeurs, cela vous permet de connecter des cl\u00e9s USB, des claviers et d&#039;autres p\u00e9riph\u00e9riques micro USB \u00e0 votre p\u00e9riph\u00e9rique micro USB.<\/li>\n<li>Conception r\u00e9versible : plus petit et plus confortable. Le connecteur \u00e0 profil bas avec une conception r\u00e9versible simplifie la connexion\u00a0; Branchez et d\u00e9branchez facilement sans v\u00e9rifier l&#039;orientation du connecteur.<\/li>\n<li>Des mat\u00e9riaux de haute qualit\u00e9 garantissent la fiabilit\u00e9 et permettent une charge et un transfert ultra-rapides.<\/li>\n<\/ul>\n<h2>Adaptateur micro USB Blackview \u2013 Type C long<\/h2>\n<ul>\n<li>L&#039;adaptateur Micro USB vers Type C r\u00e9pond \u00e0 toutes les normes techniques pour une utilisation avec tous les produits Type C\u00a0; y compris les ordinateurs portables et les t\u00e9l\u00e9phones mobiles.<\/li>\n<li>Adaptateur avec Micro USB vers Type C, peut synchroniser, charger et transf\u00e9rer des donn\u00e9es. (non OTG).<\/li>\n<li>Conception : Plus petit et plus confortable. Le connecteur \u00e0 profil bas avec une conception r\u00e9versible simplifie la connexion\u00a0; Branchez et d\u00e9branchez facilement sans v\u00e9rifier l&#039;orientation du connecteur.<\/li>\n<li>Des mat\u00e9riaux de haute qualit\u00e9 garantissent la fiabilit\u00e9 et permettent une charge et un transfert ultra-rapides.<\/li>\n<\/ul>","protected":false},"excerpt":{"rendered":"<p>Blackview Adaptador de Carga Adaptador de Tipo C a Tipo C Largo Blackview Adaptador Tipo C &#8211; Tipo C Largo. Micro Tipo C a Tipo C Largo, adaptador cumple con todas las normas t\u00e9cnicas para utilizar con todos los productos Tipo C; incluyendo ordenadores port\u00e1tiles y tel\u00e9fonos m\u00f3viles. Adaptador con Tipo C a Tipo C<\/p>\n<div class=\"klb-readmore entry-button\"><a class=\"btn read-more\" href=\"https:\/\/blackviewphones.com\/fr\/product\/blackview-adaptador-de-carga\/\">En savoir plus<\/a><\/div>","protected":false},"featured_media":3271,"comment_status":"closed","ping_status":"closed","template":"","meta":{"_acf_changed":false},"product_brand":[],"product_cat":[154],"product_tag":[],"class_list":{"0":"post-6176","1":"product","2":"type-product","3":"status-publish","4":"has-post-thumbnail","6":"product_cat-accesorios-blackview","8":"first","9":"instock","10":"shipping-taxable","11":"purchasable","12":"product-type-variable"},"acf":[],"_links":{"self":[{"href":"https:\/\/blackviewphones.com\/fr\/wp-json\/wp\/v2\/product\/6176","targetHints":{"allow":["GET"]}}],"collection":[{"href":"https:\/\/blackviewphones.com\/fr\/wp-json\/wp\/v2\/product"}],"about":[{"href":"https:\/\/blackviewphones.com\/fr\/wp-json\/wp\/v2\/types\/product"}],"replies":[{"embeddable":true,"href":"https:\/\/blackviewphones.com\/fr\/wp-json\/wp\/v2\/comments?post=6176"}],"version-history":[{"count":0,"href":"https:\/\/blackviewphones.com\/fr\/wp-json\/wp\/v2\/product\/6176\/revisions"}],"wp:featuredmedia":[{"embeddable":true,"href":"https:\/\/blackviewphones.com\/fr\/wp-json\/wp\/v2\/media\/3271"}],"wp:attachment":[{"href":"https:\/\/blackviewphones.com\/fr\/wp-json\/wp\/v2\/media?parent=6176"}],"wp:term":[{"taxonomy":"product_brand","embeddable":true,"href":"https:\/\/blackviewphones.com\/fr\/wp-json\/wp\/v2\/product_brand?post=6176"},{"taxonomy":"product_cat","embeddable":true,"href":"https:\/\/blackviewphones.com\/fr\/wp-json\/wp\/v2\/product_cat?post=6176"},{"taxonomy":"product_tag","embeddable":true,"href":"https:\/\/blackviewphones.com\/fr\/wp-json\/wp\/v2\/product_tag?post=6176"}],"curies":[{"name":"wp","href":"https:\/\/api.w.org\/{rel}","templated":true}]}}