

{"id":6138,"date":"2025-03-14T08:58:28","date_gmt":"2025-03-14T07:58:28","guid":{"rendered":"https:\/\/blackviewphones.com\/?post_type=product&#038;p=6138"},"modified":"2025-08-28T18:16:11","modified_gmt":"2025-08-28T16:16:11","slug":"etui-de-protection-pour-blackview-tab","status":"publish","type":"product","link":"https:\/\/blackviewphones.com\/fr\/produit\/etui-de-protection-pour-blackview-tab\/","title":{"rendered":"\u00c9tui de protection pour Blackview Tab"},"content":{"rendered":"<h1>\u00c9tui de protection pour Blackview Tab<\/h1>\n<p>L&#039;\u00e9tui de protection pour Blackview Tab est indispensable pour transporter votre Tab 8 ou Tab 10 Pro partout avec vous. Ses plis vous permettent de la poser sur une table ou un bureau sans utiliser vos mains. Il est \u00e9galement dot\u00e9 des ouvertures n\u00e9cessaires pour un casque et un chargeur.<\/p>\n<p>Nous expliquons mieux ses caract\u00e9ristiques ci-dessous :<\/p>\n<ul class=\"a-unordered-list a-vertical a-spacing-mini\">\n<li><span class=\"a-list-item\">Sp\u00e9cialement con\u00e7u pour Blackview Tab.<\/span><\/li>\n<li><span class=\"a-list-item\">MAT\u00c9RIAU DE HAUTE QUALIT\u00c9 \u2013 Fabriqu\u00e9 en mat\u00e9riau de haute qualit\u00e9 \u00e0 l&#039;ext\u00e9rieur et en silicone \u00e0 l&#039;int\u00e9rieur pour un toucher confortable et une utilisation durable, tout en offrant une protection ultime.<\/span><\/li>\n<li><span class=\"a-list-item\">ID\u00c9AL POUR LE TENIR \u2013<\/span>Pliez-le pour cr\u00e9er un support pour regarder des vid\u00e9os, jouer \u00e0 des jeux ou travailler<\/li>\n<li><span class=\"a-list-item\">ACC\u00c8S FACILE \u00c0 TOUS LES BOUTONS \u2013 Ultra compact et d\u00e9coup\u00e9 avec pr\u00e9cision pour pr\u00e9server un acc\u00e8s complet \u00e0 tous les boutons sans retirer l&#039;\u00e9tui tels que le chargement, l&#039;\u00e9coute de musique, etc.<\/span><\/li>\n<\/ul>","protected":false},"excerpt":{"rendered":"<p>\u00c9tui de protection Blackview pour tablette. L&#039;\u00e9tui de protection Blackview est indispensable pour emporter votre Tab 8 ou Tab 10 Pro partout avec vous. Son design pliable permet de la poser en mode mains libres sur une table ou un bureau, et il dispose des ouvertures n\u00e9cessaires pour les \u00e9couteurs et le chargeur. D\u00e9couvrons ses caract\u00e9ristiques plus en d\u00e9tail.<\/p>\n<div class=\"klb-readmore entry-button\"><a class=\"btn read-more\" href=\"https:\/\/blackviewphones.com\/fr\/produit\/etui-de-protection-pour-blackview-tab\/\">En savoir plus<\/a><\/div>","protected":false},"featured_media":3202,"comment_status":"open","ping_status":"closed","template":"","meta":{"_acf_changed":false},"product_brand":[],"product_cat":[154],"product_tag":[],"class_list":{"0":"post-6138","1":"product","2":"type-product","3":"status-publish","4":"has-post-thumbnail","6":"product_cat-accesorios-blackview","8":"first","9":"outofstock","10":"shipping-taxable","11":"purchasable","12":"product-type-variable"},"acf":[],"_links":{"self":[{"href":"https:\/\/blackviewphones.com\/fr\/wp-json\/wp\/v2\/product\/6138","targetHints":{"allow":["GET"]}}],"collection":[{"href":"https:\/\/blackviewphones.com\/fr\/wp-json\/wp\/v2\/product"}],"about":[{"href":"https:\/\/blackviewphones.com\/fr\/wp-json\/wp\/v2\/types\/product"}],"replies":[{"embeddable":true,"href":"https:\/\/blackviewphones.com\/fr\/wp-json\/wp\/v2\/comments?post=6138"}],"version-history":[{"count":0,"href":"https:\/\/blackviewphones.com\/fr\/wp-json\/wp\/v2\/product\/6138\/revisions"}],"wp:featuredmedia":[{"embeddable":true,"href":"https:\/\/blackviewphones.com\/fr\/wp-json\/wp\/v2\/media\/3202"}],"wp:attachment":[{"href":"https:\/\/blackviewphones.com\/fr\/wp-json\/wp\/v2\/media?parent=6138"}],"wp:term":[{"taxonomy":"product_brand","embeddable":true,"href":"https:\/\/blackviewphones.com\/fr\/wp-json\/wp\/v2\/product_brand?post=6138"},{"taxonomy":"product_cat","embeddable":true,"href":"https:\/\/blackviewphones.com\/fr\/wp-json\/wp\/v2\/product_cat?post=6138"},{"taxonomy":"product_tag","embeddable":true,"href":"https:\/\/blackviewphones.com\/fr\/wp-json\/wp\/v2\/product_tag?post=6138"}],"curies":[{"name":"wp","href":"https:\/\/api.w.org\/{rel}","templated":true}]}}