

{"id":6099,"date":"2025-03-14T08:57:21","date_gmt":"2025-03-14T07:57:21","guid":{"rendered":"https:\/\/blackviewphones.com\/?post_type=product&#038;p=6099"},"modified":"2025-12-18T13:14:07","modified_gmt":"2025-12-18T12:14:07","slug":"cable-otg-blackview","status":"publish","type":"product","link":"https:\/\/blackviewphones.com\/fr\/product\/blackview-cable-otg\/","title":{"rendered":"C\u00e2ble OTG Blackview"},"content":{"rendered":"<div class=\"row\">\n<div class=\"col-xs-12\">\n<h1 class=\"a-size-large a-spacing-none\">C\u00e2ble OTG Blackview<\/h1>\n<ul>\n<li style=\"list-style-type: none;\">\n<ul class=\"a-unordered-list a-vertical a-spacing-none\">\n<li><span class=\"a-list-item\">Notre c\u00e2ble Blackview OTG permet la connexion d&#039;un USB ou d&#039;appareils.<\/span><\/li>\n<li><span class=\"a-list-item\">Vous pouvez facilement connecter un clavier USB, une souris USB ou une cl\u00e9 USB \u00e0 votre t\u00e9l\u00e9phone.<\/span><\/li>\n<li><span class=\"a-list-item\">Vous pouvez contr\u00f4ler votre smartphone, m\u00eame si l&#039;\u00e9cran est cass\u00e9, et sauvegarder vos donn\u00e9es importantes. Votre appareil doit \u00eatre compatible OTG.<\/span><\/li>\n<\/ul>\n<\/li>\n<\/ul>\n<\/div>\n<\/div>","protected":false},"excerpt":{"rendered":"<ul>\n<li>\n<h5 class=\"a-size-large a-spacing-none\">Vous pouvez contr\u00f4ler votre smartphone \u2013 m\u00eame si l\u2019\u00e9cran est cass\u00e9 \u2013 et sauvegarder vos donn\u00e9es importantes. Votre appareil doit prendre en charge OTG.<\/h5>\n<\/li>\n<\/ul>","protected":false},"featured_media":3113,"comment_status":"closed","ping_status":"closed","template":"","meta":{"_acf_changed":false},"product_brand":[],"product_cat":[154,330,331],"product_tag":[],"class_list":{"0":"post-6099","1":"product","2":"type-product","3":"status-publish","4":"has-post-thumbnail","6":"product_cat-accesorios-blackview","7":"product_cat-accesorios-blackview-accesorios-para-moviles","8":"product_cat-accesorios-blackview-accesorios-para-tablets","10":"first","11":"instock","12":"purchasable","13":"product-type-variable"},"acf":[],"_links":{"self":[{"href":"https:\/\/blackviewphones.com\/fr\/wp-json\/wp\/v2\/product\/6099","targetHints":{"allow":["GET"]}}],"collection":[{"href":"https:\/\/blackviewphones.com\/fr\/wp-json\/wp\/v2\/product"}],"about":[{"href":"https:\/\/blackviewphones.com\/fr\/wp-json\/wp\/v2\/types\/product"}],"replies":[{"embeddable":true,"href":"https:\/\/blackviewphones.com\/fr\/wp-json\/wp\/v2\/comments?post=6099"}],"version-history":[{"count":0,"href":"https:\/\/blackviewphones.com\/fr\/wp-json\/wp\/v2\/product\/6099\/revisions"}],"wp:featuredmedia":[{"embeddable":true,"href":"https:\/\/blackviewphones.com\/fr\/wp-json\/wp\/v2\/media\/3113"}],"wp:attachment":[{"href":"https:\/\/blackviewphones.com\/fr\/wp-json\/wp\/v2\/media?parent=6099"}],"wp:term":[{"taxonomy":"product_brand","embeddable":true,"href":"https:\/\/blackviewphones.com\/fr\/wp-json\/wp\/v2\/product_brand?post=6099"},{"taxonomy":"product_cat","embeddable":true,"href":"https:\/\/blackviewphones.com\/fr\/wp-json\/wp\/v2\/product_cat?post=6099"},{"taxonomy":"product_tag","embeddable":true,"href":"https:\/\/blackviewphones.com\/fr\/wp-json\/wp\/v2\/product_tag?post=6099"}],"curies":[{"name":"wp","href":"https:\/\/api.w.org\/{rel}","templated":true}]}}