

{"id":4986,"date":"2025-01-17T16:43:29","date_gmt":"2025-01-17T15:43:29","guid":{"rendered":"https:\/\/blackviewphones.com\/?product=portatil-blackview-acebook-12-10th-16-gb-ram-512-gb-rom-gris"},"modified":"2026-01-07T10:46:50","modified_gmt":"2026-01-07T09:46:50","slug":"ordinateur-portable-blackview-acebook-12-10th-16-go-de-ram-512-go-de-rom","status":"publish","type":"product","link":"https:\/\/blackviewphones.com\/fr\/product\/portatil-blackview-acebook-12-10th-16-gb-ram-512-gb-rom\/","title":{"rendered":"Blackview Acebook 12 10e ordinateur portable | 16 Go de RAM 512 Go de ROM"},"content":{"rendered":"<h1>Blackview Acebook 12 10e ordinateur portable | 16 Go de RAM 512 Go de ROM<\/h1>\n<p>D\u00e9couvrez le\u00a0<strong>Ordinateur portable Blackview Acebook 12<\/strong>\u00a0Le 10\u00e8me avec processeur Core i5 1030 NG7 est arriv\u00e9 pour r\u00e9volutionner votre exp\u00e9rience technologique. Avec un design \u00e9l\u00e9gant et des fonctionnalit\u00e9s innovantes, cette tablette offre puissance, polyvalence et performances exceptionnelles. Il dispose d&#039;un \u00e9cran 16\u2033 60 Hz, de 16 Go de RAM et de 512 Go de ROM. De plus, il est livr\u00e9 avec Windows 11 pr\u00e9install\u00e9 avec la technologie AI.<\/p>\n<h2><strong>Ordinateur portable rotatif \u00e0 180\u00b0 : une flexibilit\u00e9 in\u00e9gal\u00e9e, toujours pr\u00eat<\/strong><\/h2>\n<p>L&#039;Apple 12 est dot\u00e9 d&#039;une charni\u00e8re rotative \u00e0 180\u00b0, vous permettant d&#039;ajuster l&#039;\u00e9cran \u00e0 n&#039;importe quel angle entre 0\u00b0 et 180\u00b0, s&#039;adaptant parfaitement \u00e0 vos besoins. Que vous partagiez des \u00e9crans, collaboriez avec des coll\u00e8gues ou fassiez une pr\u00e9sentation \u00e0 un groupe, vous trouverez toujours l&#039;angle parfait.<\/p>\n<h2><strong>Son surround 3D, immersion \u00e0 360\u00b0 : une meilleure exp\u00e9rience audio<\/strong><\/h2>\n<p>Ressentez la profondeur, exp\u00e9rimentez le son. Gr\u00e2ce \u00e0 des algorithmes de traitement audio avanc\u00e9s et \u00e0 la simulation d&#039;un son multicanal, Apple 12 offre une immersion de qualit\u00e9 cin\u00e9ma via des haut-parleurs st\u00e9r\u00e9o ou des \u00e9couteurs. Chaque note prend vie et chaque d\u00e9tail est d&#039;une clart\u00e9 cristalline.<\/p>\n<p><strong data-start=\"132\" data-end=\"175\">Informations importantes sur le clavier<\/strong><br data-start=\"175\" data-end=\"178\" \/>Ce produit est un <strong data-start=\"198\" data-end=\"235\">clavier QWERTY externe (s\u00e9par\u00e9)<\/strong>, ainsi <strong data-start=\"248\" data-end=\"275\">n&#039;inclut pas la touche \u00ab \u00d1 \u00bb<\/strong>.<\/p>\n<p><strong style=\"font-size: 16px;\">Ordinateur portable de marque Blackview, mais il n&#039;est pas IP68, il ne peut pas \u00eatre mouill\u00e9 ou frapp\u00e9.<\/strong><\/p>\n<p>&nbsp;<\/p>","protected":false},"excerpt":{"rendered":"<p><strong data-start=\"132\" data-end=\"175\">Informations importantes sur le clavier<\/strong><br data-start=\"175\" data-end=\"178\" \/>Ce produit est un <strong data-start=\"198\" data-end=\"235\">clavier QWERTY externe (s\u00e9par\u00e9)<\/strong>, ainsi <strong data-start=\"248\" data-end=\"275\">n&#039;inclut pas la touche \u00ab \u00d1 \u00bb<\/strong>.<\/p>\n<p>Processeur Intel\u00ae Core i5 \u2013 1030 NG7<\/p>\n<p>Puissant processeur graphique Intel\u00ae Iris\u00ae Plus<\/p>\n<p>359,52*233,83*18 mm<\/p>\n<p>\u00c9cran 16\u2033 | Poids 1,6 kg<\/p>\n<p>5000 mAh | Windows 11 Pro pr\u00e9install\u00e9<\/p>\n<p>16 Go de RAM 512 Go de ROM<\/p>","protected":false},"featured_media":4982,"comment_status":"open","ping_status":"closed","template":"","meta":{"_acf_changed":false},"product_brand":[287],"product_cat":[349],"product_tag":[],"class_list":{"0":"post-4986","1":"product","2":"type-product","3":"status-publish","4":"has-post-thumbnail","6":"product_brand-blackview","7":"product_cat-sin-categoria","9":"first","10":"outofstock","11":"sale","12":"featured","13":"shipping-taxable","14":"purchasable","15":"product-type-variable","16":"has-default-attributes"},"acf":[],"_links":{"self":[{"href":"https:\/\/blackviewphones.com\/fr\/wp-json\/wp\/v2\/product\/4986","targetHints":{"allow":["GET"]}}],"collection":[{"href":"https:\/\/blackviewphones.com\/fr\/wp-json\/wp\/v2\/product"}],"about":[{"href":"https:\/\/blackviewphones.com\/fr\/wp-json\/wp\/v2\/types\/product"}],"replies":[{"embeddable":true,"href":"https:\/\/blackviewphones.com\/fr\/wp-json\/wp\/v2\/comments?post=4986"}],"version-history":[{"count":0,"href":"https:\/\/blackviewphones.com\/fr\/wp-json\/wp\/v2\/product\/4986\/revisions"}],"wp:featuredmedia":[{"embeddable":true,"href":"https:\/\/blackviewphones.com\/fr\/wp-json\/wp\/v2\/media\/4982"}],"wp:attachment":[{"href":"https:\/\/blackviewphones.com\/fr\/wp-json\/wp\/v2\/media?parent=4986"}],"wp:term":[{"taxonomy":"product_brand","embeddable":true,"href":"https:\/\/blackviewphones.com\/fr\/wp-json\/wp\/v2\/product_brand?post=4986"},{"taxonomy":"product_cat","embeddable":true,"href":"https:\/\/blackviewphones.com\/fr\/wp-json\/wp\/v2\/product_cat?post=4986"},{"taxonomy":"product_tag","embeddable":true,"href":"https:\/\/blackviewphones.com\/fr\/wp-json\/wp\/v2\/product_tag?post=4986"}],"curies":[{"name":"wp","href":"https:\/\/api.w.org\/{rel}","templated":true}]}}