

{"id":4892,"date":"2025-01-17T16:43:03","date_gmt":"2025-01-17T15:43:03","guid":{"rendered":"https:\/\/blackviewphones.com\/?product=blackview-bv7300-luz-de-camping-18-gb-ram-256-gb-rom-negro"},"modified":"2026-04-27T16:24:12","modified_gmt":"2026-04-27T14:24:12","slug":"lampe-de-camping-blackview-bv7300-18-go-de-ram-256-go-de-rom","status":"publish","type":"product","link":"https:\/\/blackviewphones.com\/fr\/product\/blackview-bv7300-luz-de-camping-18-gb-ram-256-gb-rom\/","title":{"rendered":"Blackview BV7300 \u2013 Lampe de camping | 18 Go de RAM + 256 Go de ROM"},"content":{"rendered":"<h1>Lampe de camping Blackview BV7300 | 18 Go (6 Go + 12 Go) de RAM + 256 Go de ROM<\/h1>\n<p>Le Blackview BV7300 est un smartphone robuste de 6,67 pouces dot\u00e9 d&#039;une lampe torche de 800 lumens. Con\u00e7u pour une durabilit\u00e9 exceptionnelle, il r\u00e9siste aux chutes et aux chocs du quotidien. Il est \u00e9quip\u00e9 d&#039;un voyant lumineux, de la technologie NFC, d&#039;un processeur MediaTek Helio G81, jusqu&#039;\u00e0 18 Go de RAM et 256 Go de ROM extensible jusqu&#039;\u00e0 2 To via une carte microSD. Il dispose \u00e9galement d&#039;un appareil photo principal de 50 MP et d&#039;une cam\u00e9ra de vision nocturne de 20 MP.<\/p>\n<p>Activez la lampe ou la lampe de camping avec la touche lat\u00e9rale orange ; vous devez activer cette fonction \u00e0 partir des param\u00e8tres au pr\u00e9alable. Il permet \u00e9galement d&#039;activer la fonction d&#039;enregistrement des appels.<\/p>\n<h2><span style=\"font-size: 16px;\">IP68 : CE QUE VOUS POUVEZ ET NE POUVEZ PAS FAIRE<\/span><\/h2>\n<p>Si un appareil est certifi\u00e9 IP68, cela signifie qu&#039;il peut \u00eatre immerg\u00e9 dans l&#039;eau. <strong>eau douce<\/strong>\u00a0<strong>\u00e0 des profondeurs allant jusqu&#039;\u00e0 un m\u00e8tre pendant une dur\u00e9e maximale de 30 minutes \u00e0 condition que les protections terminales soient maintenues correctement scell\u00e9es.<\/strong><\/p>\n<p><strong>Nous vous laissons quelques conseils<\/strong>\u00a0<strong>pour tout terminal certifi\u00e9 IP68<\/strong>:<\/p>\n<ul>\n<li>N&#039;exposez pas le smartphone IP68 aux courants d&#039;eau tels que l&#039;eau du robinet, les vagues de l&#039;oc\u00e9an ou les cascades.<\/li>\n<li>De plus, si votre smartphone IP68 a \u00e9t\u00e9 expos\u00e9 \u00e0 l\u2019eau douce, s\u00e9chez-le soigneusement avec un chiffon propre et doux.<\/li>\n<li>Si le smartphone IP68 a \u00e9t\u00e9 expos\u00e9 \u00e0 un type de liquide autre que de l\u2019eau douce (comme l\u2019eau de mer), rincez imm\u00e9diatement l\u2019appareil \u00e0 l\u2019eau douce douce et s\u00e9chez soigneusement avec un chiffon doux et propre.<\/li>\n<li>Si vous avez des doutes sur la bonne fermeture des protections.\u00a0<strong>NON\u00a0<\/strong>tu le mouilles.<\/li>\n<li>\u00c9vitez les tests agressifs pour d\u00e9montrer votre endurance<\/li>\n<li>Il est d\u00e9conseill\u00e9 de manipuler les boutons de l&#039;appareil dans l&#039;eau.<\/li>\n<li>Il est recommand\u00e9 de NE PAS mouiller l&#039;appareil dans de l&#039;eau sal\u00e9e, car la certification IP ne s&#039;applique qu&#039;\u00e0 l&#039;eau douce.<\/li>\n<\/ul>","protected":false},"excerpt":{"rendered":"<p>MediaTek Helio G81<\/p>\n<p>6 Go + 12 Go de RAM 256 Go de ROM<\/p>\n<p>Android 14 | 15 000 mAh<\/p>\n<p>85 mm * 186,2 mm * 24 mm<\/p>\n<p>\u00c9cran 6,67\u2033 | Poids 528 grammes<\/p>\n<p>Fonction d&#039;enregistrement des appels<\/p>\n<p>T\u00e9l\u00e9phone mobile robuste avec NFC<\/p>\n<p>Lampes de camping doubles 800 LM<\/p>","protected":false},"featured_media":4886,"comment_status":"open","ping_status":"closed","template":"","meta":{"_acf_changed":false},"product_brand":[287],"product_cat":[42,136,166,159],"product_tag":[298],"class_list":{"0":"post-4892","1":"product","2":"type-product","3":"status-publish","4":"has-post-thumbnail","6":"product_brand-blackview","7":"product_cat-moviles-blackview","8":"product_cat-moviles-resistentes-rugerizados","9":"product_cat-moviles-resistentes-rugerizados-nuevos-modelos","10":"product_cat-ofertas","11":"product_tag-linterna","13":"first","14":"instock","15":"sale","16":"shipping-taxable","17":"purchasable","18":"product-type-variable","19":"has-default-attributes"},"acf":[],"_links":{"self":[{"href":"https:\/\/blackviewphones.com\/fr\/wp-json\/wp\/v2\/product\/4892","targetHints":{"allow":["GET"]}}],"collection":[{"href":"https:\/\/blackviewphones.com\/fr\/wp-json\/wp\/v2\/product"}],"about":[{"href":"https:\/\/blackviewphones.com\/fr\/wp-json\/wp\/v2\/types\/product"}],"replies":[{"embeddable":true,"href":"https:\/\/blackviewphones.com\/fr\/wp-json\/wp\/v2\/comments?post=4892"}],"version-history":[{"count":0,"href":"https:\/\/blackviewphones.com\/fr\/wp-json\/wp\/v2\/product\/4892\/revisions"}],"wp:featuredmedia":[{"embeddable":true,"href":"https:\/\/blackviewphones.com\/fr\/wp-json\/wp\/v2\/media\/4886"}],"wp:attachment":[{"href":"https:\/\/blackviewphones.com\/fr\/wp-json\/wp\/v2\/media?parent=4892"}],"wp:term":[{"taxonomy":"product_brand","embeddable":true,"href":"https:\/\/blackviewphones.com\/fr\/wp-json\/wp\/v2\/product_brand?post=4892"},{"taxonomy":"product_cat","embeddable":true,"href":"https:\/\/blackviewphones.com\/fr\/wp-json\/wp\/v2\/product_cat?post=4892"},{"taxonomy":"product_tag","embeddable":true,"href":"https:\/\/blackviewphones.com\/fr\/wp-json\/wp\/v2\/product_tag?post=4892"}],"curies":[{"name":"wp","href":"https:\/\/api.w.org\/{rel}","templated":true}]}}