

{"id":4845,"date":"2025-01-17T16:42:48","date_gmt":"2025-01-17T15:42:48","guid":{"rendered":"https:\/\/blackviewphones.com\/?product=blackview-bv4800-pro-nfc-12-gb-4gb8gb-ram-128-gb-rom-negro"},"modified":"2026-04-16T15:24:19","modified_gmt":"2026-04-16T13:24:19","slug":"blackview-bv4800-pro-4-go-de-ram-128-go-de-rom","status":"publish","type":"product","link":"https:\/\/blackviewphones.com\/fr\/product\/blackview-bv4800-pro-4gb-ram-128gb-rom\/","title":{"rendered":"Blackview BV4800 Pro NFC | 12 Go (4 Go + 8 Go) de RAM + 128 Go de ROM"},"content":{"rendered":"<h1>Blackview BV4800 Pro NFC | 12 Go (4 Go + 8 Go) de RAM + 128 Go de ROM<\/h1>\n<p>D\u00e9couvrez le nouveau t\u00e9l\u00e9phone mobile Blackview, le BV4800 Pro NFC, un t\u00e9l\u00e9phone mobile id\u00e9al si vous recherchez un appareil simple, abordable et durable. Ce smartphone a<strong> 4 Go <\/strong>par c\u0153ur<strong> B\u00c9LIER<\/strong> pratiquement extensible jusqu&#039;\u00e0 12 Go avec <strong>128 Go<\/strong> de <strong>ROM<\/strong> extensible via carte SD jusqu&#039;\u00e0 1 To. \u00c9cran HD de <strong>6,56 pouces<\/strong>\u00a0sous le syst\u00e8me d&#039;exploitation <strong>Android 15 <\/strong>et une batterie de<strong> 5180 mAh.<\/strong><\/p>\n<h2><span style=\"font-size: 16px;\">IP68 : CE QUE VOUS POUVEZ ET NE POUVEZ PAS FAIRE<\/span><\/h2>\n<p>Si un appareil est certifi\u00e9 IP68, cela signifie qu&#039;il peut \u00eatre immerg\u00e9 dans l&#039;eau. <strong>eau douce<\/strong>\u00a0<strong>\u00e0 des profondeurs allant jusqu&#039;\u00e0 un m\u00e8tre pendant une dur\u00e9e maximale de 30 minutes, \u00e0 condition que les protections terminales restent correctement scell\u00e9es.<\/strong><\/p>\n<p><strong>Nous vous laissons quelques conseils<\/strong>\u00a0<strong>pour tout terminal certifi\u00e9 IP68<\/strong>:<\/p>\n<ul>\n<li>N&#039;exposez pas le smartphone IP68 aux courants d&#039;eau tels que l&#039;eau du robinet, les vagues de l&#039;oc\u00e9an ou les cascades.<\/li>\n<li>Si votre smartphone IP68 a \u00e9t\u00e9 expos\u00e9 \u00e0 de l&#039;eau douce, s\u00e9chez-le soigneusement avec un chiffon propre et doux.<\/li>\n<li>Si le smartphone IP68 a \u00e9t\u00e9 expos\u00e9 \u00e0 un type de liquide autre que de l&#039;eau douce (comme l&#039;eau de mer), rincez imm\u00e9diatement l&#039;appareil d\u00e9licatement \u00e0 l&#039;eau douce et s\u00e9chez soigneusement avec un chiffon doux et propre.<\/li>\n<li>Si vous avez des doutes sur la bonne fermeture des protections.\u00a0<strong>NON\u00a0<\/strong>tu le mouilles.<\/li>\n<li>Nous vous d\u00e9conseillons d&#039;effectuer des tests agressifs pour d\u00e9montrer votre r\u00e9sistance.<\/li>\n<li>De plus, il est d\u00e9conseill\u00e9 de manipuler les boutons de l&#039;appareil dans l&#039;eau.<\/li>\n<li>Il n&#039;est pas recommand\u00e9 d&#039;immerger l&#039;appareil dans l&#039;eau sal\u00e9e, car la certification IP ne s&#039;applique qu&#039;\u00e0 l&#039;eau douce.<\/li>\n<\/ul>","protected":false},"excerpt":{"rendered":"<p>UNISOC T6062<\/p>\n<p>4 Go + 8 Go de RAM 128 Go de ROM<\/p>\n<p>Android 15<\/p>\n<p>174,7*81,5*13,5 mm<\/p>\n<p>\u00c9cran 6,56\u2033 Poids 285 grammes<\/p>\n<p>5180 mAh<\/p>\n<p>T\u00e9l\u00e9phone mobile robuste avec NFC<\/p>","protected":false},"featured_media":4839,"comment_status":"open","ping_status":"closed","template":"","meta":{"_acf_changed":false},"product_brand":[287],"product_cat":[42,136,166,159],"product_tag":[],"class_list":{"0":"post-4845","1":"product","2":"type-product","3":"status-publish","4":"has-post-thumbnail","6":"product_brand-blackview","7":"product_cat-moviles-blackview","8":"product_cat-moviles-resistentes-rugerizados","9":"product_cat-moviles-resistentes-rugerizados-nuevos-modelos","10":"product_cat-ofertas","12":"first","13":"instock","14":"sale","15":"shipping-taxable","16":"purchasable","17":"product-type-variable","18":"has-default-attributes"},"acf":[],"_links":{"self":[{"href":"https:\/\/blackviewphones.com\/fr\/wp-json\/wp\/v2\/product\/4845","targetHints":{"allow":["GET"]}}],"collection":[{"href":"https:\/\/blackviewphones.com\/fr\/wp-json\/wp\/v2\/product"}],"about":[{"href":"https:\/\/blackviewphones.com\/fr\/wp-json\/wp\/v2\/types\/product"}],"replies":[{"embeddable":true,"href":"https:\/\/blackviewphones.com\/fr\/wp-json\/wp\/v2\/comments?post=4845"}],"version-history":[{"count":0,"href":"https:\/\/blackviewphones.com\/fr\/wp-json\/wp\/v2\/product\/4845\/revisions"}],"wp:featuredmedia":[{"embeddable":true,"href":"https:\/\/blackviewphones.com\/fr\/wp-json\/wp\/v2\/media\/4839"}],"wp:attachment":[{"href":"https:\/\/blackviewphones.com\/fr\/wp-json\/wp\/v2\/media?parent=4845"}],"wp:term":[{"taxonomy":"product_brand","embeddable":true,"href":"https:\/\/blackviewphones.com\/fr\/wp-json\/wp\/v2\/product_brand?post=4845"},{"taxonomy":"product_cat","embeddable":true,"href":"https:\/\/blackviewphones.com\/fr\/wp-json\/wp\/v2\/product_cat?post=4845"},{"taxonomy":"product_tag","embeddable":true,"href":"https:\/\/blackviewphones.com\/fr\/wp-json\/wp\/v2\/product_tag?post=4845"}],"curies":[{"name":"wp","href":"https:\/\/api.w.org\/{rel}","templated":true}]}}