

{"id":4656,"date":"2025-01-17T16:41:53","date_gmt":"2025-01-17T15:41:53","guid":{"rendered":"https:\/\/blackviewphones.com\/?product=blackview-bl9000-pro-36-gb-ram-12gb-24-gb-512-gb-rom-negro"},"modified":"2026-04-30T10:24:33","modified_gmt":"2026-04-30T08:24:33","slug":"blackview-bl9000-pro-36-go-ram-512-go-rom","status":"publish","type":"product","link":"https:\/\/blackviewphones.com\/fr\/product\/blackview-bl9000-pro-36gb-ram-512gb-rom\/","title":{"rendered":"Blackview BL9000 PRO (Reconditionn\u00e9) | 36 Go de RAM, 512 Go de ROM"},"content":{"rendered":"<h1>Cam\u00e9ra thermique Blackview BL9000 PRO 5G | 36 Go de RAM (12 Go + 24 Go) | 512 Go de ROM<\/h1>\n<p>Nous vous pr\u00e9sentons le <strong>Blackview BL9000 Pro 5G<\/strong> avec <strong>cam\u00e9ra thermique <em>Mon Flir\u00ae Pro<\/em><\/strong>, arrive sur le march\u00e9 avec un double \u00e9cran int\u00e9gr\u00e9. Il a une capacit\u00e9 allant jusqu&#039;\u00e0 <strong>36 Go de RAM et 512 Go de ROM<\/strong>, Gr\u00e2ce au processeur MediaTek Dimensity 8020 (MT6891Z) de derni\u00e8re g\u00e9n\u00e9ration, vous pourrez g\u00e9rer plusieurs t\u00e2ches simultan\u00e9ment et passer d&#039;une application \u00e0 l&#039;autre en toute fluidit\u00e9. Il est \u00e9galement dot\u00e9 d&#039;un \u00e9cran de 6,78 pouces offrant une luminosit\u00e9 jusqu&#039;\u00e0 500 nits et d&#039;une batterie de\u2026 <strong>8800 mAh<\/strong> de <strong>Charge rapide 120 W<\/strong>, et avec un syst\u00e8me d&#039;exploitation Android 14.<\/p>\n<p>C&#039;est aussi un appareil qui a <strong>Double cam\u00e9ra de 50MP (Samsung\u00ae ISOCELL GN5) et 13MP<\/strong> (Ultra grand-angle 120\u00b0 et ultra macro jusqu&#039;\u00e0 2 cm). Cam\u00e9ra frontale 50 Mpx (SK Hynix 5022Q). Appareil certifi\u00e9 IP68 et IP69K.<\/p>\n<p>Et si vous faites partie de ceux qui pr\u00e9f\u00e8rent le divertissement, ce mobile dispose d&#039;une technologie de jeu <strong>MediaTek HyperEngine Lite<\/strong> avec moteur lin\u00e9aire axe X. Plongez dans une exp\u00e9rience de jeu unique avec un moteur lin\u00e9aire avanc\u00e9 sur l&#039;axe X, offrant un retour haptique extraordinaire. Avec Wi-Fi 6 double bande.<\/p>\n<h2><span style=\"font-size: 16px;\">IP68 : CE QUE VOUS POUVEZ ET NE POUVEZ PAS FAIRE<\/span><\/h2>\n<p>Si un appareil est certifi\u00e9 IP68, cela signifie qu&#039;il peut \u00eatre immerg\u00e9 dans l&#039;eau. <strong>eau douce<\/strong>\u00a0<strong>\u00e0 des profondeurs allant jusqu&#039;\u00e0 un m\u00e8tre pendant une dur\u00e9e maximale de 30 minutes, \u00e0 condition que les protections terminales restent correctement scell\u00e9es.<\/strong><\/p>\n<p><strong>Nous vous laissons quelques conseils<\/strong>\u00a0<strong>pour tout terminal certifi\u00e9 IP68<\/strong>:<\/p>\n<ul>\n<li>N&#039;exposez pas le smartphone IP68 aux courants d&#039;eau tels que l&#039;eau du robinet, les vagues de l&#039;oc\u00e9an ou les cascades.<\/li>\n<li>Si votre smartphone IP68 a \u00e9t\u00e9 expos\u00e9 \u00e0 de l&#039;eau douce, s\u00e9chez-le soigneusement avec un chiffon propre et doux.<\/li>\n<li>Si le smartphone IP68 a \u00e9t\u00e9 expos\u00e9 \u00e0 un type de liquide autre que de l&#039;eau douce (comme l&#039;eau de mer), rincez imm\u00e9diatement l&#039;appareil d\u00e9licatement \u00e0 l&#039;eau douce et s\u00e9chez soigneusement avec un chiffon doux et propre.<\/li>\n<li>Si vous avez des doutes sur la bonne fermeture des protections.\u00a0<strong>NON <\/strong>tu le mouilles.<\/li>\n<li>Nous vous d\u00e9conseillons d&#039;effectuer des tests agressifs pour d\u00e9montrer votre r\u00e9sistance.<\/li>\n<li>Il est d\u00e9conseill\u00e9 de manipuler les boutons de l&#039;appareil dans l&#039;eau.<\/li>\n<li>Il n&#039;est pas recommand\u00e9 d&#039;immerger l&#039;appareil dans l&#039;eau sal\u00e9e, car la certification IP ne s&#039;applique qu&#039;\u00e0 l&#039;eau douce.<\/li>\n<\/ul>","protected":false},"excerpt":{"rendered":"<p><strong>T\u00e9l\u00e9phone portable robuste avec NFC (reconditionn\u00e9)<\/strong><\/p>","protected":false},"featured_media":8357,"comment_status":"open","ping_status":"closed","template":"","meta":{"_acf_changed":false},"product_brand":[287],"product_cat":[42,136,159],"product_tag":[184],"class_list":{"0":"post-4656","1":"product","2":"type-product","3":"status-publish","4":"has-post-thumbnail","6":"product_brand-blackview","7":"product_cat-moviles-blackview","8":"product_cat-moviles-resistentes-rugerizados","9":"product_cat-ofertas","10":"product_tag-camara-termica","12":"first","13":"outofstock","14":"sale","15":"shipping-taxable","16":"purchasable","17":"product-type-variable","18":"has-default-attributes"},"acf":[],"_links":{"self":[{"href":"https:\/\/blackviewphones.com\/fr\/wp-json\/wp\/v2\/product\/4656","targetHints":{"allow":["GET"]}}],"collection":[{"href":"https:\/\/blackviewphones.com\/fr\/wp-json\/wp\/v2\/product"}],"about":[{"href":"https:\/\/blackviewphones.com\/fr\/wp-json\/wp\/v2\/types\/product"}],"replies":[{"embeddable":true,"href":"https:\/\/blackviewphones.com\/fr\/wp-json\/wp\/v2\/comments?post=4656"}],"version-history":[{"count":0,"href":"https:\/\/blackviewphones.com\/fr\/wp-json\/wp\/v2\/product\/4656\/revisions"}],"wp:featuredmedia":[{"embeddable":true,"href":"https:\/\/blackviewphones.com\/fr\/wp-json\/wp\/v2\/media\/8357"}],"wp:attachment":[{"href":"https:\/\/blackviewphones.com\/fr\/wp-json\/wp\/v2\/media?parent=4656"}],"wp:term":[{"taxonomy":"product_brand","embeddable":true,"href":"https:\/\/blackviewphones.com\/fr\/wp-json\/wp\/v2\/product_brand?post=4656"},{"taxonomy":"product_cat","embeddable":true,"href":"https:\/\/blackviewphones.com\/fr\/wp-json\/wp\/v2\/product_cat?post=4656"},{"taxonomy":"product_tag","embeddable":true,"href":"https:\/\/blackviewphones.com\/fr\/wp-json\/wp\/v2\/product_tag?post=4656"}],"curies":[{"name":"wp","href":"https:\/\/api.w.org\/{rel}","templated":true}]}}