

{"id":4641,"date":"2025-01-17T16:41:49","date_gmt":"2025-01-17T15:41:49","guid":{"rendered":"https:\/\/blackviewphones.com\/?product=blackview-mp80-n5095-16-gb-ram-512-gb-rom-negro"},"modified":"2026-01-07T12:11:31","modified_gmt":"2026-01-07T11:11:31","slug":"blackview-mp80-n95-16-go-de-ram-512-go-de-rom","status":"publish","type":"product","link":"https:\/\/blackviewphones.com\/fr\/product\/blackview-mp80-n95-16-gb-ram-512-gb-rom\/","title":{"rendered":"Blackview MP80 N95 | 16 Go de RAM, 512 Go de ROM"},"content":{"rendered":"<h1>Mini PC Blackview MP80 N95 | 16 Go de RAM, 512 Go de ROM<\/h1>\n<p>Le mini PC Blackview MP80 est un PC plus petit et plus puissant con\u00e7u pour offrir des performances exceptionnelles dans un petit format. Dot\u00e9 de fonctionnalit\u00e9s impressionnantes et d&#039;un design \u00e9l\u00e9gant, ce mini PC est id\u00e9al pour les utilisateurs qui ont besoin d&#039;une solution informatique portable et efficace. Outre son design \u00e9l\u00e9gant, ce mini PC se distingue \u00e9galement par son efficacit\u00e9 \u00e9nerg\u00e9tique. Avec une faible consommation d\u2019\u00e9nergie, il contribue \u00e0 r\u00e9duire votre empreinte carbone et \u00e0 \u00e9conomiser sur les co\u00fbts d\u2019\u00e9lectricit\u00e9 \u00e0 long terme.<\/p>\n<div><\/div>","protected":false},"excerpt":{"rendered":"<p>Petit mais plus puissant<\/p>\n<p>Windows 11 pr\u00e9install\u00e9<\/p>\n<p>16 Go de RAM 512 Go de ROM<\/p>\n<p>MP80 N5095<\/p>","protected":false},"featured_media":4343,"comment_status":"open","ping_status":"closed","template":"","meta":{"_acf_changed":false},"product_brand":[],"product_cat":[349],"product_tag":[],"class_list":{"0":"post-4641","1":"product","2":"type-product","3":"status-publish","4":"has-post-thumbnail","6":"product_cat-sin-categoria","8":"first","9":"outofstock","10":"sale","11":"shipping-taxable","12":"purchasable","13":"product-type-variable","14":"has-default-attributes"},"acf":[],"_links":{"self":[{"href":"https:\/\/blackviewphones.com\/fr\/wp-json\/wp\/v2\/product\/4641","targetHints":{"allow":["GET"]}}],"collection":[{"href":"https:\/\/blackviewphones.com\/fr\/wp-json\/wp\/v2\/product"}],"about":[{"href":"https:\/\/blackviewphones.com\/fr\/wp-json\/wp\/v2\/types\/product"}],"replies":[{"embeddable":true,"href":"https:\/\/blackviewphones.com\/fr\/wp-json\/wp\/v2\/comments?post=4641"}],"version-history":[{"count":0,"href":"https:\/\/blackviewphones.com\/fr\/wp-json\/wp\/v2\/product\/4641\/revisions"}],"wp:featuredmedia":[{"embeddable":true,"href":"https:\/\/blackviewphones.com\/fr\/wp-json\/wp\/v2\/media\/4343"}],"wp:attachment":[{"href":"https:\/\/blackviewphones.com\/fr\/wp-json\/wp\/v2\/media?parent=4641"}],"wp:term":[{"taxonomy":"product_brand","embeddable":true,"href":"https:\/\/blackviewphones.com\/fr\/wp-json\/wp\/v2\/product_brand?post=4641"},{"taxonomy":"product_cat","embeddable":true,"href":"https:\/\/blackviewphones.com\/fr\/wp-json\/wp\/v2\/product_cat?post=4641"},{"taxonomy":"product_tag","embeddable":true,"href":"https:\/\/blackviewphones.com\/fr\/wp-json\/wp\/v2\/product_tag?post=4641"}],"curies":[{"name":"wp","href":"https:\/\/api.w.org\/{rel}","templated":true}]}}