

{"id":4595,"date":"2025-01-17T16:41:36","date_gmt":"2025-01-17T15:41:36","guid":{"rendered":"https:\/\/blackviewphones.com\/?product=tablet-blackview-mega-1-16-gb-8gb8gb-ram-256-gb-rom-gris"},"modified":"2025-11-20T14:55:31","modified_gmt":"2025-11-20T13:55:31","slug":"tablette-blackview-mega-2-36-go-ram-256-go-rom","status":"publish","type":"product","link":"https:\/\/blackviewphones.com\/fr\/product\/tablet-blackview-mega-2-36gb-ram-256gb-rom\/","title":{"rendered":"Tablette Blackview MEGA 2 | 36 Go de RAM 256 Go de ROM"},"content":{"rendered":"<h1>Tablette Blackview MEGA 2 | 36 Go de RAM 256 Go de ROM<\/h1>\n<p><strong>\ud83c\udf81Livr\u00e9 avec chargeur, stylet, protection d&#039;\u00e9cran en verre tremp\u00e9 et \u00e9tui. \ud83c\udf81<\/strong><\/p>\n<p>La nouvelle tablette\u00a0<strong>Blackview Mega 2<\/strong>\u00a0est arriv\u00e9 pour r\u00e9volutionner votre exp\u00e9rience technologique. Dot\u00e9 d&#039;un design \u00e9l\u00e9gant, d&#039;une batterie de 9000 mAh et d&#039;une compatibilit\u00e9 Wideline L1. Il dispose d&#039;un \u00e9cran de 12 pouces et d&#039;Android 15. De plus, il dispose des fonctions de d\u00e9verrouillage facial, anti-empreintes digitales et Smart Google Lens.<\/p>\n<h2>Ajoutez des widgets rapidement\u00a0: pas de glissement, tout est simple<\/h2>\n<p>Le nouveau bouton \u00ab\u00a0Ajouter\u00a0\u00bb permet de placer des widgets plus rapidement que jamais\u00a0\u2013 aucun glissement n\u2019est requis\u00a0! D&#039;un simple clic, vous pouvez rapidement ajouter vos widgets pr\u00e9f\u00e9r\u00e9s directement sur votre \u00e9cran d&#039;accueil, vous faisant ainsi gagner du temps et des efforts.<\/p>\n<h2>Espace priv\u00e9 : gardez ce qui est important juste pour vous<\/h2>\n<p>Votre monde num\u00e9rique est s\u00e9curis\u00e9. Private Space cr\u00e9e un havre de paix pour vos applications sensibles, notamment sociales, de rencontre et bancaires. Une fois verrouill\u00e9es, ces applications deviennent invisibles dans la liste des applications, la vue des applications r\u00e9centes, les notifications et m\u00eame les param\u00e8tres.<\/p>\n<p><strong>Tablette de marque Blackview, mais elle n&#039;est pas IP68, elle ne peut pas \u00eatre mouill\u00e9e ou frapp\u00e9e.<\/strong><\/p>\n<p><strong>Le clavier est inclus dans le prix<\/strong><\/p>","protected":false},"excerpt":{"rendered":"<p><strong>\ud83c\udf81Livr\u00e9 avec chargeur, stylet, souris, protection d&#039;\u00e9cran en verre tremp\u00e9 et \u00e9tui. \ud83c\udf81<\/strong><\/p>\n<p>Tablette conventionnelle avec pointeur, souris, casque et clavier<br \/>\nUnisoc T615<br \/>\nCompatible avec Wideline L1<br \/>\nAndroid 15 | 9000 mAh<br \/>\nPrend en charge la carte SIM<br \/>\n281,7*177,2*8,0 mm<br \/>\nPoids 615 g | \u00e9cran 12\u2033<br \/>\n12 Go + 24 Go de RAM 256 Go de ROM<\/p>","protected":false},"featured_media":8348,"comment_status":"open","ping_status":"closed","template":"","meta":{"_acf_changed":false},"product_brand":[287],"product_cat":[42],"product_tag":[306],"class_list":{"0":"post-4595","1":"product","2":"type-product","3":"status-publish","4":"has-post-thumbnail","6":"product_brand-blackview","7":"product_cat-moviles-blackview","8":"product_tag-306","10":"first","11":"outofstock","12":"sale","13":"shipping-taxable","14":"purchasable","15":"product-type-variable"},"acf":[],"_links":{"self":[{"href":"https:\/\/blackviewphones.com\/fr\/wp-json\/wp\/v2\/product\/4595","targetHints":{"allow":["GET"]}}],"collection":[{"href":"https:\/\/blackviewphones.com\/fr\/wp-json\/wp\/v2\/product"}],"about":[{"href":"https:\/\/blackviewphones.com\/fr\/wp-json\/wp\/v2\/types\/product"}],"replies":[{"embeddable":true,"href":"https:\/\/blackviewphones.com\/fr\/wp-json\/wp\/v2\/comments?post=4595"}],"version-history":[{"count":0,"href":"https:\/\/blackviewphones.com\/fr\/wp-json\/wp\/v2\/product\/4595\/revisions"}],"wp:featuredmedia":[{"embeddable":true,"href":"https:\/\/blackviewphones.com\/fr\/wp-json\/wp\/v2\/media\/8348"}],"wp:attachment":[{"href":"https:\/\/blackviewphones.com\/fr\/wp-json\/wp\/v2\/media?parent=4595"}],"wp:term":[{"taxonomy":"product_brand","embeddable":true,"href":"https:\/\/blackviewphones.com\/fr\/wp-json\/wp\/v2\/product_brand?post=4595"},{"taxonomy":"product_cat","embeddable":true,"href":"https:\/\/blackviewphones.com\/fr\/wp-json\/wp\/v2\/product_cat?post=4595"},{"taxonomy":"product_tag","embeddable":true,"href":"https:\/\/blackviewphones.com\/fr\/wp-json\/wp\/v2\/product_tag?post=4595"}],"curies":[{"name":"wp","href":"https:\/\/api.w.org\/{rel}","templated":true}]}}