

{"id":12841,"date":"2026-03-25T15:36:55","date_gmt":"2026-03-25T14:36:55","guid":{"rendered":"https:\/\/blackviewphones.com\/?post_type=product&#038;p=12841"},"modified":"2026-05-06T10:54:26","modified_gmt":"2026-05-06T08:54:26","slug":"camera-blackview-fort-200-de-108-mp-et-recharge-sans-fil","status":"publish","type":"product","link":"https:\/\/blackviewphones.com\/fr\/product\/blackview-fort-200-108-mpx-camara-y-carga-inalambrica\/","title":{"rendered":"Appareil photo Blackview FORT 200 de 108 MP avec chargeur sans fil"},"content":{"rendered":"<h1 class=\"product_title entry-title\">Appareil photo Blackview FORT 200 de 108 MP avec chargeur sans fil<\/h1>\n<p data-start=\"666\" data-end=\"976\"><strong>Le mod\u00e8le Rugged le plus avanc\u00e9 de la s\u00e9rie Blackview FORT<\/strong><\/p>\n<p data-start=\"666\" data-end=\"976\">Le nouveau FORT 200 est un t\u00e9l\u00e9phone portable r\u00e9sistant et l\u00e9ger que vous pouvez facilement emporter partout. Il pr\u00e9sente un design moderne et un<strong> Appareil photo principal Samsung\u00ae HM6 de 108 MP<\/strong>, fonction de\u00a0<strong>t\u00e9l\u00e9commande<\/strong> Gr\u00e2ce \u00e0 l&#039;infrarouge, vous pouvez contr\u00f4ler vos appareils confortablement install\u00e9 sur votre canap\u00e9.<\/p>\n<p data-start=\"978\" data-end=\"1222\">Avec <strong>5000 mAh<\/strong> aliment\u00e9 par batterie et avec <strong>recharge sans fil<\/strong>, cam\u00e9ras haute r\u00e9solution <strong>Cam\u00e9ra frontale Samsung\u00ae JN1 IA de 50 MP<\/strong> et compatible 4G. C&#039;est donc un appareil con\u00e7u pour durer, \u00eatre performant et s&#039;adapter aux conditions extr\u00eames. Un v\u00e9ritable outil polyvalent pour les professionnels et les aventuriers.<\/p>\n<p><strong>\ud83d\udcfa Grand \u00e9cran 6,78\u2033 120 Hz<\/strong><\/p>\n<p>Son \u00e9cran de 6,78 pouces avec un taux de rafra\u00eechissement de 120 Hz offre une exp\u00e9rience visuelle fluide, id\u00e9ale pour le travail, la navigation et le multim\u00e9dia.<\/p>\n<p><strong>\u2728 Design robuste haut de gamme<\/strong><\/p>\n<p>Le FORT 200 allie une durabilit\u00e9 extr\u00eame \u00e0 un design moderne inspir\u00e9 des smartphones haut de gamme, offrant une esth\u00e9tique \u00e0 la fois robuste et \u00e9l\u00e9gante.<\/p>\n<h3><b>IP68 : CE QUE VOUS POUVEZ ET NE POUVEZ PAS FAIRE<\/b><\/h3>\n<p><span style=\"font-weight: 400;\">Si un appareil est certifi\u00e9 IP68, cela signifie qu&#039;il peut \u00eatre immerg\u00e9 dans l&#039;eau. <\/span><b>eau douce<\/b> <b>\u00e0 des profondeurs allant jusqu&#039;\u00e0 un m\u00e8tre pendant une dur\u00e9e maximale de 30 minutes, \u00e0 condition que les protections terminales restent correctement scell\u00e9es.<\/b><\/p>\n<p><b>Nous vous laissons quelques conseils<\/b> <b>pour tout terminal certifi\u00e9 IP68<\/b><span style=\"font-weight: 400;\">:<\/span><\/p>\n<ul>\n<li style=\"font-weight: 400;\" aria-level=\"1\"><span style=\"font-weight: 400;\">N&#039;exposez pas le smartphone IP68 aux courants d&#039;eau tels que l&#039;eau du robinet, les vagues de l&#039;oc\u00e9an ou les cascades.<\/span><\/li>\n<li style=\"font-weight: 400;\" aria-level=\"1\"><span style=\"font-weight: 400;\">De plus, si votre smartphone IP68 a \u00e9t\u00e9 expos\u00e9 \u00e0 l\u2019eau douce, s\u00e9chez-le soigneusement avec un chiffon propre et doux.<\/span><\/li>\n<li style=\"font-weight: 400;\" aria-level=\"1\"><span style=\"font-weight: 400;\">Si le smartphone IP68 a \u00e9t\u00e9 expos\u00e9 \u00e0 un type de liquide autre que de l&#039;eau douce (comme l&#039;eau de mer), rincez imm\u00e9diatement l&#039;appareil d\u00e9licatement \u00e0 l&#039;eau douce et s\u00e9chez soigneusement avec un chiffon doux et propre.<\/span><\/li>\n<li style=\"font-weight: 400;\" aria-level=\"1\"><span style=\"font-weight: 400;\">Si vous avez des doutes sur la bonne fermeture des protections. <\/span><b>Non <\/b><span style=\"font-weight: 400;\">tu le mouilles.<\/span><\/li>\n<li style=\"font-weight: 400;\" aria-level=\"1\"><span style=\"font-weight: 400;\">\u00c9vitez les tests agressifs pour d\u00e9montrer votre endurance<\/span><\/li>\n<li style=\"font-weight: 400;\" aria-level=\"1\"><span style=\"font-weight: 400;\">Il est d\u00e9conseill\u00e9 de manipuler les boutons de l&#039;appareil dans l&#039;eau.<\/span><\/li>\n<li style=\"font-weight: 400;\" aria-level=\"1\"><span style=\"font-weight: 400;\">Il est recommand\u00e9 de NE PAS mouiller l&#039;appareil dans de l&#039;eau sal\u00e9e, car la certification IP ne s&#039;applique qu&#039;\u00e0 l&#039;eau douce.<\/span><\/li>\n<\/ul>\n<p><strong>IP69K + MIL-STD-810H\u00a0: CE QUE VOUS POUVEZ ET CE QUE VOUS NE POUVEZ PAS FAIRE<\/strong><\/p>\n<p>Un appareil certifi\u00e9 IP69K et ayant pass\u00e9 avec succ\u00e8s les tests conformes \u00e0 la norme militaire MIL-STD-810H offre un niveau de r\u00e9sistance sup\u00e9rieur \u00e0 l&#039;eau sous haute pression, \u00e0 la poussi\u00e8re, aux chocs, aux vibrations et aux temp\u00e9ratures extr\u00eames.<\/p>\n<p><strong>Cette norme militaire am\u00e9ricaine \u00e9value les performances d&#039;un appareil dans des conditions d&#039;utilisation r\u00e9elles exigeantes, sans toutefois garantir son indestructibilit\u00e9. Voici quelques conseils pour tout appareil certifi\u00e9 IP69K et MIL-STD-810H\u00a0:<\/strong><\/p>\n<ul>\n<li>Ne pr\u00e9sumez pas que la norme militaire permette de r\u00e9sister \u00e0 des chocs extr\u00eames ou \u00e0 des chutes de n&#039;importe quelle hauteur. L&#039;appareil est durable, mais pas incassable.<\/li>\n<li>\u00c9vitez d&#039;exposer votre smartphone \u00e0 des pressions, des temp\u00e9ratures ou des forces d\u00e9passant les limites indiqu\u00e9es par le fabricant.<\/li>\n<li>Bien qu&#039;il puisse r\u00e9sister \u00e0 l&#039;eau sous haute pression, ne l&#039;immergez pas pendant des p\u00e9riodes prolong\u00e9es et \u00e9vitez de manipuler les boutons sous l&#039;eau ou lors de jets directs.<\/li>\n<li>Si le terminal a \u00e9t\u00e9 en contact avec de l&#039;eau douce, s\u00e9chez-le soigneusement avec un chiffon doux.<\/li>\n<li>Si l&#039;objet a \u00e9t\u00e9 expos\u00e9 \u00e0 de l&#039;eau sal\u00e9e, de la boue, des produits chimiques ou tout autre liquide que de l&#039;eau douce, rincez-le d\u00e9licatement \u00e0 l&#039;eau douce puis s\u00e9chez-le compl\u00e8tement.<\/li>\n<li>Ne proc\u00e9dez pas \u00e0 des tests extr\u00eames avec du feu, des impacts d\u00e9lib\u00e9r\u00e9s ou des chutes inutiles dans le seul but de d\u00e9montrer la durabilit\u00e9.<\/li>\n<li>Assurez-vous que tous les couvercles, protections ou joints sont compl\u00e8tement ferm\u00e9s avant d&#039;exposer l&#039;appareil \u00e0 la poussi\u00e8re, \u00e0 la pression ou \u00e0 l&#039;humidit\u00e9.<\/li>\n<li>Bien qu&#039;il puisse r\u00e9sister aux vibrations et aux temp\u00e9ratures \u00e9lev\u00e9es, \u00e9vitez une utilisation prolong\u00e9e sur des machines lourdes d\u00e9passant les plages certifi\u00e9es.<\/li>\n<\/ul>","protected":false},"excerpt":{"rendered":"<p data-start=\"1124\" data-end=\"1311\">Il <strong data-start=\"1127\" data-end=\"1149\">Blackview FORT 200<\/strong> Il s&#039;agit du mod\u00e8le robuste le plus avanc\u00e9 de la s\u00e9rie FORT, se distinguant par son <strong data-start=\"1212\" data-end=\"1251\">Appareil photo 108 MP et charge sans fil 15 W<\/strong>, deux caract\u00e9ristiques peu communes aux t\u00e9l\u00e9phones mobiles robustes.<\/p>\n<p data-start=\"1313\" data-end=\"1450\">Avec <strong data-start=\"1317\" data-end=\"1379\">6 Go\/12 Go de RAM extensible virtuellement jusqu&#039;\u00e0 24 Go\/48 Go, 256 Go de stockage et une batterie de 5\u00a0000 mAh<\/strong>, Elle offre puissance, autonomie et technologie de pointe dans tous les environnements.<\/p>","protected":false},"featured_media":13627,"comment_status":"open","ping_status":"closed","template":"","meta":{"_acf_changed":false},"product_brand":[287],"product_cat":[42,136,159],"product_tag":[364],"class_list":{"0":"post-12841","1":"product","2":"type-product","3":"status-publish","4":"has-post-thumbnail","6":"product_brand-blackview","7":"product_cat-moviles-blackview","8":"product_cat-moviles-resistentes-rugerizados","9":"product_cat-ofertas","10":"product_tag-fort-5","12":"first","13":"instock","14":"sale","15":"shipping-taxable","16":"purchasable","17":"product-type-variable","18":"has-default-attributes"},"acf":[],"_links":{"self":[{"href":"https:\/\/blackviewphones.com\/fr\/wp-json\/wp\/v2\/product\/12841","targetHints":{"allow":["GET"]}}],"collection":[{"href":"https:\/\/blackviewphones.com\/fr\/wp-json\/wp\/v2\/product"}],"about":[{"href":"https:\/\/blackviewphones.com\/fr\/wp-json\/wp\/v2\/types\/product"}],"replies":[{"embeddable":true,"href":"https:\/\/blackviewphones.com\/fr\/wp-json\/wp\/v2\/comments?post=12841"}],"version-history":[{"count":0,"href":"https:\/\/blackviewphones.com\/fr\/wp-json\/wp\/v2\/product\/12841\/revisions"}],"wp:featuredmedia":[{"embeddable":true,"href":"https:\/\/blackviewphones.com\/fr\/wp-json\/wp\/v2\/media\/13627"}],"wp:attachment":[{"href":"https:\/\/blackviewphones.com\/fr\/wp-json\/wp\/v2\/media?parent=12841"}],"wp:term":[{"taxonomy":"product_brand","embeddable":true,"href":"https:\/\/blackviewphones.com\/fr\/wp-json\/wp\/v2\/product_brand?post=12841"},{"taxonomy":"product_cat","embeddable":true,"href":"https:\/\/blackviewphones.com\/fr\/wp-json\/wp\/v2\/product_cat?post=12841"},{"taxonomy":"product_tag","embeddable":true,"href":"https:\/\/blackviewphones.com\/fr\/wp-json\/wp\/v2\/product_tag?post=12841"}],"curies":[{"name":"wp","href":"https:\/\/api.w.org\/{rel}","templated":true}]}}