

{"id":12830,"date":"2026-03-25T15:14:41","date_gmt":"2026-03-25T14:14:41","guid":{"rendered":"https:\/\/blackviewphones.com\/?post_type=product&#038;p=12830"},"modified":"2026-05-09T13:32:19","modified_gmt":"2026-05-09T11:32:19","slug":"mini-pc-blackview-mp100-pro-amd-ryzen-5-7430u","status":"publish","type":"product","link":"https:\/\/blackviewphones.com\/fr\/product\/mini-pc-blackview-mp100-pro-amd-ryzen-5-7430u\/","title":{"rendered":"Mini PC Blackview MP100 Pro \u2013 AMD Ryzen 5 (7430U)"},"content":{"rendered":"<h1>Mini PC Blackview MP100 Pro \u2013 AMD Ryzen 5 (7430U)<\/h1>\n<h2>La puissance d&#039;un ordinateur de bureau dans la taille de votre main<\/h2>\n<p>Il <strong>Mini PC Blackview MP100 Pro<\/strong> Il prouve qu&#039;il n&#039;est pas n\u00e9cessaire d&#039;avoir une tour g\u00e9ante pour profiter d&#039;un ordinateur puissant et polyvalent. Avec son design ultra-compact, \u00e9l\u00e9gant et silencieux, ce mini-ordinateur concentre tout ce dont vous avez besoin pour <strong>travailler, \u00e9tudier, cr\u00e9er du contenu ou profiter de votre temps libre<\/strong>. Disponible en deux versions, avec <strong>16 Go de RAM + 512 Go de SSD<\/strong>, vous aurez toujours des options de performances et de stockage adapt\u00e9es \u00e0 vos besoins.<\/p>\n<p><em>Ce terminal est livr\u00e9 avec Windows 11 PRO et une licence OEM \u00e0 vie\u00a0; cette licence est li\u00e9e au mat\u00e9riel de l\u2019ordinateur et ne peut pas \u00eatre transf\u00e9r\u00e9e \u00e0 un autre ordinateur.<\/em><\/p>","protected":false},"excerpt":{"rendered":"<p>Une puissance impressionnante dans un format compact\u00a0: le MP100 Blackview est \u00e9quip\u00e9 d\u2019un processeur Ryzen 5, jusqu\u2019\u00e0 2\u00a0To de stockage SSD et 16\u00a0Go de RAM\u00a0! De nombreux ports et des performances optimales pour le travail, les loisirs et bien plus encore.<\/p>\n<p><strong>Ce terminal est livr\u00e9 avec Windows 11 PRO et une licence OEM \u00e0 vie\u00a0; cette licence est li\u00e9e au mat\u00e9riel de l\u2019ordinateur et ne peut pas \u00eatre transf\u00e9r\u00e9e \u00e0 un autre ordinateur.<\/strong><\/p>","protected":false},"featured_media":13607,"comment_status":"open","ping_status":"closed","template":"","meta":{"_acf_changed":false},"product_brand":[],"product_cat":[153,159,151,338],"product_tag":[],"class_list":{"0":"post-12830","1":"product","2":"type-product","3":"status-publish","4":"has-post-thumbnail","6":"product_cat-equipos-blackview-mini-pc","7":"product_cat-ofertas","8":"product_cat-equipos-blackview","9":"product_cat-productos","11":"first","12":"instock","13":"sale","14":"shipping-taxable","15":"purchasable","16":"product-type-variable","17":"has-default-attributes"},"acf":[],"_links":{"self":[{"href":"https:\/\/blackviewphones.com\/fr\/wp-json\/wp\/v2\/product\/12830","targetHints":{"allow":["GET"]}}],"collection":[{"href":"https:\/\/blackviewphones.com\/fr\/wp-json\/wp\/v2\/product"}],"about":[{"href":"https:\/\/blackviewphones.com\/fr\/wp-json\/wp\/v2\/types\/product"}],"replies":[{"embeddable":true,"href":"https:\/\/blackviewphones.com\/fr\/wp-json\/wp\/v2\/comments?post=12830"}],"version-history":[{"count":1,"href":"https:\/\/blackviewphones.com\/fr\/wp-json\/wp\/v2\/product\/12830\/revisions"}],"predecessor-version":[{"id":13923,"href":"https:\/\/blackviewphones.com\/fr\/wp-json\/wp\/v2\/product\/12830\/revisions\/13923"}],"wp:featuredmedia":[{"embeddable":true,"href":"https:\/\/blackviewphones.com\/fr\/wp-json\/wp\/v2\/media\/13607"}],"wp:attachment":[{"href":"https:\/\/blackviewphones.com\/fr\/wp-json\/wp\/v2\/media?parent=12830"}],"wp:term":[{"taxonomy":"product_brand","embeddable":true,"href":"https:\/\/blackviewphones.com\/fr\/wp-json\/wp\/v2\/product_brand?post=12830"},{"taxonomy":"product_cat","embeddable":true,"href":"https:\/\/blackviewphones.com\/fr\/wp-json\/wp\/v2\/product_cat?post=12830"},{"taxonomy":"product_tag","embeddable":true,"href":"https:\/\/blackviewphones.com\/fr\/wp-json\/wp\/v2\/product_tag?post=12830"}],"curies":[{"name":"wp","href":"https:\/\/api.w.org\/{rel}","templated":true}]}}