

{"id":12801,"date":"2026-03-25T13:37:22","date_gmt":"2026-03-25T12:37:22","guid":{"rendered":"https:\/\/blackviewphones.com\/?post_type=product&#038;p=12801"},"modified":"2026-05-06T15:35:10","modified_gmt":"2026-05-06T13:35:10","slug":"ecran-double-blackview-dcm8-taille-153","status":"publish","type":"product","link":"https:\/\/blackviewphones.com\/fr\/product\/blackview-pantalla-doble-dcm8-tamano-153\/","title":{"rendered":"\u00c9cran double pour ordinateur portable Blackview DCM8\u00a0: 15,3 pouces"},"content":{"rendered":"<h1>\u00c9cran double pour ordinateur portable Blackview DCM8\u00a0: 15,3 pouces<\/h1>\n<p data-start=\"2472\" data-end=\"2758\">Fatigu\u00e9 de jongler constamment entre les onglets ou les fen\u00eatres sur un seul petit \u00e9cran\u00a0? DCM8 triple votre affichage\u00a0: vous pouvez effectuer plusieurs t\u00e2ches simultan\u00e9ment en toute fluidit\u00e9.<\/p>\n<p data-start=\"2760\" data-end=\"3081\">Gr\u00e2ce \u00e0 ses deux \u00e9crans d&#039;ordinateur portable de 15,3 pouces, offrant chacun une r\u00e9solution de 1920 x 1200 et une luminosit\u00e9 de 300 nits, chaque d\u00e9tail appara\u00eet net, fluide et \u00e9clatant. Que vous travailliez ou regardiez des films et jouiez \u00e0 des jeux, la configuration \u00e0 double \u00e9cran double votre efficacit\u00e9 et votre immersion.<\/p>\n<p><strong>Pr\u00e9cision des couleurs sRGB 100%\u00a0: Couleurs intenses pour des images pr\u00e9cises<\/strong><\/p>\n<p>Profitez de couleurs d&#039;un r\u00e9alisme saisissant gr\u00e2ce \u00e0 une couverture sRGB % \u00e0 100 %. Chaque nuance, ton et d\u00e9grad\u00e9 est fid\u00e8lement reproduit pour une pr\u00e9cision colorim\u00e9trique in\u00e9gal\u00e9e. Id\u00e9al pour les professionnels\u00a0: designers, photographes et cr\u00e9ateurs exigeant une pr\u00e9cision au pixel pr\u00e8s.<\/p>\n<p><strong>Un design \u00e9l\u00e9gant pour une libert\u00e9 cr\u00e9ative totale<\/strong><\/p>\n<p>D\u00e9couvrez le futur de la portabilit\u00e9 avec le DCM8. Avec seulement 4,6 mm d&#039;\u00e9paisseur et un poids plume de 1,2 kg, il red\u00e9finit la l\u00e9g\u00e8ret\u00e9 et le confort. Glissez-le sans effort dans votre sac, emportez-le partout et profitez d&#039;une exp\u00e9rience grand \u00e9cran immersive et sans compromis.<\/p>\n<p><strong>Ports USB-C universels\u00a0: Installation facile pour tout ordinateur portable<\/strong><\/p>\n<p>Gr\u00e2ce \u00e0 ses ports USB-C universels, l&#039;installation est d&#039;une simplicit\u00e9 enfantine. Aucun pilote ni logiciel suppl\u00e9mentaire n&#039;est requis\u00a0: branchez et c&#039;est parti\u00a0! Que ce soit pour le travail, les \u00e9tudes ou les loisirs, profitez d&#039;une connectivit\u00e9 instantan\u00e9e et de performances optimales sur n&#039;importe quel ordinateur portable.<\/p>\n<p><strong>*Pour une utilisation sur secteur, une alimentation de 65 W ou plus est recommand\u00e9e.<\/strong><\/p>","protected":false},"excerpt":{"rendered":"<p>Il <strong data-start=\"1955\" data-end=\"1973\">Blackview DCM8<\/strong>\u00a0Transformez votre ordinateur portable en un poste de travail multit\u00e2che complet o\u00f9 que vous soyez. <strong data-start=\"2054\" data-end=\"2090\">deux \u00e9crans IPS Full HD de 15,3 pouces<\/strong> avec <strong data-start=\"2095\" data-end=\"2117\">luminosit\u00e9 de 300 nits<\/strong> Son format 16:9 offre une surface d&#039;affichage \u00e9tendue, id\u00e9ale pour travailler avec plusieurs fen\u00eatres, \u00e9diter des documents, programmer ou visionner du contenu multim\u00e9dia. Son design pliable est fin (environ 4,5 mm d&#039;\u00e9paisseur) et se fait discret. <strong data-start=\"2333\" data-end=\"2341\">1 kg<\/strong> Cela le rend extr\u00eamement portable, id\u00e9al pour les travailleurs nomades, les \u00e9tudiants ou les cr\u00e9atifs.<\/p>\n<p><strong>*Image de r\u00e9f\u00e9rence\u00a0: \u00c9crans avec support, ordinateur portable et autres appareils non inclus.<\/strong><\/p>","protected":false},"featured_media":13368,"comment_status":"open","ping_status":"closed","template":"","meta":{"_acf_changed":false},"product_brand":[],"product_cat":[349],"product_tag":[],"class_list":{"0":"post-12801","1":"product","2":"type-product","3":"status-publish","4":"has-post-thumbnail","6":"product_cat-sin-categoria","8":"first","9":"outofstock","10":"sale","11":"shipping-taxable","12":"purchasable","13":"product-type-variable","14":"has-default-attributes"},"acf":[],"_links":{"self":[{"href":"https:\/\/blackviewphones.com\/fr\/wp-json\/wp\/v2\/product\/12801","targetHints":{"allow":["GET"]}}],"collection":[{"href":"https:\/\/blackviewphones.com\/fr\/wp-json\/wp\/v2\/product"}],"about":[{"href":"https:\/\/blackviewphones.com\/fr\/wp-json\/wp\/v2\/types\/product"}],"replies":[{"embeddable":true,"href":"https:\/\/blackviewphones.com\/fr\/wp-json\/wp\/v2\/comments?post=12801"}],"version-history":[{"count":0,"href":"https:\/\/blackviewphones.com\/fr\/wp-json\/wp\/v2\/product\/12801\/revisions"}],"wp:featuredmedia":[{"embeddable":true,"href":"https:\/\/blackviewphones.com\/fr\/wp-json\/wp\/v2\/media\/13368"}],"wp:attachment":[{"href":"https:\/\/blackviewphones.com\/fr\/wp-json\/wp\/v2\/media?parent=12801"}],"wp:term":[{"taxonomy":"product_brand","embeddable":true,"href":"https:\/\/blackviewphones.com\/fr\/wp-json\/wp\/v2\/product_brand?post=12801"},{"taxonomy":"product_cat","embeddable":true,"href":"https:\/\/blackviewphones.com\/fr\/wp-json\/wp\/v2\/product_cat?post=12801"},{"taxonomy":"product_tag","embeddable":true,"href":"https:\/\/blackviewphones.com\/fr\/wp-json\/wp\/v2\/product_tag?post=12801"}],"curies":[{"name":"wp","href":"https:\/\/api.w.org\/{rel}","templated":true}]}}