

{"id":12790,"date":"2026-03-25T12:58:52","date_gmt":"2026-03-25T11:58:52","guid":{"rendered":"https:\/\/blackviewphones.com\/?post_type=product&#038;p=12790"},"modified":"2026-05-06T09:40:59","modified_gmt":"2026-05-06T07:40:59","slug":"mini-pc-blackview-mp100-pro-i5-12450h","status":"publish","type":"product","link":"https:\/\/blackviewphones.com\/fr\/product\/blackview-mp100-pro-mini-pc-i5-12450h\/","title":{"rendered":"Mini PC Blackview MP100 Pro (i5-12450H) 4,4 GHz 45 W 16 Go de RAM 512 Go SSD"},"content":{"rendered":"<h1>Mini PC Blackview MP100 Pro (i5-12450H) 4,4 GHz 45 W 16 Go de RAM 512 Go SSD<\/h1>\n<h2 data-path-to-node=\"8\"><b data-path-to-node=\"8\" data-index-in-node=\"0\">Mini PC Intel i5-12450H\u00a0: Des performances haute tension pour votre ordinateur de bureau<\/b><\/h2>\n<p data-path-to-node=\"9\">Si vous recherchez la puissance d&#039;un ordinateur de bureau classique sans l&#039;encombrement d&#039;une tour imposante, ce mini PC est votre meilleur alli\u00e9. Gr\u00e2ce \u00e0 son processeur haute performance\u2026 <b data-path-to-node=\"9\" data-index-in-node=\"187\">Intel\u00ae Core\u2122 i5-12450H (s\u00e9rie H)<\/b>, Avec 8 c\u0153urs et 12 threads, vous pouvez ex\u00e9cuter des flux de travail lourds, des logiciels de gestion et des applications de conception avec une fluidit\u00e9 totale.<\/p>\n<p data-path-to-node=\"10\"><b data-path-to-node=\"10\" data-index-in-node=\"0\">Vitesse de stockage et de m\u00e9moire de niveau sup\u00e9rieur<\/b> Ne perdez pas de temps \u00e0 attendre. Avec votre <b data-path-to-node=\"10\" data-index-in-node=\"83\">SSD M.2 de 512 Go avec technologie PCIe 4.0<\/b>, Le transfert de donn\u00e9es et le d\u00e9marrage du syst\u00e8me sont incroyablement rapides. <b data-path-to-node=\"10\" data-index-in-node=\"210\">16 Go de RAM DDR4<\/b> Ils permettent un multit\u00e2che intensif sans latence, et si vous avez besoin de plus, vous pouvez facilement l&#039;\u00e9tendre jusqu&#039;\u00e0 <b data-path-to-node=\"10\" data-index-in-node=\"333\">64 Go<\/b>.<\/p>\n<p data-path-to-node=\"11\"><b data-path-to-node=\"11\" data-index-in-node=\"0\">Connectivit\u00e9 de nouvelle g\u00e9n\u00e9ration et triple vid\u00e9o<\/b> Optimisez votre espace de travail en connectant jusqu&#039;\u00e0 <b data-path-to-node=\"11\" data-index-in-node=\"94\">Trois \u00e9crans simultan\u00e9s en r\u00e9solution 4K \u00e0 60 Hz<\/b> gr\u00e2ce \u00e0 ses ports HDMI 2.0, DisplayPort 1.4 et USB-C polyvalents en fa\u00e7ade. De plus, l&#039;int\u00e9gration de <b data-path-to-node=\"11\" data-index-in-node=\"256\">Wi-Fi 6<\/b> Le Bluetooth assure une connexion sans fil stable et rapide, tandis que ses six ports USB permettent de connecter tous vos p\u00e9riph\u00e9riques sans limitation. Le tout est g\u00e9r\u00e9 par le syst\u00e8me d&#039;exploitation. <b data-path-to-node=\"11\" data-index-in-node=\"462\">Windows 11 Professionnel<\/b>, Pr\u00eat \u00e0 travailler en milieu professionnel d\u00e8s la premi\u00e8re minute.<\/p>\n<p><em>Ce terminal est livr\u00e9 avec Windows 11 Pro et une licence OEM \u00e0 vie\u00a0; cette licence est li\u00e9e au mat\u00e9riel de l\u2019ordinateur et ne peut pas \u00eatre transf\u00e9r\u00e9e \u00e0 un autre ordinateur.<\/em><\/p>","protected":false},"excerpt":{"rendered":"<p><b data-path-to-node=\"6\" data-index-in-node=\"0\">La puissance d&#039;un professionnel de haut niveau dans un format Mini.<\/b> Dot\u00e9 du processeur <b data-path-to-node=\"6\" data-index-in-node=\"79\">Intel Core i5-12450H<\/b> 8 c\u0153urs et <b data-path-to-node=\"6\" data-index-in-node=\"115\">16 Go de RAM<\/b>, Ce mini PC est con\u00e7u pour les utilisateurs exigeants qui ont besoin de rapidit\u00e9 pour le multit\u00e2che, l&#039;\u00e9dition de contenu et les t\u00e2ches bureautiques avanc\u00e9es. <b data-path-to-node=\"6\" data-index-in-node=\"250\">SSD PCIe 4.0<\/b>, Avec le Wi-Fi 6 et la prise en charge de trois \u00e9crans 4K, il offre l&#039;\u00e9quilibre parfait entre puissance brute et gain de place.<\/p>\n<p><strong>Ce terminal est livr\u00e9 avec Windows 11 Pro et une licence OEM \u00e0 vie\u00a0; cette licence est li\u00e9e au mat\u00e9riel de l\u2019ordinateur et ne peut pas \u00eatre transf\u00e9r\u00e9e \u00e0 un autre ordinateur.<\/strong><\/p>","protected":false},"featured_media":13390,"comment_status":"open","ping_status":"closed","template":"","meta":{"_acf_changed":false},"product_brand":[],"product_cat":[153,159,151,332,338],"product_tag":[],"class_list":{"0":"post-12790","1":"product","2":"type-product","3":"status-publish","4":"has-post-thumbnail","6":"product_cat-equipos-blackview-mini-pc","7":"product_cat-ofertas","8":"product_cat-equipos-blackview","9":"product_cat-reservar-moviles-blackview","10":"product_cat-productos","12":"first","13":"instock","14":"sale","15":"shipping-taxable","16":"purchasable","17":"product-type-variable","18":"has-default-attributes"},"acf":[],"_links":{"self":[{"href":"https:\/\/blackviewphones.com\/fr\/wp-json\/wp\/v2\/product\/12790","targetHints":{"allow":["GET"]}}],"collection":[{"href":"https:\/\/blackviewphones.com\/fr\/wp-json\/wp\/v2\/product"}],"about":[{"href":"https:\/\/blackviewphones.com\/fr\/wp-json\/wp\/v2\/types\/product"}],"replies":[{"embeddable":true,"href":"https:\/\/blackviewphones.com\/fr\/wp-json\/wp\/v2\/comments?post=12790"}],"version-history":[{"count":0,"href":"https:\/\/blackviewphones.com\/fr\/wp-json\/wp\/v2\/product\/12790\/revisions"}],"wp:featuredmedia":[{"embeddable":true,"href":"https:\/\/blackviewphones.com\/fr\/wp-json\/wp\/v2\/media\/13390"}],"wp:attachment":[{"href":"https:\/\/blackviewphones.com\/fr\/wp-json\/wp\/v2\/media?parent=12790"}],"wp:term":[{"taxonomy":"product_brand","embeddable":true,"href":"https:\/\/blackviewphones.com\/fr\/wp-json\/wp\/v2\/product_brand?post=12790"},{"taxonomy":"product_cat","embeddable":true,"href":"https:\/\/blackviewphones.com\/fr\/wp-json\/wp\/v2\/product_cat?post=12790"},{"taxonomy":"product_tag","embeddable":true,"href":"https:\/\/blackviewphones.com\/fr\/wp-json\/wp\/v2\/product_tag?post=12790"}],"curies":[{"name":"wp","href":"https:\/\/api.w.org\/{rel}","templated":true}]}}