

{"id":12777,"date":"2026-03-25T12:47:50","date_gmt":"2026-03-25T11:47:50","guid":{"rendered":"https:\/\/blackviewphones.com\/?post_type=product&#038;p=12777"},"modified":"2026-05-04T10:56:36","modified_gmt":"2026-05-04T08:56:36","slug":"mini-pc-blackview-mp100-pro-i3-1215u","status":"publish","type":"product","link":"https:\/\/blackviewphones.com\/fr\/product\/blackview-mp100-pro-mini-pc-i3-1215u\/","title":{"rendered":"Mini PC Blackview MP100 Pro (i3-1215U) 4,4 GHz 28 W, 16 Go de RAM, SSD de 512 Go"},"content":{"rendered":"<h1>Mini PC Blackview MP100 Pro (i3-1215U) 4,4 GHz 28 W, 16 Go de RAM, SSD de 512 Go<\/h1>\n<p data-path-to-node=\"8\"><b data-path-to-node=\"8\" data-index-in-node=\"0\">Mini PC haute performance : le cerveau de votre ordinateur de bureau, en format miniature<\/b><\/p>\n<p data-path-to-node=\"9\">Boostez votre productivit\u00e9 avec ce mini PC nouvelle g\u00e9n\u00e9ration. Gr\u00e2ce \u00e0 son processeur <b data-path-to-node=\"9\" data-index-in-node=\"105\">Intel\u00ae Core\u2122 i3-1215U (Alder Lake)<\/b> Gr\u00e2ce \u00e0 son processeur \u00e0 6 c\u0153urs, cet ordinateur g\u00e8re les t\u00e2ches complexes, la navigation web intensive et les applications bureautiques avec une fluidit\u00e9 surprenante. Il est \u00e9quip\u00e9 de <b data-path-to-node=\"9\" data-index-in-node=\"289\">16 Go de m\u00e9moire DDR4<\/b> (extensible jusqu&#039;\u00e0 64 Go) et stockage <b data-path-to-node=\"9\" data-index-in-node=\"353\">SSD M.2 NVMe PCIe 4.0 de 512 Go<\/b>, Cela garantit des temps de d\u00e9marrage quasi instantan\u00e9s et un transfert de fichiers ultra-rapide.<\/p>\n<p data-path-to-node=\"10\"><b data-path-to-node=\"10\" data-index-in-node=\"0\">Connectivit\u00e9 in\u00e9gal\u00e9e et triple \u00e9cran<\/b> Malgr\u00e9 sa petite taille (seulement 14,7 cm de c\u00f4t\u00e9), il offre une polyvalence professionnelle. Gr\u00e2ce \u00e0 ses ports <b data-path-to-node=\"10\" data-index-in-node=\"154\">HDMI 2.0, DisplayPort 1.4 et USB-C complet<\/b>, Vous pouvez connecter jusqu&#039;\u00e0 <b data-path-to-node=\"10\" data-index-in-node=\"225\">Trois \u00e9crans simultan\u00e9s avec une r\u00e9solution 4K \u00e0 60 Hz<\/b>, Id\u00e9al pour le trading, le design ou le multit\u00e2che avanc\u00e9.<\/p>\n<p data-path-to-node=\"11\"><b data-path-to-node=\"11\" data-index-in-node=\"0\">Technologie de pointe<\/b> Restez connect\u00e9 \u00e0 vitesse maximale gr\u00e2ce \u00e0 la norme <b data-path-to-node=\"11\" data-index-in-node=\"96\">Wi-Fi 6<\/b> et son port Ethernet Gigabit. Comprend <b data-path-to-node=\"11\" data-index-in-node=\"142\">Windows 11 Professionnel<\/b> Pr\u00e9install\u00e9, il offre tous les outils de s\u00e9curit\u00e9 et de gestion n\u00e9cessaires \u00e0 l&#039;environnement professionnel. Son ch\u00e2ssis gris, \u00e0 la fois \u00e9l\u00e9gant et minimaliste, occupe un minimum d&#039;espace sur votre bureau, pour un espace de travail \u00e9pur\u00e9 et fonctionnel.<\/p>\n<p data-start=\"1783\" data-end=\"1855\"><strong data-start=\"1791\" data-end=\"1855\">Windows 11 Pro\u00a0: <\/strong>Avec Windows 11 Pro pr\u00e9install\u00e9, le MP100 Pro vous donne acc\u00e8s \u00e0 des fonctionnalit\u00e9s professionnelles, une s\u00e9curit\u00e9 renforc\u00e9e et une exp\u00e9rience fluide et moderne, id\u00e9ale pour le travail intensif comme pour les loisirs.<\/p>","protected":false},"excerpt":{"rendered":"<h3><b data-path-to-node=\"6\" data-index-in-node=\"0\">La puissance d&#039;Intel de 12e g\u00e9n\u00e9ration dans un format ultra-compact.<\/b><\/h3>\n<p>Ce mini PC est \u00e9quip\u00e9 d&#039;un processeur <b data-path-to-node=\"6\" data-index-in-node=\"100\">Intel Core i3-1215U<\/b>, <b data-path-to-node=\"6\" data-index-in-node=\"121\">16 Go de RAM<\/b> et tr\u00e8s rapide <b data-path-to-node=\"6\" data-index-in-node=\"149\">SSD Gen4 de 512 Go<\/b>, C&#039;est la solution id\u00e9ale pour les bureaux modernes et le divertissement \u00e0 domicile. Compatible avec jusqu&#039;\u00e0 <b data-path-to-node=\"6\" data-index-in-node=\"265\">3 moniteurs 4K<\/b>, Avec le Wi-Fi 6 et Windows 11 Pro, vous b\u00e9n\u00e9ficiez des performances d&#039;une tour professionnelle dans un format de moins de 500 grammes.<\/p>","protected":false},"featured_media":13382,"comment_status":"open","ping_status":"closed","template":"","meta":{"_acf_changed":false},"product_brand":[287],"product_cat":[153,159,151,332,338],"product_tag":[],"class_list":{"0":"post-12777","1":"product","2":"type-product","3":"status-publish","4":"has-post-thumbnail","6":"product_brand-blackview","7":"product_cat-equipos-blackview-mini-pc","8":"product_cat-ofertas","9":"product_cat-equipos-blackview","10":"product_cat-reservar-moviles-blackview","11":"product_cat-productos","13":"first","14":"instock","15":"sale","16":"shipping-taxable","17":"purchasable","18":"product-type-variable","19":"has-default-attributes"},"acf":[],"_links":{"self":[{"href":"https:\/\/blackviewphones.com\/fr\/wp-json\/wp\/v2\/product\/12777","targetHints":{"allow":["GET"]}}],"collection":[{"href":"https:\/\/blackviewphones.com\/fr\/wp-json\/wp\/v2\/product"}],"about":[{"href":"https:\/\/blackviewphones.com\/fr\/wp-json\/wp\/v2\/types\/product"}],"replies":[{"embeddable":true,"href":"https:\/\/blackviewphones.com\/fr\/wp-json\/wp\/v2\/comments?post=12777"}],"version-history":[{"count":0,"href":"https:\/\/blackviewphones.com\/fr\/wp-json\/wp\/v2\/product\/12777\/revisions"}],"wp:featuredmedia":[{"embeddable":true,"href":"https:\/\/blackviewphones.com\/fr\/wp-json\/wp\/v2\/media\/13382"}],"wp:attachment":[{"href":"https:\/\/blackviewphones.com\/fr\/wp-json\/wp\/v2\/media?parent=12777"}],"wp:term":[{"taxonomy":"product_brand","embeddable":true,"href":"https:\/\/blackviewphones.com\/fr\/wp-json\/wp\/v2\/product_brand?post=12777"},{"taxonomy":"product_cat","embeddable":true,"href":"https:\/\/blackviewphones.com\/fr\/wp-json\/wp\/v2\/product_cat?post=12777"},{"taxonomy":"product_tag","embeddable":true,"href":"https:\/\/blackviewphones.com\/fr\/wp-json\/wp\/v2\/product_tag?post=12777"}],"curies":[{"name":"wp","href":"https:\/\/api.w.org\/{rel}","templated":true}]}}