

{"id":12703,"date":"2026-03-24T14:19:19","date_gmt":"2026-03-24T13:19:19","guid":{"rendered":"https:\/\/blackviewphones.com\/?post_type=product&#038;p=12703"},"modified":"2026-05-04T12:54:58","modified_gmt":"2026-05-04T10:54:58","slug":"blackview-wave-7c","status":"publish","type":"product","link":"https:\/\/blackviewphones.com\/fr\/product\/blackview-wave-7c\/","title":{"rendered":"Blackview Wave 7C Cam\u00e9ra 32MP 6,5\u2033 HD+"},"content":{"rendered":"<h1>Smartphone Blackview Wave 7C, appareil photo 32 MP, \u00e9cran HD+ de 6,56 pouces<\/h1>\n<p><strong>Un design haut de gamme inspir\u00e9 des smartphones de luxe, \u00e0 un prix abordable.<\/strong><\/p>\n<p>Le Blackview Wave 7C se distingue par son design \u00e9l\u00e9gant et moderne. Il est dot\u00e9 de <strong>4 Go<\/strong> par c\u0153ur <strong>B\u00c9LIER<\/strong>, extensible via une technologie d&#039;extension virtuelle jusqu&#039;\u00e0 <strong>16 Go de RAM<\/strong>, Cela permet un meilleur multit\u00e2che et des performances applicatives plus stables. Son module cam\u00e9ra et ses lignes \u00e9pur\u00e9es rappellent\u2026 <strong>style des appareils haut de gamme<\/strong> Le plus populaire du march\u00e9, offrant un look sophistiqu\u00e9 sans avoir \u00e0 payer le prix d&#039;un t\u00e9l\u00e9phone portable haut de gamme.<\/p>\n<p>De plus, il comprend <strong>64 Go ou 128 Go<\/strong> de <strong>stockage interne<\/strong> (<strong>ROM<\/strong>) pour stocker des photos, des vid\u00e9os, des applications et des documents. Si vous avez besoin de plus d&#039;espace, l&#039;appareil vous permet d&#039;\u00e9tendre le stockage gr\u00e2ce \u00e0 une carte microSD. <strong>jusqu&#039;\u00e0 2 To<\/strong>, offrant une grande capacit\u00e9 de stockage pour les contenus et fichiers multim\u00e9dias.<\/p>\n<p>Gr\u00e2ce \u00e0 cette combinaison d&#039;un design attrayant et d&#039;un prix abordable, le Wave 7C est un excellent choix pour ceux qui recherchent un smartphone \u00e0 l&#039;esth\u00e9tique haut de gamme, aux bonnes performances et offrant un excellent rapport qualit\u00e9-prix.<\/p>\n<p><strong>Un style haut de gamme \u00e0 un prix abordable<\/strong><\/p>\n<p>Avec le Blackview Wave 7C, vous pouvez profiter d&#039;un smartphone au design moderne similaire \u00e0 des mod\u00e8les beaucoup plus chers, tout en conservant un prix abordable.<\/p>\n<p><strong>Appareil photo 32 MP pour capturer chaque d\u00e9tail<\/strong><\/p>\n<p>L&#039;un des atouts du Blackview Wave 7C est son appareil photo principal de 32 m\u00e9gapixels, qui permet de prendre des photos nettes et d\u00e9taill\u00e9es dans diverses situations. Il est id\u00e9al pour immortaliser les moments du quotidien, les paysages ou partager du contenu sur les r\u00e9seaux sociaux.<\/p>\n<p><strong>Grand \u00e9cran HD+ de 6,56 pouces<\/strong><\/p>\n<p>Profitez d&#039;une exp\u00e9rience visuelle claire et confortable gr\u00e2ce \u00e0 son \u00e9cran HD+ de 6,56 pouces. Id\u00e9al pour regarder des vid\u00e9os, naviguer sur Internet ou utiliser vos applications pr\u00e9f\u00e9r\u00e9es.<\/p>\n<p><strong>Batterie de 5000 mAh pour une utilisation tout au long de la journ\u00e9e<\/strong><\/p>\n<p>La batterie de 5000 mAh offre une autonomie prolong\u00e9e, vous permettant d&#039;utiliser votre smartphone toute la journ\u00e9e sans vous soucier de le recharger constamment.<\/p>","protected":false},"excerpt":{"rendered":"<p data-start=\"618\" data-end=\"953\">Il <strong data-start=\"621\" data-end=\"642\">Blackview Wave 7C<\/strong> C&#039;est un smartphone polyvalent pour un usage quotidien qui combine <strong data-start=\"703\" data-end=\"758\">4 Go de RAM, 64 Go ou 128 Go de stockage et un appareil photo de 32 MP<\/strong> capturer des images d&#039;une grande pr\u00e9cision. <strong data-start=\"803\" data-end=\"836\">\u00c9cran HD+ de 6,56 pouces<\/strong> Il offre une exp\u00e9rience visuelle confortable, tandis que <strong data-start=\"891\" data-end=\"913\">batterie de 5000 mAh<\/strong> offre une autonomie compl\u00e8te tout au long de la journ\u00e9e.<\/p>\n<p data-start=\"955\" data-end=\"1050\">Un design haut de gamme inspir\u00e9 des smartphones de luxe, \u00e0 un prix abordable. Id\u00e9al pour ceux qui recherchent <strong data-start=\"981\" data-end=\"1027\">un t\u00e9l\u00e9phone portable fiable et fluide, dot\u00e9 d&#039;un design moderne et d&#039;un bon appareil photo<\/strong> \u00e0 un prix abordable.<\/p>","protected":false},"featured_media":12731,"comment_status":"open","ping_status":"closed","template":"","meta":{"_acf_changed":false},"product_brand":[287],"product_cat":[42,327,159,332,338],"product_tag":[],"class_list":{"0":"post-12703","1":"product","2":"type-product","3":"status-publish","4":"has-post-thumbnail","6":"product_brand-blackview","7":"product_cat-moviles-blackview","8":"product_cat-moviles-inteligentes-blackview","9":"product_cat-ofertas","10":"product_cat-reservar-moviles-blackview","11":"product_cat-productos","13":"first","14":"instock","15":"sale","16":"shipping-taxable","17":"purchasable","18":"product-type-variable","19":"has-default-attributes"},"acf":[],"_links":{"self":[{"href":"https:\/\/blackviewphones.com\/fr\/wp-json\/wp\/v2\/product\/12703","targetHints":{"allow":["GET"]}}],"collection":[{"href":"https:\/\/blackviewphones.com\/fr\/wp-json\/wp\/v2\/product"}],"about":[{"href":"https:\/\/blackviewphones.com\/fr\/wp-json\/wp\/v2\/types\/product"}],"replies":[{"embeddable":true,"href":"https:\/\/blackviewphones.com\/fr\/wp-json\/wp\/v2\/comments?post=12703"}],"version-history":[{"count":0,"href":"https:\/\/blackviewphones.com\/fr\/wp-json\/wp\/v2\/product\/12703\/revisions"}],"wp:featuredmedia":[{"embeddable":true,"href":"https:\/\/blackviewphones.com\/fr\/wp-json\/wp\/v2\/media\/12731"}],"wp:attachment":[{"href":"https:\/\/blackviewphones.com\/fr\/wp-json\/wp\/v2\/media?parent=12703"}],"wp:term":[{"taxonomy":"product_brand","embeddable":true,"href":"https:\/\/blackviewphones.com\/fr\/wp-json\/wp\/v2\/product_brand?post=12703"},{"taxonomy":"product_cat","embeddable":true,"href":"https:\/\/blackviewphones.com\/fr\/wp-json\/wp\/v2\/product_cat?post=12703"},{"taxonomy":"product_tag","embeddable":true,"href":"https:\/\/blackviewphones.com\/fr\/wp-json\/wp\/v2\/product_tag?post=12703"}],"curies":[{"name":"wp","href":"https:\/\/api.w.org\/{rel}","templated":true}]}}