

{"id":12687,"date":"2026-03-24T13:41:03","date_gmt":"2026-03-24T12:41:03","guid":{"rendered":"https:\/\/blackviewphones.com\/?post_type=product&#038;p=12687"},"modified":"2026-05-07T12:39:51","modified_gmt":"2026-05-07T10:39:51","slug":"moniteur-pour-ordinateur-portable-blackview-scm8-15-pouces","status":"publish","type":"product","link":"https:\/\/blackviewphones.com\/fr\/product\/blackview-pantalla-portatil-scm8-15\/","title":{"rendered":"Moniteur portable Blackview SCM8 15\u2033"},"content":{"rendered":"<h1>Moniteur portable Blackview SCM8 15\u2033<\/h1>\n<p><span style=\"color: #000000;\">Il <strong data-start=\"1740\" data-end=\"1758\">Blackview SCM8<\/strong> Il s&#039;agit d&#039;un \u00e9cran portable Full HD de 15,3 pouces qui transforme votre ordinateur portable, PC ou tablette en un poste de travail multi-\u00e9crans, id\u00e9al pour la productivit\u00e9, le montage vid\u00e9o, la programmation ou le divertissement. Son \u00e9paisseur est \u00e0 peu pr\u00e8s la m\u00eame que\u2026 <strong data-start=\"1970\" data-end=\"1981\">9,1 mm<\/strong> et un poids de <strong data-start=\"1995\" data-end=\"2004\">800 g<\/strong>, Elle se distingue par son <strong data-start=\"2021\" data-end=\"2045\">portabilit\u00e9 extr\u00eame, <\/strong>Vous pouvez facilement le transporter dans votre sac \u00e0 dos ou votre mallette sans qu&#039;il prenne beaucoup de place.\u00a0<\/span><\/p>\n<p><strong>Votre centre de productivit\u00e9 portable. Multit\u00e2che confortable pour les yeux, o\u00f9 que vous soyez.<\/strong><\/p>\n<p>Dot\u00e9 d&#039;un \u00e9cran professionnel am\u00e9lior\u00e9, le SCM8 offre des images nettes et \u00e9clatantes dans tous les environnements. Compact et aux couleurs fid\u00e8les, il vous permet d&#039;effectuer plusieurs t\u00e2ches simultan\u00e9ment en toute fluidit\u00e9, que vous travailliez, \u00e9tudiiez ou cr\u00e9iez en d\u00e9placement.<\/p>","protected":false},"excerpt":{"rendered":"<p>Le Blackview SCM8 est un moniteur portable ultral\u00e9ger Full HD de 15 pouces.<span style=\"color: #000000;\"> (800 g) et compact, avec \u00e9cran IPS, USB-C plug-and-play et haut-parleur int\u00e9gr\u00e9.<\/span><\/p>\n<p><em><strong>Image \u00e0 titre indicatif seulement, montrant uniquement l&#039;\u00e9cran de l&#039;ordinateur portable, et non l&#039;ordinateur complet.<\/strong><\/em><\/p>","protected":false},"featured_media":12694,"comment_status":"open","ping_status":"closed","template":"","meta":{"_acf_changed":false},"product_brand":[287],"product_cat":[154,61,159,339,151,332,338],"product_tag":[],"class_list":{"0":"post-12687","1":"product","2":"type-product","3":"status-publish","4":"has-post-thumbnail","6":"product_brand-blackview","7":"product_cat-accesorios-blackview","8":"product_cat-equipos-blackview-portatiles","9":"product_cat-ofertas","10":"product_cat-otros-productos","11":"product_cat-equipos-blackview","12":"product_cat-reservar-moviles-blackview","13":"product_cat-productos","15":"first","16":"instock","17":"sale","18":"shipping-taxable","19":"purchasable","20":"product-type-variable","21":"has-default-attributes"},"acf":[],"_links":{"self":[{"href":"https:\/\/blackviewphones.com\/fr\/wp-json\/wp\/v2\/product\/12687","targetHints":{"allow":["GET"]}}],"collection":[{"href":"https:\/\/blackviewphones.com\/fr\/wp-json\/wp\/v2\/product"}],"about":[{"href":"https:\/\/blackviewphones.com\/fr\/wp-json\/wp\/v2\/types\/product"}],"replies":[{"embeddable":true,"href":"https:\/\/blackviewphones.com\/fr\/wp-json\/wp\/v2\/comments?post=12687"}],"version-history":[{"count":1,"href":"https:\/\/blackviewphones.com\/fr\/wp-json\/wp\/v2\/product\/12687\/revisions"}],"predecessor-version":[{"id":13924,"href":"https:\/\/blackviewphones.com\/fr\/wp-json\/wp\/v2\/product\/12687\/revisions\/13924"}],"wp:featuredmedia":[{"embeddable":true,"href":"https:\/\/blackviewphones.com\/fr\/wp-json\/wp\/v2\/media\/12694"}],"wp:attachment":[{"href":"https:\/\/blackviewphones.com\/fr\/wp-json\/wp\/v2\/media?parent=12687"}],"wp:term":[{"taxonomy":"product_brand","embeddable":true,"href":"https:\/\/blackviewphones.com\/fr\/wp-json\/wp\/v2\/product_brand?post=12687"},{"taxonomy":"product_cat","embeddable":true,"href":"https:\/\/blackviewphones.com\/fr\/wp-json\/wp\/v2\/product_cat?post=12687"},{"taxonomy":"product_tag","embeddable":true,"href":"https:\/\/blackviewphones.com\/fr\/wp-json\/wp\/v2\/product_tag?post=12687"}],"curies":[{"name":"wp","href":"https:\/\/api.w.org\/{rel}","templated":true}]}}