

{"id":12673,"date":"2026-03-24T12:17:35","date_gmt":"2026-03-24T11:17:35","guid":{"rendered":"https:\/\/blackviewphones.com\/?post_type=product&#038;p=12673"},"modified":"2026-05-11T10:35:04","modified_gmt":"2026-05-11T08:35:04","slug":"etui-robuste-blackview-pour-fort100-2","status":"publish","type":"product","link":"https:\/\/blackviewphones.com\/fr\/product\/blackview-rugged-funda-para-fort100\/","title":{"rendered":"\u00c9tui robuste Blackview pour Fort100"},"content":{"rendered":"<h1 data-spm-anchor-id=\"a2g0o.detail.1000016.i4.6bb25b43f3exZP\">\u00c9tui robuste Blackview pour Fort 100<\/h1>\n<p data-spm-anchor-id=\"a2g0o.detail.1000016.i4.6bb25b43f3exZP\">Prot\u00e9gez votre smartphone avec la coque Blackview d&#039;origine pour le FORT100, con\u00e7ue pour une durabilit\u00e9 exceptionnelle, une prise en main s\u00fbre et une protection optimale contre les chocs et les rayures. Fabriqu\u00e9e avec des mat\u00e9riaux robustes, elle \u00e9pouse parfaitement les formes de l&#039;appareil sans g\u00eaner son utilisation quotidienne. D\u00e9couvrez la coque Blackview Rugged pour le t\u00e9l\u00e9phone durci Fort 100. Elle est dot\u00e9e d&#039;un anneau qui se transforme en support ou en fixation de bureau pour plus de praticit\u00e9 lors du visionnage de vid\u00e9os ou d&#039;autres activit\u00e9s.<\/p>\n<p><strong>Protection maximale pour votre FORT 100<\/strong><\/p>\n<p>Con\u00e7ue sp\u00e9cifiquement pour le t\u00e9l\u00e9phone ultra-r\u00e9sistant FORT100, cette coque de pr\u00e9cision repousse les limites de la durabilit\u00e9. Pour une protection optimale, exigez une coque con\u00e7ue exclusivement pour votre appareil.<\/p>\n<p><strong>Con\u00e7u pour le FORT 100<\/strong><\/p>\n<p>Il ne s&#039;agit pas d&#039;une coque g\u00e9n\u00e9rique adapt\u00e9e \u00e0 d&#039;autres mod\u00e8les\u00a0; elle est con\u00e7ue sp\u00e9cifiquement pour le FORT100. Son ajustement parfait et pr\u00e9cis enveloppe votre t\u00e9l\u00e9phone d&#039;une couche de protection suppl\u00e9mentaire sans l&#039;alourdir inutilement, vous offrant ainsi une protection accrue contre les chutes et les chocs, exactement l\u00e0 o\u00f9 vous en avez besoin.<\/p>\n<h2>Principales caract\u00e9ristiques de l&#039;\u00e9tui Blackview FORT100\u00a0:<\/h2>\n<ul>\n<li>Garantie d&#039;ajustement parfait\u00a0: Con\u00e7ue exclusivement pour les dimensions du FORT100 avec des d\u00e9coupes pr\u00e9cises pour tous les ports et boutons.<\/li>\n<li>Durabilit\u00e9 accrue\u00a0: Ajoutez une couche de protection suppl\u00e9mentaire \u00e0 votre t\u00e9l\u00e9phone d\u00e9j\u00e0 robuste pour une tranquillit\u00e9 d\u2019esprit maximale.<\/li>\n<li>Support de bague int\u00e9gr\u00e9\u00a0: Le support de bague int\u00e9gr\u00e9 offre une prise en main s\u00fbre et une visualisation mains libres sous plusieurs angles.<\/li>\n<li>Construction robuste : reste fermement en place sans glisser ni bouger pendant l&#039;utilisation.<\/li>\n<li>Options de couleurs assorties\u00a0: Disponible en noir et blanc lunaire pour compl\u00e9ter parfaitement votre FORT100.<\/li>\n<li>Fonctionnalit\u00e9s intactes : acc\u00e8s complet \u00e0 toutes les fonctions, cam\u00e9ras et ports sans avoir besoin de retirer la coque.<\/li>\n<li>Con\u00e7u pour votre style de vie<\/li>\n<li>Que vous soyez sur un chantier, en pleine nature ou que vous souhaitiez simplement une protection maximale pour votre investissement, cette coque est faite pour vous. Son anneau de maintien int\u00e9gr\u00e9 assure une prise en main s\u00fbre et permet une utilisation \u00e0 une main. Il sert \u00e9galement de support pratique pour regarder des vid\u00e9os ou passer des appels vid\u00e9o. Ayez l&#039;esprit tranquille\u00a0: votre FORT100 est prot\u00e9g\u00e9 par une coque con\u00e7ue sur mesure.<\/li>\n<li>Disponible en deux finitions haut de gamme\u00a0: noir classique ou blanc lunaire \u00e9l\u00e9gant. Choisissez la couleur qui s\u2019harmonise le mieux avec votre FORT100.<\/li>\n<\/ul>\n<p>\u00a0<\/p>","protected":false},"excerpt":{"rendered":"<p>Prot\u00e9gez votre smartphone avec cette coque. <strong>original<\/strong> \u00c9tui robuste Blackview pour FORT100, con\u00e7u pour offrir une durabilit\u00e9 sup\u00e9rieure, une prise en main s\u00fbre et une protection optimale contre les chocs et les rayures. Fabriqu\u00e9 avec des mat\u00e9riaux r\u00e9sistants, il \u00e9pouse parfaitement les formes de l&#039;appareil sans g\u00eaner son utilisation quotidienne. D\u00e9couvrez l&#039;\u00e9tui robuste Blackview pour t\u00e9l\u00e9phones ultra-r\u00e9sistants, comme le Fort 100. Il est dot\u00e9 d&#039;un anneau faisant office de support ou de fixation pour bureau, pour plus de praticit\u00e9 lors du visionnage de vid\u00e9os ou d&#039;autres activit\u00e9s.<\/p>","protected":false},"featured_media":12680,"comment_status":"open","ping_status":"closed","template":"","meta":{"_acf_changed":false},"product_brand":[],"product_cat":[154,330,159,338],"product_tag":[],"class_list":{"0":"post-12673","1":"product","2":"type-product","3":"status-publish","4":"has-post-thumbnail","6":"product_cat-accesorios-blackview","7":"product_cat-accesorios-blackview-accesorios-para-moviles","8":"product_cat-ofertas","9":"product_cat-productos","11":"first","12":"instock","13":"sale","14":"shipping-taxable","15":"purchasable","16":"product-type-variable","17":"has-default-attributes"},"acf":[],"_links":{"self":[{"href":"https:\/\/blackviewphones.com\/fr\/wp-json\/wp\/v2\/product\/12673","targetHints":{"allow":["GET"]}}],"collection":[{"href":"https:\/\/blackviewphones.com\/fr\/wp-json\/wp\/v2\/product"}],"about":[{"href":"https:\/\/blackviewphones.com\/fr\/wp-json\/wp\/v2\/types\/product"}],"replies":[{"embeddable":true,"href":"https:\/\/blackviewphones.com\/fr\/wp-json\/wp\/v2\/comments?post=12673"}],"version-history":[{"count":0,"href":"https:\/\/blackviewphones.com\/fr\/wp-json\/wp\/v2\/product\/12673\/revisions"}],"wp:featuredmedia":[{"embeddable":true,"href":"https:\/\/blackviewphones.com\/fr\/wp-json\/wp\/v2\/media\/12680"}],"wp:attachment":[{"href":"https:\/\/blackviewphones.com\/fr\/wp-json\/wp\/v2\/media?parent=12673"}],"wp:term":[{"taxonomy":"product_brand","embeddable":true,"href":"https:\/\/blackviewphones.com\/fr\/wp-json\/wp\/v2\/product_brand?post=12673"},{"taxonomy":"product_cat","embeddable":true,"href":"https:\/\/blackviewphones.com\/fr\/wp-json\/wp\/v2\/product_cat?post=12673"},{"taxonomy":"product_tag","embeddable":true,"href":"https:\/\/blackviewphones.com\/fr\/wp-json\/wp\/v2\/product_tag?post=12673"}],"curies":[{"name":"wp","href":"https:\/\/api.w.org\/{rel}","templated":true}]}}