

{"id":12212,"date":"2026-02-06T15:33:22","date_gmt":"2026-02-06T14:33:22","guid":{"rendered":"https:\/\/blackviewphones.com\/?post_type=product&#038;p=12212"},"modified":"2026-05-09T20:00:52","modified_gmt":"2026-05-09T18:00:52","slug":"montre-connectee-blackview-z30-pour-enfants","status":"publish","type":"product","link":"https:\/\/blackviewphones.com\/fr\/product\/blackview-z30-smartwatch-para-ninos\/","title":{"rendered":"Blackview Z30 \u2013 Montre connect\u00e9e pour enfants"},"content":{"rendered":"<h1>Blackview Z30 \u2013 Montre connect\u00e9e pour enfants<\/h1>\n<p data-start=\"256\" data-end=\"794\">Il <strong data-start=\"259\" data-end=\"276\">Blackview Z30<\/strong> C&#039;est une montre connect\u00e9e con\u00e7ue pour la s\u00e9curit\u00e9 et la communication des enfants, alliant technologie de pointe, g\u00e9olocalisation pr\u00e9cise et fonctionnalit\u00e9s pratiques au quotidien. Gr\u00e2ce \u00e0 ses <strong data-start=\"460\" data-end=\"506\">Triple positionnement (GPS + LBS + Wi-Fi)<\/strong> et son <strong data-start=\"512\" data-end=\"540\">\u00e9cran tactile de 1,75 pouce\u201d<\/strong>, Les enfants et les parents peuvent rester connect\u00e9s en permanence gr\u00e2ce aux appels vid\u00e9o HD, aux appels vocaux et \u00e0 la messagerie. L&#039;application comprend \u00e9galement des outils de s\u00e9curit\u00e9 tels que\u00a0: <strong data-start=\"712\" data-end=\"725\">Bouton SOS<\/strong>, <strong data-start=\"727\" data-end=\"758\">zones de s\u00e9curit\u00e9 configurables<\/strong> et <strong data-start=\"761\" data-end=\"791\">mode scolaire \u201c ne pas d\u00e9ranger \u201d<\/strong>.<\/p>\n<ul data-start=\"796\" data-end=\"1495\">\n<li data-start=\"796\" data-end=\"918\">\n<p data-start=\"798\" data-end=\"918\"><strong data-start=\"798\" data-end=\"831\">Cam\u00e9ra HD ultra grand angle\u00a0:<\/strong> Capturez les meilleurs moments de la vie sous tous les angles, n&#039;importe o\u00f9.<\/p>\n<\/li>\n<li data-start=\"919\" data-end=\"1000\">\n<p data-start=\"921\" data-end=\"1000\"><strong data-start=\"921\" data-end=\"958\">Lampe torche LED haute luminosit\u00e9 :<\/strong> Lumi\u00e8re constante id\u00e9ale pour une utilisation nocturne.<\/p>\n<\/li>\n<li data-start=\"1001\" data-end=\"1152\">\n<p data-start=\"1003\" data-end=\"1152\"><strong data-start=\"1003\" data-end=\"1036\">Appel SOS en un clic\u00a0:<\/strong> En cas d&#039;urgence, la montre lance automatiquement un appel SOS et avertit les contacts d&#039;urgence.<\/p>\n<\/li>\n<li data-start=\"1153\" data-end=\"1276\">\n<p data-start=\"1155\" data-end=\"1276\"><strong data-start=\"1155\" data-end=\"1183\">Connectivit\u00e9 4G stable\u00a0:<\/strong> Il permet les appels, les conversations vocales et les appels vid\u00e9o HD pour une communication claire et fiable.<\/p>\n<\/li>\n<li data-start=\"1153\" data-end=\"1276\">\n<p data-start=\"1155\" data-end=\"1276\"><strong data-start=\"1279\" data-end=\"1329\">Appels vid\u00e9o HD et chat vocal en temps r\u00e9el\u00a0:<\/strong> Les parents peuvent ainsi observer clairement l&#039;environnement de l&#039;enfant, v\u00e9rifier sa s\u00e9curit\u00e9 et maintenir une communication directe et constante, renfor\u00e7ant ainsi les liens familiaux.<\/p>\n<div id=\"gtx-trans\" style=\"position: absolute; left: 677px; top: 1329.41px;\">\n<div class=\"gtx-trans-icon\"><\/div>\n<\/div>\n<p><em><strong>Instructions du fabricant\u00a0:<\/strong><\/em><\/p>\n<p>1. \u00c9cran HD de 1,75 pouce, conception flexible et conviviale de l&#039;application int\u00e9gr\u00e9e pour montre, affichage simple avec plus d&#039;informations en un coup d&#039;\u0153il.<br \/>\n2. R\u00e9sistance \u00e0 l&#039;eau IP68, r\u00e9pond aux besoins quotidiens en mati\u00e8re de r\u00e9sistance \u00e0 l&#039;eau, pas besoin de s&#039;inqui\u00e9ter de la pluie ou d&#039;un lavage de mains rapide tant que les ports sont ferm\u00e9s.<br \/>\n3. Les utilisateurs peuvent le transporter gr\u00e2ce \u00e0 une dragonne ou un \u00e9tui en silicone sp\u00e9cifique. Outre le fait de r\u00e9pondre aux diff\u00e9rents besoins d&#039;utilisation des enfants, les mat\u00e9riaux et la fabrication de la dragonne et de l&#039;\u00e9tui de protection tiennent \u00e9galement compte de la s\u00e9curit\u00e9 et sont adapt\u00e9s \u00e0 la peau sensible des enfants.<br \/>\n4. L&#039;application con\u00e7ue pour les enfants permet aux parents de d\u00e9finir des limites d&#039;activit\u00e9 gr\u00e2ce \u00e0 un p\u00e9rim\u00e8tre de s\u00e9curit\u00e9 \u00e9lectronique, de suivre la localisation de l&#039;enfant en temps r\u00e9el et d&#039;assurer sa s\u00e9curit\u00e9 en permanence. Les donn\u00e9es sont crypt\u00e9es afin de prot\u00e9ger la confidentialit\u00e9 des utilisateurs.<br \/>\n5. Lampe torche LED blanche haute luminosit\u00e9 et faible consommation, activable par logiciel pour un usage quotidien ou en cas d&#039;urgence en ext\u00e9rieur ; la fonction lampe torche vous apportera l&#039;aide n\u00e9cessaire.<br \/>\n6. Triple syst\u00e8me de positionnement pr\u00e9cis GPS+LBS+WIFI pour assurer la s\u00e9curit\u00e9 des enfants \u00e0 tout moment.<br \/>\n7. Les parents d\u00e9finissent la zone de s\u00e9curit\u00e9 via la cl\u00f4ture \u00e9lectronique de l&#039;application. Si l&#039;enfant se trouve en dehors de cette zone, les parents re\u00e7oivent une alerte en temps r\u00e9el.<br \/>\n8. Sept jeux int\u00e9gr\u00e9s pour enfants, d\u00e9velopp\u00e9s sp\u00e9cifiquement pour les montres pour enfants, qui sont plus fluides et plus divertissants lorsqu&#039;ils sont associ\u00e9s \u00e0 l&#039;\u00e9cran haute d\u00e9finition de 1,75 pouce.<br \/>\n9. Pr\u00e9cision de positionnement de la station de base LBS : 100-1000 m Pr\u00e9cision de positionnement WiFi : 10-100 m.<\/li>\n<\/ul>","protected":false},"excerpt":{"rendered":"<h3>Montre connect\u00e9e id\u00e9ale pour les enfants<\/h3>\n<p>\u2714Prendre des photos<br \/>\n\u2714Bouton d&#039;appel SOS et appel vid\u00e9o 4G<br \/>\n\u2714Aide SOS en un clic<br \/>\n\u2714 Lampe torche LED<\/p>","protected":false},"featured_media":12215,"comment_status":"open","ping_status":"closed","template":"","meta":{"_acf_changed":false},"product_brand":[287],"product_cat":[159,339,90],"product_tag":[],"class_list":{"0":"post-12212","1":"product","2":"type-product","3":"status-publish","4":"has-post-thumbnail","6":"product_brand-blackview","7":"product_cat-ofertas","8":"product_cat-otros-productos","9":"product_cat-smartwatch","11":"first","12":"instock","13":"sale","14":"shipping-taxable","15":"purchasable","16":"product-type-variable","17":"has-default-attributes"},"acf":[],"_links":{"self":[{"href":"https:\/\/blackviewphones.com\/fr\/wp-json\/wp\/v2\/product\/12212","targetHints":{"allow":["GET"]}}],"collection":[{"href":"https:\/\/blackviewphones.com\/fr\/wp-json\/wp\/v2\/product"}],"about":[{"href":"https:\/\/blackviewphones.com\/fr\/wp-json\/wp\/v2\/types\/product"}],"replies":[{"embeddable":true,"href":"https:\/\/blackviewphones.com\/fr\/wp-json\/wp\/v2\/comments?post=12212"}],"version-history":[{"count":2,"href":"https:\/\/blackviewphones.com\/fr\/wp-json\/wp\/v2\/product\/12212\/revisions"}],"predecessor-version":[{"id":13891,"href":"https:\/\/blackviewphones.com\/fr\/wp-json\/wp\/v2\/product\/12212\/revisions\/13891"}],"wp:featuredmedia":[{"embeddable":true,"href":"https:\/\/blackviewphones.com\/fr\/wp-json\/wp\/v2\/media\/12215"}],"wp:attachment":[{"href":"https:\/\/blackviewphones.com\/fr\/wp-json\/wp\/v2\/media?parent=12212"}],"wp:term":[{"taxonomy":"product_brand","embeddable":true,"href":"https:\/\/blackviewphones.com\/fr\/wp-json\/wp\/v2\/product_brand?post=12212"},{"taxonomy":"product_cat","embeddable":true,"href":"https:\/\/blackviewphones.com\/fr\/wp-json\/wp\/v2\/product_cat?post=12212"},{"taxonomy":"product_tag","embeddable":true,"href":"https:\/\/blackviewphones.com\/fr\/wp-json\/wp\/v2\/product_tag?post=12212"}],"curies":[{"name":"wp","href":"https:\/\/api.w.org\/{rel}","templated":true}]}}