

{"id":12193,"date":"2026-02-06T12:34:10","date_gmt":"2026-02-06T11:34:10","guid":{"rendered":"https:\/\/blackviewphones.com\/?post_type=product&#038;p=12193"},"modified":"2026-05-06T14:26:09","modified_gmt":"2026-05-06T12:26:09","slug":"ecran-portable-blackview-table-10-238","status":"publish","type":"product","link":"https:\/\/blackviewphones.com\/fr\/product\/blackview-table-10-pantalla-portatil-238\/","title":{"rendered":"Tablette Blackview 10 | \u00c9cran portable 23,8\u2033"},"content":{"rendered":"<h1 data-start=\"212\" data-end=\"639\">Tablette Blackview 10 | \u00c9cran portable 23,8\u2033<\/h1>\n<p data-start=\"212\" data-end=\"639\">Con\u00e7u pour ceux qui en ont besoin <strong data-start=\"243\" data-end=\"304\">Plus d&#039;espace de travail, un confort accru et une mobilit\u00e9 totale<\/strong>, le <strong data-start=\"309\" data-end=\"331\">Tableau 10 de Blackview<\/strong> est un <strong data-start=\"339\" data-end=\"369\">\u00e9cran portable de 23,8 pouces\u201d<\/strong> qui transforme n&#039;importe quel espace en bureau ou en centre de divertissement. <strong data-start=\"447\" data-end=\"482\">angle de vision large de 178\u00ba<\/strong> Son design l\u00e9ger offre une exp\u00e9rience visuelle confortable et immersive, id\u00e9ale pour travailler, \u00e9tudier ou profiter de contenus multim\u00e9dias en toute simplicit\u00e9.<\/p>\n<p data-start=\"641\" data-end=\"1070\">Son design <strong data-start=\"651\" data-end=\"673\">mince et pliable<\/strong> Il comprend un support de protection <strong data-start=\"708\" data-end=\"723\">proche de 0\u00b0<\/strong>, qui entoure compl\u00e8tement l&#039;\u00e9cran et facilite le transport gr\u00e2ce \u00e0 sa poign\u00e9e int\u00e9gr\u00e9e. Il comprend \u00e9galement <strong data-start=\"836\" data-end=\"878\">fixation magn\u00e9tique stable et r\u00e9glable<\/strong>, permettant un r\u00e9glage en hauteur fluide pour une visualisation ergonomique. Compatible avec <strong data-start=\"975\" data-end=\"1003\">Supports VESA 75 \u00d7 75 mm<\/strong>, Il s&#039;adapte facilement \u00e0 tout environnement professionnel ou domestique.<\/p>\n<h3>Note importante\u00a0:<\/h3>\n<p><span data-teams=\"true\">La Table 10 est fournie avec un adaptateur secteur de 30 W pour une recharge autonome. Bien que relativement faible, cette puissance est suffisante pour alimenter la Table 10 (m\u00eame sans \u00eatre connect\u00e9e \u00e0 un ordinateur). La puissance de 80 W indiqu\u00e9e correspond \u00e0 la puissance de charge invers\u00e9e. Par exemple, si vous utilisez un chargeur de 120 W pour recharger la Table 10, celle-ci fournira un maximum de 80 W pour la charge invers\u00e9e, les 80 W restants \u00e9tant utilis\u00e9s pour recharger votre ordinateur portable.<\/span><\/p>","protected":false},"excerpt":{"rendered":"<p>Le <strong data-start=\"113\" data-end=\"135\">Tableau 10 de Blackview<\/strong> est un <strong data-start=\"143\" data-end=\"171\">\u00e9cran portable de 23,8 pouces\u201d<\/strong>, L\u00e9ger et polyvalent, id\u00e9al comme <strong data-start=\"203\" data-end=\"223\">deuxi\u00e8me \u00e9cran<\/strong> Pour le travail, les \u00e9tudes ou les loisirs. Offre une connexion internet. <strong data-start=\"281\" data-end=\"306\">Branchez et utilisez via USB-C<\/strong>, Il est dot\u00e9 d&#039;un haut-parleur int\u00e9gr\u00e9 et offre une large compatibilit\u00e9 avec les ordinateurs portables, les smartphones et les consoles. De plus, il est <strong data-start=\"401\" data-end=\"444\">Compatible avec les supports VESA 75 \u00d7 75 mm<\/strong>, permettant une configuration plus confortable et ergonomique dans n&#039;importe quel espace.<\/p>\n<p>&nbsp;<\/p>","protected":false},"featured_media":12202,"comment_status":"open","ping_status":"closed","template":"","meta":{"_acf_changed":false},"product_brand":[287],"product_cat":[151],"product_tag":[],"class_list":{"0":"post-12193","1":"product","2":"type-product","3":"status-publish","4":"has-post-thumbnail","6":"product_brand-blackview","7":"product_cat-equipos-blackview","9":"first","10":"instock","11":"sale","12":"shipping-taxable","13":"purchasable","14":"product-type-variable","15":"has-default-attributes"},"acf":[],"_links":{"self":[{"href":"https:\/\/blackviewphones.com\/fr\/wp-json\/wp\/v2\/product\/12193","targetHints":{"allow":["GET"]}}],"collection":[{"href":"https:\/\/blackviewphones.com\/fr\/wp-json\/wp\/v2\/product"}],"about":[{"href":"https:\/\/blackviewphones.com\/fr\/wp-json\/wp\/v2\/types\/product"}],"replies":[{"embeddable":true,"href":"https:\/\/blackviewphones.com\/fr\/wp-json\/wp\/v2\/comments?post=12193"}],"version-history":[{"count":2,"href":"https:\/\/blackviewphones.com\/fr\/wp-json\/wp\/v2\/product\/12193\/revisions"}],"predecessor-version":[{"id":13898,"href":"https:\/\/blackviewphones.com\/fr\/wp-json\/wp\/v2\/product\/12193\/revisions\/13898"}],"wp:featuredmedia":[{"embeddable":true,"href":"https:\/\/blackviewphones.com\/fr\/wp-json\/wp\/v2\/media\/12202"}],"wp:attachment":[{"href":"https:\/\/blackviewphones.com\/fr\/wp-json\/wp\/v2\/media?parent=12193"}],"wp:term":[{"taxonomy":"product_brand","embeddable":true,"href":"https:\/\/blackviewphones.com\/fr\/wp-json\/wp\/v2\/product_brand?post=12193"},{"taxonomy":"product_cat","embeddable":true,"href":"https:\/\/blackviewphones.com\/fr\/wp-json\/wp\/v2\/product_cat?post=12193"},{"taxonomy":"product_tag","embeddable":true,"href":"https:\/\/blackviewphones.com\/fr\/wp-json\/wp\/v2\/product_tag?post=12193"}],"curies":[{"name":"wp","href":"https:\/\/api.w.org\/{rel}","templated":true}]}}