

{"id":11797,"date":"2026-01-26T12:11:28","date_gmt":"2026-01-26T11:11:28","guid":{"rendered":"https:\/\/blackviewphones.com\/?post_type=product&#038;p=11797"},"modified":"2026-03-30T10:34:58","modified_gmt":"2026-03-30T08:34:58","slug":"cadeau-gratuit-pour-la-saint-valentin","status":"publish","type":"product","link":"https:\/\/blackviewphones.com\/fr\/produit\/cadeau-gratuit-pour-la-saint-valentin\/","title":{"rendered":"D\u00c9TAILS DE BLACKVIEW"},"content":{"rendered":"<p><strong>Ce produit ne peut \u00eatre achet\u00e9 sans commande. CADEAU EXCLUSIF offert pour toute commande de 80 \u20ac ou plus.<\/strong><\/p>","protected":false},"excerpt":{"rendered":"<p>Ce cadeau ne peut \u00eatre ajout\u00e9 s\u00e9par\u00e9ment ; il est uniquement disponible en cadeau avec certains produits.<\/p>\n<p>*Sous r\u00e9serve de disponibilit\u00e9<\/p>","protected":false},"featured_media":11798,"comment_status":"open","ping_status":"closed","template":"","meta":{"_acf_changed":false},"product_brand":[],"product_cat":[349],"product_tag":[],"class_list":{"0":"post-11797","1":"product","2":"type-product","3":"status-publish","4":"has-post-thumbnail","6":"product_cat-sin-categoria","8":"first","9":"instock","10":"shipping-taxable","11":"purchasable","12":"product-type-variable"},"acf":[],"_links":{"self":[{"href":"https:\/\/blackviewphones.com\/fr\/wp-json\/wp\/v2\/product\/11797","targetHints":{"allow":["GET"]}}],"collection":[{"href":"https:\/\/blackviewphones.com\/fr\/wp-json\/wp\/v2\/product"}],"about":[{"href":"https:\/\/blackviewphones.com\/fr\/wp-json\/wp\/v2\/types\/product"}],"replies":[{"embeddable":true,"href":"https:\/\/blackviewphones.com\/fr\/wp-json\/wp\/v2\/comments?post=11797"}],"version-history":[{"count":0,"href":"https:\/\/blackviewphones.com\/fr\/wp-json\/wp\/v2\/product\/11797\/revisions"}],"wp:featuredmedia":[{"embeddable":true,"href":"https:\/\/blackviewphones.com\/fr\/wp-json\/wp\/v2\/media\/11798"}],"wp:attachment":[{"href":"https:\/\/blackviewphones.com\/fr\/wp-json\/wp\/v2\/media?parent=11797"}],"wp:term":[{"taxonomy":"product_brand","embeddable":true,"href":"https:\/\/blackviewphones.com\/fr\/wp-json\/wp\/v2\/product_brand?post=11797"},{"taxonomy":"product_cat","embeddable":true,"href":"https:\/\/blackviewphones.com\/fr\/wp-json\/wp\/v2\/product_cat?post=11797"},{"taxonomy":"product_tag","embeddable":true,"href":"https:\/\/blackviewphones.com\/fr\/wp-json\/wp\/v2\/product_tag?post=11797"}],"curies":[{"name":"wp","href":"https:\/\/api.w.org\/{rel}","templated":true}]}}