

{"id":11538,"date":"2026-01-21T09:50:20","date_gmt":"2026-01-21T08:50:20","guid":{"rendered":"https:\/\/blackviewphones.com\/?post_type=product&#038;p=11538"},"modified":"2026-05-06T10:34:42","modified_gmt":"2026-05-06T08:34:42","slug":"tablette-blackview-mega-12-5g-ip69k","status":"publish","type":"product","link":"https:\/\/blackviewphones.com\/fr\/product\/tablet-blackview-mega-12-5g-ip69k\/","title":{"rendered":"Tablette Blackview MEGA 12 5G IP69K | 48 Go de RAM, 256 Go de ROM"},"content":{"rendered":"<h1>Tablette Blackview MEGA 12 5G IP69K | 48 Go (12 Go + 36 Go) de RAM, 256 Go de ROM<\/h1>\n<p><span style=\"color: #800000;\"><strong>\ud83c\udf81 Cette version est livr\u00e9e avec le PACK COMPLET : stylet, \u00e9couteurs, souris, verre tremp\u00e9 et \u00e9tui pour clavier.\u00a0<\/strong><\/span><\/p>\n<p data-start=\"252\" data-end=\"610\">Le Blackview MEGA 12 int\u00e8gre un <strong data-start=\"284\" data-end=\"330\">Processeur MediaTek Dimensity 7200 5G 4 nm<\/strong> avec connectivit\u00e9 <strong data-start=\"348\" data-end=\"354\">5G<\/strong>, offre <strong data-start=\"367\" data-end=\"438\">multit\u00e2che sans interruption <\/strong>avec son \u00e9cran de 12 pouces<strong data-start=\"367\" data-end=\"438\">, applications exigeantes et navigation ultra-rapide<\/strong>. Il s&#039;agit d&#039;une tablette Android 16 qui prend en charge jusqu&#039;\u00e0 <strong>48 Go de RAM LPDDR5<\/strong> et une capacit\u00e9 de stockage interne allant jusqu&#039;\u00e0 <strong data-start=\"512\" data-end=\"530\">256 Go UFS 3.1<\/strong>, extensible jusqu&#039;\u00e0 <strong data-start=\"548\" data-end=\"556\">2 To<\/strong> avec carte TF.<\/p>\n<p data-start=\"612\" data-end=\"660\"><strong>\ud83c\udf0a Certification IP69K \u2013 R\u00e9sistance extr\u00eame et drainage de l&#039;eau<\/strong><\/p>\n<p data-start=\"661\" data-end=\"905\">Con\u00e7ue pour une utilisation r\u00e9elle, cette tablette est dot\u00e9e de <strong data-start=\"708\" data-end=\"731\">Certification IP69K<\/strong>, ce qui signifie <strong data-start=\"750\" data-end=\"827\">protection totale contre les jets d&#039;eau \u00e0 haute pression, la poussi\u00e8re et les conditions extr\u00eames<\/strong>, Id\u00e9al m\u00eame pour les environnements difficiles, il a r\u00e9sist\u00e9 \u00e0 des tests d&#039;eau chaude \u00e0 85 \u00b0C. De plus, il est dot\u00e9 d&#039;une fonction autonettoyante\u00a0: une simple pression suffit pour que le syst\u00e8me fasse vibrer le module haut-parleur et expulse l&#039;eau et la poussi\u00e8re accumul\u00e9es.<\/p>\n<p data-start=\"907\" data-end=\"952\"><strong>\ud83d\udda5\ufe0f \u00c9cran immersif haute fr\u00e9quence<\/strong><\/p>\n<p data-start=\"953\" data-end=\"1150\">Son <strong data-start=\"956\" data-end=\"994\">\u00c9cran QFHD+ de 12,2 pouces avec 120 Hz<\/strong> Il offre une exp\u00e9rience visuelle fluide et d\u00e9taill\u00e9e, id\u00e9ale pour la productivit\u00e9, le divertissement ou le contenu multim\u00e9dia.<\/p>\n<p data-start=\"1152\" data-end=\"1190\"><strong>\ud83d\udd0b Batterie haute capacit\u00e9 \u00e0 charge rapide<\/strong><\/p>\n<p data-start=\"1191\" data-end=\"1394\">Equip\u00e9 d&#039;un <strong data-start=\"1208\" data-end=\"1233\">Batterie de 10 000 mAh<\/strong> et <strong data-start=\"1236\" data-end=\"1260\">Charge rapide 55 W<\/strong>, Le MEGA 12 garantit des heures d&#039;utilisation continue pour le travail, les \u00e9tudes ou les loisirs sans interruption.<\/p>\n<p data-start=\"1396\" data-end=\"1441\"><strong>\ud83d\udcf8 Appareils photo performants pour cr\u00e9er et capturer<\/strong><\/p>\n<p data-start=\"1442\" data-end=\"1635\">Il comprend un <strong data-start=\"1454\" data-end=\"1481\">Cam\u00e9ra arri\u00e8re de 50 MP<\/strong> et un <strong data-start=\"1488\" data-end=\"1508\">13 MP \u00e0 l&#039;avant<\/strong>, id\u00e9al pour les appels vid\u00e9o, la num\u00e9risation de documents et les contenus visuels de haute qualit\u00e9.<\/p>\n<p data-start=\"1637\" data-end=\"1665\"><strong>\ud83d\udd04 Connectivit\u00e9 compl\u00e8te<\/strong><\/p>\n<p data-start=\"1666\" data-end=\"1893\">Bluetooth 5.3, <strong data-start=\"1681\" data-end=\"1693\">Wi-Fi 6E<\/strong>, La navigation avanc\u00e9e (GPS\/GLONASS\/Beidou\/Galileo\/QZSS) et la double SIM font de cette tablette un outil polyvalent pour la connectivit\u00e9 quotidienne et professionnelle.<\/p>\n<p><b>IP69K + MIL-STD-810H\u00a0: CE QUE VOUS POUVEZ ET CE QUE VOUS NE POUVEZ PAS FAIRE<\/b><\/p>\n<p>Un appareil certifi\u00e9 IP69K et ayant pass\u00e9 avec succ\u00e8s les tests conformes \u00e0 la norme militaire MIL-STD-810H offre un niveau de r\u00e9sistance sup\u00e9rieur \u00e0 l&#039;eau sous haute pression, \u00e0 la poussi\u00e8re, aux chocs, aux vibrations et aux temp\u00e9ratures extr\u00eames.<\/p>\n<p><strong>Cette norme militaire am\u00e9ricaine \u00e9value les performances d&#039;un appareil dans des conditions d&#039;utilisation r\u00e9elles exigeantes, sans toutefois garantir son indestructibilit\u00e9. Voici quelques conseils pour tout appareil certifi\u00e9 IP69K et MIL-STD-810H\u00a0:<\/strong><\/p>\n<ul>\n<li aria-level=\"1\">Ne pr\u00e9sumez pas que la norme militaire permette de r\u00e9sister \u00e0 des chocs extr\u00eames ou \u00e0 des chutes de n&#039;importe quelle hauteur. L&#039;appareil est durable, mais pas incassable.<\/li>\n<li aria-level=\"1\">\u00c9vitez d&#039;exposer votre smartphone \u00e0 des pressions, des temp\u00e9ratures ou des forces d\u00e9passant les limites indiqu\u00e9es par le fabricant.<\/li>\n<li aria-level=\"1\">Bien qu&#039;il puisse r\u00e9sister \u00e0 l&#039;eau sous haute pression, ne l&#039;immergez pas pendant des p\u00e9riodes prolong\u00e9es et \u00e9vitez de manipuler les boutons sous l&#039;eau ou lors de jets directs.<\/li>\n<li aria-level=\"1\">Si le terminal a \u00e9t\u00e9 en contact avec de l&#039;eau douce, s\u00e9chez-le soigneusement avec un chiffon doux.<\/li>\n<li aria-level=\"1\">Si l&#039;objet a \u00e9t\u00e9 expos\u00e9 \u00e0 de l&#039;eau sal\u00e9e, de la boue, des produits chimiques ou tout autre liquide que de l&#039;eau douce, rincez-le d\u00e9licatement \u00e0 l&#039;eau douce puis s\u00e9chez-le compl\u00e8tement.<\/li>\n<li aria-level=\"1\">Ne proc\u00e9dez pas \u00e0 des tests extr\u00eames avec du feu, des impacts d\u00e9lib\u00e9r\u00e9s ou des chutes inutiles dans le seul but de d\u00e9montrer la durabilit\u00e9.<\/li>\n<li aria-level=\"1\">Assurez-vous que tous les couvercles, protections ou joints sont compl\u00e8tement ferm\u00e9s avant d&#039;exposer l&#039;appareil \u00e0 la poussi\u00e8re, \u00e0 la pression ou \u00e0 l&#039;humidit\u00e9.<\/li>\n<li aria-level=\"1\">Bien qu&#039;il puisse r\u00e9sister aux vibrations et aux temp\u00e9ratures \u00e9lev\u00e9es, \u00e9vitez une utilisation prolong\u00e9e sur des machines lourdes d\u00e9passant les plages certifi\u00e9es.<\/li>\n<\/ul>","protected":false},"excerpt":{"rendered":"<p>Le <strong data-start=\"3\" data-end=\"27\">Blackview MEGA 12 5G<\/strong> est un <strong data-start=\"35\" data-end=\"65\">Tablette 5G durcie IP69K<\/strong> cr\u00e9\u00e9 pour un <strong data-start=\"81\" data-end=\"112\">utilisation intensive et professionnelle<\/strong>. Il offre <strong data-start=\"121\" data-end=\"141\">haute performance<\/strong>, <strong data-start=\"143\" data-end=\"170\">Cam\u00e9ra arri\u00e8re de 50 MP<\/strong> pour des captures d\u00e9taill\u00e9es et un <strong data-start=\"202\" data-end=\"219\">grand \u00e9cran<\/strong> Id\u00e9al pour la productivit\u00e9 et le multim\u00e9dia. Sa conception robuste en fait le <strong data-start=\"296\" data-end=\"363\">Tablette robuste id\u00e9ale pour le travail, l&#039;industrie et les activit\u00e9s de plein air<\/strong>, garantir <strong data-start=\"378\" data-end=\"415\">Vitesse, s\u00e9curit\u00e9 et fiabilit\u00e9<\/strong> dans n&#039;importe quel environnement \ud83c\udf0d\u26a1<\/p>","protected":false},"featured_media":13072,"comment_status":"open","ping_status":"closed","template":"","meta":{"_acf_changed":false},"product_brand":[287],"product_cat":[159,95,328],"product_tag":[],"class_list":{"0":"post-11538","1":"product","2":"type-product","3":"status-publish","4":"has-post-thumbnail","6":"product_brand-blackview","7":"product_cat-ofertas","8":"product_cat-tablets-blackview","9":"product_cat-tablets-blackview-tablets-inteligentes-blackview","11":"first","12":"instock","13":"sale","14":"shipping-taxable","15":"purchasable","16":"product-type-variable","17":"has-default-attributes"},"acf":[],"_links":{"self":[{"href":"https:\/\/blackviewphones.com\/fr\/wp-json\/wp\/v2\/product\/11538","targetHints":{"allow":["GET"]}}],"collection":[{"href":"https:\/\/blackviewphones.com\/fr\/wp-json\/wp\/v2\/product"}],"about":[{"href":"https:\/\/blackviewphones.com\/fr\/wp-json\/wp\/v2\/types\/product"}],"replies":[{"embeddable":true,"href":"https:\/\/blackviewphones.com\/fr\/wp-json\/wp\/v2\/comments?post=11538"}],"version-history":[{"count":1,"href":"https:\/\/blackviewphones.com\/fr\/wp-json\/wp\/v2\/product\/11538\/revisions"}],"predecessor-version":[{"id":13884,"href":"https:\/\/blackviewphones.com\/fr\/wp-json\/wp\/v2\/product\/11538\/revisions\/13884"}],"wp:featuredmedia":[{"embeddable":true,"href":"https:\/\/blackviewphones.com\/fr\/wp-json\/wp\/v2\/media\/13072"}],"wp:attachment":[{"href":"https:\/\/blackviewphones.com\/fr\/wp-json\/wp\/v2\/media?parent=11538"}],"wp:term":[{"taxonomy":"product_brand","embeddable":true,"href":"https:\/\/blackviewphones.com\/fr\/wp-json\/wp\/v2\/product_brand?post=11538"},{"taxonomy":"product_cat","embeddable":true,"href":"https:\/\/blackviewphones.com\/fr\/wp-json\/wp\/v2\/product_cat?post=11538"},{"taxonomy":"product_tag","embeddable":true,"href":"https:\/\/blackviewphones.com\/fr\/wp-json\/wp\/v2\/product_tag?post=11538"}],"curies":[{"name":"wp","href":"https:\/\/api.w.org\/{rel}","templated":true}]}}