

{"id":11341,"date":"2026-01-19T12:39:48","date_gmt":"2026-01-19T11:39:48","guid":{"rendered":"https:\/\/blackviewphones.com\/?post_type=product&#038;p=11341"},"modified":"2026-05-04T10:36:33","modified_gmt":"2026-05-04T08:36:33","slug":"lecteur-de-codes-barres-blackview-rock-1-pro","status":"publish","type":"product","link":"https:\/\/blackviewphones.com\/fr\/product\/blackview-rock-1-pro-lector-de-barras\/","title":{"rendered":"Blackview ROCK 1 PRO | Avec lecteur de codes-barres"},"content":{"rendered":"<h1>Blackview ROCK 1 Pro | Avec lecteur de codes-barres<\/h1>\n<p>Il <strong data-start=\"267\" data-end=\"291\">Blackview ROCK 1 Pro<\/strong> c&#039;est un <strong data-start=\"298\" data-end=\"331\">smartphone professionnel robuste<\/strong> Avec cam\u00e9ra de vision nocturne. Con\u00e7ue pour optimiser la productivit\u00e9 dans les environnements industriels, logistiques et de vente au d\u00e9tail. <strong data-start=\"426\" data-end=\"486\">lecteur de codes-barres 2D omnidirectionnel int\u00e9gr\u00e9<\/strong> Il permet une lecture rapide et pr\u00e9cise des \u00e9tiquettes sous plusieurs angles, m\u00eame dans des conditions difficiles, \u00e9liminant ainsi le besoin d&#039;appareils externes. \u00c9quip\u00e9 de <strong data-start=\"662\" data-end=\"691\">une batterie de 15 000 mAh<\/strong>, m\u00e9moire <strong data-start=\"701\" data-end=\"730\">M\u00e9moire vive extensible jusqu&#039;\u00e0 32 Go<\/strong> et <strong data-start=\"733\" data-end=\"761\">256 Go de stockage<\/strong>, Ce terminal garantit l&#039;autonomie et la capacit\u00e9 n\u00e9cessaires pour des journ\u00e9es de travail intenses.<\/p>\n<p>De plus, son <strong data-start=\"855\" data-end=\"880\">structure robuste<\/strong> agr\u00e9\u00e9 <strong data-start=\"893\" data-end=\"922\">IP68\/IP69K et MIL-STD-810H<\/strong>, Gr\u00e2ce \u00e0 sa connectivit\u00e9 compl\u00e8te (Wi-Fi, Bluetooth 5.0, NFC et GPS multiple), il permet aux professionnels de g\u00e9rer leurs stocks, leur logistique et leurs donn\u00e9es en toute simplicit\u00e9, m\u00eame dans les environnements les plus exigeants. Il int\u00e8gre \u00e9galement un assistant vocal Gemini AI et la reconnaissance vocale.<\/p>\n<h3>Scanner flexible :<\/h3>\n<p>Gr\u00e2ce \u00e0 sa rotation \u00e0 360\u00b0, son inclinaison de \u00b150\u00b0 et sa d\u00e9viation de \u00b150\u00b0, le ROCK 1 Pro scanne les codes-barres quel que soit l&#039;angle. Plus besoin de r\u00e9gler la position du code-barres\u00a0: il suffit de viser et de scanner\u00a0!<\/p>\n<ul>\n<li><strong>EAN-13 (13 mil) :<\/strong> 7-60 cm<\/li>\n<li><strong>PDF417 (6,7 mille) :<\/strong> 11-23 cm<\/li>\n<li><strong>Code QR (15 000) :<\/strong> 5,5-40 cm<\/li>\n<\/ul>\n<p><strong>IP68 : CE QUE VOUS POUVEZ ET NE POUVEZ PAS FAIRE<\/strong><\/p>\n<p>Si un appareil est certifi\u00e9 IP68, cela signifie qu&#039;il peut \u00eatre immerg\u00e9 dans l&#039;eau.\u00a0<strong>eau douce<\/strong>\u00a0<strong>\u00e0 des profondeurs allant jusqu&#039;\u00e0 un m\u00e8tre pendant une dur\u00e9e maximale de 30 minutes, \u00e0 condition que les protections terminales restent correctement scell\u00e9es.<\/strong><\/p>\n<p><strong>Nous vous laissons quelques conseils<\/strong>\u00a0<strong>pour tout terminal certifi\u00e9 IP68<\/strong>:<\/p>\n<ul>\n<li>N&#039;exposez pas le smartphone IP68 aux courants d&#039;eau tels que l&#039;eau du robinet, les vagues de l&#039;oc\u00e9an ou les cascades.<\/li>\n<li>De plus, si votre smartphone IP68 a \u00e9t\u00e9 expos\u00e9 \u00e0 l\u2019eau douce, s\u00e9chez-le soigneusement avec un chiffon propre et doux.<\/li>\n<li>Si le smartphone IP68 a \u00e9t\u00e9 expos\u00e9 \u00e0 un type de liquide autre que de l\u2019eau douce (comme l\u2019eau de mer), rincez imm\u00e9diatement l\u2019appareil \u00e0 l\u2019eau douce douce et s\u00e9chez soigneusement avec un chiffon doux et propre.<\/li>\n<li>Si vous avez des doutes sur la bonne fermeture des protections.\u00a0<strong>NON\u00a0<\/strong>tu le mouilles.<\/li>\n<li>\u00c9vitez les tests agressifs pour d\u00e9montrer votre endurance<\/li>\n<li>Il est d\u00e9conseill\u00e9 de manipuler les boutons de l&#039;appareil dans l&#039;eau.<\/li>\n<li>Il est recommand\u00e9 de NE PAS tremper l&#039;appareil dans l&#039;eau sal\u00e9e car la certification IP ne s&#039;applique qu&#039;\u00e0 l&#039;eau douce.<\/li>\n<\/ul>\n<p><b>IP69K + MIL-STD-810H\u00a0: CE QUE VOUS POUVEZ ET CE QUE VOUS NE POUVEZ PAS FAIRE<\/b><\/p>\n<p><span style=\"font-weight: 400;\">Un appareil certifi\u00e9 IP69K et ayant pass\u00e9 avec succ\u00e8s les tests conformes \u00e0 la norme militaire MIL-STD-810H offre un niveau de r\u00e9sistance sup\u00e9rieur \u00e0 l&#039;eau sous haute pression, \u00e0 la poussi\u00e8re, aux chocs, aux vibrations et aux temp\u00e9ratures extr\u00eames.<\/span><\/p>\n<p><strong>Cette norme militaire am\u00e9ricaine \u00e9value les performances d&#039;un appareil dans des conditions d&#039;utilisation r\u00e9elles exigeantes, sans toutefois garantir son indestructibilit\u00e9. Voici quelques conseils pour tout appareil certifi\u00e9 IP69K et MIL-STD-810H\u00a0:<\/strong><\/p>\n<ul>\n<li style=\"font-weight: 400;\" aria-level=\"1\"><span style=\"font-weight: 400;\">Ne pr\u00e9sumez pas que la norme militaire permette de r\u00e9sister \u00e0 des chocs extr\u00eames ou \u00e0 des chutes de n&#039;importe quelle hauteur. L&#039;appareil est durable, mais pas incassable.<\/span><\/li>\n<li style=\"font-weight: 400;\" aria-level=\"1\"><span style=\"font-weight: 400;\">\u00c9vitez d&#039;exposer votre smartphone \u00e0 des pressions, des temp\u00e9ratures ou des forces d\u00e9passant les limites indiqu\u00e9es par le fabricant.<\/span><\/li>\n<li style=\"font-weight: 400;\" aria-level=\"1\"><span style=\"font-weight: 400;\">Bien qu&#039;il puisse r\u00e9sister \u00e0 l&#039;eau sous haute pression, ne l&#039;immergez pas pendant des p\u00e9riodes prolong\u00e9es et \u00e9vitez de manipuler les boutons sous l&#039;eau ou lors de jets directs.<\/span><\/li>\n<li style=\"font-weight: 400;\" aria-level=\"1\"><span style=\"font-weight: 400;\">Si le terminal a \u00e9t\u00e9 en contact avec de l&#039;eau douce, s\u00e9chez-le soigneusement avec un chiffon doux.<\/span><\/li>\n<li style=\"font-weight: 400;\" aria-level=\"1\"><span style=\"font-weight: 400;\">Si l&#039;objet a \u00e9t\u00e9 expos\u00e9 \u00e0 de l&#039;eau sal\u00e9e, de la boue, des produits chimiques ou tout autre liquide que de l&#039;eau douce, rincez-le d\u00e9licatement \u00e0 l&#039;eau douce puis s\u00e9chez-le compl\u00e8tement.<\/span><\/li>\n<li style=\"font-weight: 400;\" aria-level=\"1\"><span style=\"font-weight: 400;\">Ne proc\u00e9dez pas \u00e0 des tests extr\u00eames avec du feu, des impacts d\u00e9lib\u00e9r\u00e9s ou des chutes inutiles dans le seul but de d\u00e9montrer la durabilit\u00e9.<\/span><\/li>\n<li style=\"font-weight: 400;\" aria-level=\"1\"><span style=\"font-weight: 400;\">Assurez-vous que tous les couvercles, protections ou joints sont compl\u00e8tement ferm\u00e9s avant d&#039;exposer l&#039;appareil \u00e0 la poussi\u00e8re, \u00e0 la pression ou \u00e0 l&#039;humidit\u00e9.<\/span><\/li>\n<li style=\"font-weight: 400;\" aria-level=\"1\"><span style=\"font-weight: 400;\">Bien qu&#039;il puisse r\u00e9sister aux vibrations et aux temp\u00e9ratures \u00e9lev\u00e9es, \u00e9vitez une utilisation prolong\u00e9e sur des machines lourdes d\u00e9passant les plages certifi\u00e9es.<\/span><\/li>\n<\/ul>\n<p><strong><span style=\"color: #ff0000;\">Remarque importante\u00a0: le lecteur de codes-barres (APP Scan 5.0\u00a0: unique ou par lots, activation avec le bouton PPT) ne prend pas en charge les lecteurs tiers.<\/span><\/strong><\/p>","protected":false},"excerpt":{"rendered":"<p>Le Blackview Rock 1 Pro est un smartphone robuste dot\u00e9 de<strong> Lecteur de codes-barres int\u00e9gr\u00e9, cam\u00e9ra de vision nocturne, batterie de 15\u00a0000 mAh<\/strong> et une conception robuste. <strong>Id\u00e9al pour<\/strong> utilisation professionnelle dans <strong>logistique, industrie et environnements exigeants<\/strong>.<\/p>\n<p><strong><span style=\"color: #ff0000;\">Remarque importante\u00a0: le lecteur de codes-barres (APP Scan 5.0\u00a0: unique ou par lots, activation avec le bouton PPT) ne prend pas en charge les lecteurs tiers.<\/span><\/strong><\/p>","protected":false},"featured_media":11344,"comment_status":"open","ping_status":"closed","template":"","meta":{"_acf_changed":false},"product_brand":[287],"product_cat":[42,136,166,159,332],"product_tag":[],"class_list":{"0":"post-11341","1":"product","2":"type-product","3":"status-publish","4":"has-post-thumbnail","6":"product_brand-blackview","7":"product_cat-moviles-blackview","8":"product_cat-moviles-resistentes-rugerizados","9":"product_cat-moviles-resistentes-rugerizados-nuevos-modelos","10":"product_cat-ofertas","11":"product_cat-reservar-moviles-blackview","13":"first","14":"instock","15":"sale","16":"featured","17":"shipping-taxable","18":"purchasable","19":"product-type-variable","20":"has-default-attributes"},"acf":[],"_links":{"self":[{"href":"https:\/\/blackviewphones.com\/fr\/wp-json\/wp\/v2\/product\/11341","targetHints":{"allow":["GET"]}}],"collection":[{"href":"https:\/\/blackviewphones.com\/fr\/wp-json\/wp\/v2\/product"}],"about":[{"href":"https:\/\/blackviewphones.com\/fr\/wp-json\/wp\/v2\/types\/product"}],"replies":[{"embeddable":true,"href":"https:\/\/blackviewphones.com\/fr\/wp-json\/wp\/v2\/comments?post=11341"}],"version-history":[{"count":0,"href":"https:\/\/blackviewphones.com\/fr\/wp-json\/wp\/v2\/product\/11341\/revisions"}],"wp:featuredmedia":[{"embeddable":true,"href":"https:\/\/blackviewphones.com\/fr\/wp-json\/wp\/v2\/media\/11344"}],"wp:attachment":[{"href":"https:\/\/blackviewphones.com\/fr\/wp-json\/wp\/v2\/media?parent=11341"}],"wp:term":[{"taxonomy":"product_brand","embeddable":true,"href":"https:\/\/blackviewphones.com\/fr\/wp-json\/wp\/v2\/product_brand?post=11341"},{"taxonomy":"product_cat","embeddable":true,"href":"https:\/\/blackviewphones.com\/fr\/wp-json\/wp\/v2\/product_cat?post=11341"},{"taxonomy":"product_tag","embeddable":true,"href":"https:\/\/blackviewphones.com\/fr\/wp-json\/wp\/v2\/product_tag?post=11341"}],"curies":[{"name":"wp","href":"https:\/\/api.w.org\/{rel}","templated":true}]}}