

{"id":10391,"date":"2025-12-16T13:09:38","date_gmt":"2025-12-16T12:09:38","guid":{"rendered":"https:\/\/blackviewphones.com\/?post_type=product&#038;p=10391"},"modified":"2026-04-29T14:24:39","modified_gmt":"2026-04-29T12:24:39","slug":"ordinateur-portable-blackview-acebook-12-12e-i5","status":"publish","type":"product","link":"https:\/\/blackviewphones.com\/fr\/product\/portatil-blackview-acebook-12-12th-i5\/","title":{"rendered":"Blackview Acebook 12 12e g\u00e9n\u00e9ration i5-12450H | 16 Go de RAM | SSD de 512 Go"},"content":{"rendered":"<h1>Ordinateur portable Blackview Acebook 12 (12e g\u00e9n\u00e9ration) | Processeur i5-12450H | 16 Go de RAM | Disque SSD de 512 Go<\/h1>\n<p><span data-teams=\"true\">Avec son bo\u00eetier m\u00e9tallique, son poids plume de seulement 1,6 kg et ses haut-parleurs st\u00e9r\u00e9o Dual BOX, l&#039;AceBook 12 allie \u00e9l\u00e9gance et fonctionnalit\u00e9. Son lecteur d&#039;empreintes digitales offre s\u00e9curit\u00e9 et praticit\u00e9 au quotidien, au bureau comme en t\u00e9l\u00e9travail. Son \u00e9cran pivotant de 0\u00b0 \u00e0 180\u00b0 s&#039;adapte \u00e0 vos besoins.<\/span><\/p>\n<p><strong>Ce terminal est livr\u00e9 avec Windows 11 PRO et une licence OEM \u00e0 vie\u00a0; cette licence est li\u00e9e au mat\u00e9riel de l\u2019ordinateur et ne peut pas \u00eatre transf\u00e9r\u00e9e \u00e0 un autre ordinateur.<\/strong><\/p>","protected":false},"excerpt":{"rendered":"<p><span data-teams=\"true\">Pour les utilisateurs soucieux de s\u00e9curit\u00e9 et de praticit\u00e9, le lecteur d&#039;empreintes digitales offre un acc\u00e8s rapide et s\u00e9curis\u00e9. Windows 11 Pro int\u00e8gre des fonctionnalit\u00e9s avanc\u00e9es de gestion et de s\u00e9curit\u00e9, ce qui le rend id\u00e9al pour les entreprises, les ind\u00e9pendants et les \u00e9tudiants de niveau avanc\u00e9. Son grand \u00e9cran et son clavier complet offrent un confort optimal pour une utilisation prolong\u00e9e.<\/span><\/p>\n<p><em>Ce terminal est livr\u00e9 avec Windows 11 PRO et une licence OEM \u00e0 vie\u00a0; cette licence est li\u00e9e au mat\u00e9riel de l\u2019ordinateur et ne peut pas \u00eatre transf\u00e9r\u00e9e \u00e0 un autre ordinateur.<\/em><\/p>","protected":false},"featured_media":10401,"comment_status":"open","ping_status":"closed","template":"","meta":{"_acf_changed":false},"product_brand":[287],"product_cat":[349],"product_tag":[],"class_list":{"0":"post-10391","1":"product","2":"type-product","3":"status-publish","4":"has-post-thumbnail","6":"product_brand-blackview","7":"product_cat-sin-categoria","9":"first","10":"instock","11":"sale","12":"shipping-taxable","13":"purchasable","14":"product-type-variable","15":"has-default-attributes"},"acf":[],"_links":{"self":[{"href":"https:\/\/blackviewphones.com\/fr\/wp-json\/wp\/v2\/product\/10391","targetHints":{"allow":["GET"]}}],"collection":[{"href":"https:\/\/blackviewphones.com\/fr\/wp-json\/wp\/v2\/product"}],"about":[{"href":"https:\/\/blackviewphones.com\/fr\/wp-json\/wp\/v2\/types\/product"}],"replies":[{"embeddable":true,"href":"https:\/\/blackviewphones.com\/fr\/wp-json\/wp\/v2\/comments?post=10391"}],"version-history":[{"count":0,"href":"https:\/\/blackviewphones.com\/fr\/wp-json\/wp\/v2\/product\/10391\/revisions"}],"wp:featuredmedia":[{"embeddable":true,"href":"https:\/\/blackviewphones.com\/fr\/wp-json\/wp\/v2\/media\/10401"}],"wp:attachment":[{"href":"https:\/\/blackviewphones.com\/fr\/wp-json\/wp\/v2\/media?parent=10391"}],"wp:term":[{"taxonomy":"product_brand","embeddable":true,"href":"https:\/\/blackviewphones.com\/fr\/wp-json\/wp\/v2\/product_brand?post=10391"},{"taxonomy":"product_cat","embeddable":true,"href":"https:\/\/blackviewphones.com\/fr\/wp-json\/wp\/v2\/product_cat?post=10391"},{"taxonomy":"product_tag","embeddable":true,"href":"https:\/\/blackviewphones.com\/fr\/wp-json\/wp\/v2\/product_tag?post=10391"}],"curies":[{"name":"wp","href":"https:\/\/api.w.org\/{rel}","templated":true}]}}