

{"id":5977,"date":"2025-01-21T12:00:02","date_gmt":"2025-01-21T11:00:02","guid":{"rendered":"https:\/\/blackviewphones.com\/?page_id=5977"},"modified":"2025-05-22T13:33:49","modified_gmt":"2025-05-22T11:33:49","slug":"engagement-environnemental-blackview","status":"publish","type":"page","link":"https:\/\/blackviewphones.com\/fr\/compromiso-medioambiental-blackview\/","title":{"rendered":"Engagement environnemental de Blackview"},"content":{"rendered":"<p>Chez Blackview, nous sommes conscients de l\u2019importance de la contribution des entreprises, des institutions, des administrations et des particuliers pour promouvoir le respect de l\u2019environnement et permettre le progr\u00e8s vers une soci\u00e9t\u00e9 durable. Nous nous engageons donc \u00e0 mettre en \u0153uvre des directives environnementales dans notre strat\u00e9gie commerciale. Celles-ci se refl\u00e8tent dans notre Politique Environnementale, inspir\u00e9e par deux principes : le respect de la r\u00e9glementation applicable et l\u2019am\u00e9lioration continue de nos activit\u00e9s pour prot\u00e9ger et conserver l\u2019environnement.<\/p>\n\n\n\n<div id=\"ez-toc-container\" class=\"ez-toc-v2_0_82_2 counter-hierarchy ez-toc-counter ez-toc-grey ez-toc-container-direction\">\n<div class=\"ez-toc-title-container\">\n<p class=\"ez-toc-title\" style=\"cursor:inherit\">Table des mati\u00e8res<\/p>\n<span class=\"ez-toc-title-toggle\"><a href=\"#\" class=\"ez-toc-pull-right ez-toc-btn ez-toc-btn-xs ez-toc-btn-default ez-toc-toggle\" aria-label=\"Basculer la table des mati\u00e8res\"><span class=\"ez-toc-js-icon-con\"><span class=\"\"><span class=\"eztoc-hide\" style=\"display:none;\">Basculer<\/span><span class=\"ez-toc-icon-toggle-span\"><svg style=\"fill: #999;color:#999\" xmlns=\"http:\/\/www.w3.org\/2000\/svg\" class=\"list-377408\" width=\"20px\" height=\"20px\" viewbox=\"0 0 24 24\" fill=\"none\"><path d=\"M6 6H4v2h2V6zm14 0H8v2h12V6zM4 11h2v2H4v-2zm16 0H8v2h12v-2zM4 16h2v2H4v-2zm16 0H8v2h12v-2z\" fill=\"currentColor\"><\/path><\/svg><svg style=\"fill: #999;color:#999\" class=\"arrow-unsorted-368013\" xmlns=\"http:\/\/www.w3.org\/2000\/svg\" width=\"10px\" height=\"10px\" viewbox=\"0 0 24 24\" version=\"1.2\" baseprofile=\"tiny\"><path d=\"M18.2 9.3l-6.2-6.3-6.2 6.3c-.2.2-.3.4-.3.7s.1.5.3.7c.2.2.4.3.7.3h11c.3 0 .5-.1.7-.3.2-.2.3-.5.3-.7s-.1-.5-.3-.7zM5.8 14.7l6.2 6.3 6.2-6.3c.2-.2.3-.5.3-.7s-.1-.5-.3-.7c-.2-.2-.4-.3-.7-.3h-11c-.3 0-.5.1-.7.3-.2.2-.3.5-.3.7s.1.5.3.7z\"\/><\/svg><\/span><\/span><\/span><\/a><\/span><\/div>\n<nav><ul class='ez-toc-list ez-toc-list-level-1' ><li class='ez-toc-page-1 ez-toc-heading-level-2'><a class=\"ez-toc-link ez-toc-heading-1\" href=\"https:\/\/blackviewphones.com\/fr\/compromiso-medioambiental-blackview\/#Politica_Medioambiental\" >Politique environnementale<\/a><ul class='ez-toc-list-level-3' ><li class='ez-toc-heading-level-3'><a class=\"ez-toc-link ez-toc-heading-2\" href=\"https:\/\/blackviewphones.com\/fr\/compromiso-medioambiental-blackview\/#Envianos_tu_terminal_usado\" >Envoyez-nous votre terminal usag\u00e9<\/a><\/li><\/ul><\/li><\/ul><\/nav><\/div>\n<h2 class=\"wp-block-heading\"><span class=\"ez-toc-section\" id=\"Politica_Medioambiental\"><\/span>Politique environnementale<span class=\"ez-toc-section-end\"><\/span><\/h2>\n\n\n\n<p>La Politique Environnementale, d\u00e9finie par le Directeur, \u00e9tablit les principes suivants :<\/p>\n\n\n\n<ul class=\"wp-block-list\">\n<li>Conservation et protection de l&#039;environnement.<\/li>\n\n\n\n<li>Pr\u00e9vention de la pollution et formation pour une am\u00e9lioration continue<\/li>\n\n\n\n<li>Conformit\u00e9 de nos activit\u00e9s avec la l\u00e9gislation applicable et coop\u00e9ration avec des organismes qualifi\u00e9s.<\/li>\n\n\n\n<li>Appliquez la r\u00e8gle des 3R d\u00e8s que possible : R\u00e9duire, Recycler et R\u00e9utiliser<\/li>\n\n\n\n<li>Utilisation rationnelle des ressources, r\u00e9duction des d\u00e9chets, recyclage ou \u00e9limination dans le respect de l&#039;environnement.<\/li>\n\n\n\n<li>R\u00e9duire la consommation de mati\u00e8res premi\u00e8res et d\u2019\u00e9nergie.<\/li>\n\n\n\n<li>Promouvoir le sens de la responsabilit\u00e9 environnementale aupr\u00e8s de notre personnel et mettre en \u0153uvre des programmes d\u2019am\u00e9lioration.<\/li>\n\n\n\n<li>\u00c9valuer le risque de nos activit\u00e9s sur l&#039;environnement.<\/li>\n\n\n\n<li>Augmentez la dur\u00e9e de vie des t\u00e9l\u00e9phones et des produits \u00e9lectroniques en am\u00e9liorant leur durabilit\u00e9.<\/li>\n\n\n\n<li>Aide les utilisateurs finaux \u00e0 recycler nos \u00e9quipements. \u00c0 cette fin:<\/li>\n<\/ul>\n\n\n\n<h3 class=\"wp-block-heading\"><span class=\"ez-toc-section\" id=\"Envianos_tu_terminal_usado\"><\/span>Envoyez-nous votre terminal usag\u00e9<span class=\"ez-toc-section-end\"><\/span><\/h3>\n\n\n\n<p>Chez Blackview, nous produisons des appareils durables pour prolonger leur dur\u00e9e de vie et \u00e9viter les d\u00e9chets \u00e9lectroniques. Par cons\u00e9quent, si vous avez d\u00e9cid\u00e9 de changer votre terminal, pensez \u00e0 l&#039;Environnement et envoyez-le nous pour destruction ou expertise.<\/p>\n\n\n\n<p>Si votre terminal est en mauvais \u00e9tat, nous le d\u00e9truirons et le recyclerons. Si votre appareil contient encore des pi\u00e8ces utilisables, nous vous enverrons une \u00e9valuation et vous le paierons sur la base de ce calcul :<\/p>\n\n\n\n<p>Dur\u00e9e d&#039;utilisation en % = (mois d&#039;utilisation \/ 24 mois) \u2013 1<\/p>\n\n\n\n<p>Prix actuel du terminal = Prix d&#039;achat x temps d&#039;utilisation<\/p>\n\n\n\n<p>Sur ce prix, les pi\u00e8ces seront pay\u00e9es selon ce % approximatif, toujours en fonction de leur \u00e9tat :<\/p>\n\n\n\n<ul class=\"wp-block-list\">\n<li>Carte m\u00e8re 19%<\/li>\n\n\n\n<li>\u00c9cran 11%<\/li>\n\n\n\n<li>Batterie 4%<\/li>\n\n\n\n<li>Port de charge 4%<\/li>\n\n\n\n<li>Cam\u00e9ra arri\u00e8re 4%<\/li>\n\n\n\n<li>Couvercle arri\u00e8re 3%<\/li>\n\n\n\n<li>Cam\u00e9ra frontale 2%<\/li>\n\n\n\n<li>Haut-parleur 2%<\/li>\n\n\n\n<li>Micro 2%<\/li>\n<\/ul>","protected":false},"excerpt":{"rendered":"<p>Chez Blackview, nous avons pris conscience de l&#039;importance de la contribution des entreprises, des institutions, des administrations et des particuliers pour promouvoir le respect de l&#039;environnement et nous permettre d&#039;\u00e9voluer vers une soci\u00e9t\u00e9 durable, c&#039;est pourquoi nous nous engageons \u00e0 mettre en \u0153uvre des lignes directrices environnementales dans notre strat\u00e9gie d&#039;entreprise, qui se refl\u00e8tent dans<\/p>\n<div class=\"klb-readmore entry-button\"><a class=\"btn read-more\" href=\"https:\/\/blackviewphones.com\/fr\/compromiso-medioambiental-blackview\/\">En savoir plus<\/a><\/div>","protected":false},"author":2,"featured_media":0,"parent":0,"menu_order":0,"comment_status":"closed","ping_status":"closed","template":"","meta":{"_acf_changed":false,"footnotes":""},"class_list":["post-5977","page","type-page","status-publish","hentry"],"acf":[],"_links":{"self":[{"href":"https:\/\/blackviewphones.com\/fr\/wp-json\/wp\/v2\/pages\/5977","targetHints":{"allow":["GET"]}}],"collection":[{"href":"https:\/\/blackviewphones.com\/fr\/wp-json\/wp\/v2\/pages"}],"about":[{"href":"https:\/\/blackviewphones.com\/fr\/wp-json\/wp\/v2\/types\/page"}],"author":[{"embeddable":true,"href":"https:\/\/blackviewphones.com\/fr\/wp-json\/wp\/v2\/users\/2"}],"replies":[{"embeddable":true,"href":"https:\/\/blackviewphones.com\/fr\/wp-json\/wp\/v2\/comments?post=5977"}],"version-history":[{"count":0,"href":"https:\/\/blackviewphones.com\/fr\/wp-json\/wp\/v2\/pages\/5977\/revisions"}],"wp:attachment":[{"href":"https:\/\/blackviewphones.com\/fr\/wp-json\/wp\/v2\/media?parent=5977"}],"curies":[{"name":"wp","href":"https:\/\/api.w.org\/{rel}","templated":true}]}}