

{"id":3080,"date":"2025-01-17T16:07:56","date_gmt":"2025-01-17T15:07:56","guid":{"rendered":"https:\/\/blackviewphones.com\/?page_id=3080"},"modified":"2025-11-19T14:37:44","modified_gmt":"2025-11-19T13:37:44","slug":"distributeur","status":"publish","type":"page","link":"https:\/\/blackviewphones.com\/fr\/distribuidor\/","title":{"rendered":"Tarifs sp\u00e9ciaux pour les distributeurs"},"content":{"rendered":"<div data-elementor-type=\"wp-page\" data-elementor-id=\"3080\" class=\"elementor elementor-3080\" data-elementor-post-type=\"page\">\n\t\t\t\t<div class=\"elementor-element elementor-element-ddee498 e-flex e-con-boxed e-con e-parent\" data-id=\"ddee498\" data-element_type=\"container\" data-e-type=\"container\">\n\t\t\t\t\t<div class=\"e-con-inner\">\n\t\t\t\t<div class=\"elementor-element elementor-element-7b9c14d elementor-cta--skin-classic elementor-animated-content elementor-bg-transform elementor-bg-transform-zoom-in elementor-widget elementor-widget-call-to-action\" data-id=\"7b9c14d\" data-element_type=\"widget\" data-e-type=\"widget\" data-widget_type=\"call-to-action.default\">\n\t\t\t\t<div class=\"elementor-widget-container\">\n\t\t\t\t\t\t\t<a class=\"elementor-cta\" href=\"https:\/\/driyphqc841.typeform.com\/to\/rBx097p5\" target=\"_blank\" rel=\"noopener\">\r\n\t\t\t\t\t<div class=\"elementor-cta__bg-wrapper\">\r\n\t\t\t\t<div class=\"elementor-cta__bg elementor-bg\" style=\"background-image: url(https:\/\/blackviewphones.com\/wp-content\/uploads\/2025\/11\/xplore1_pc-20251023095339620-1.webp);\" role=\"img\" aria-label=\"xplore1_pc-20251023095339620\"><\/div>\r\n\t\t\t\t<div class=\"elementor-cta__bg-overlay\"><\/div>\r\n\t\t\t<\/div>\r\n\t\t\t\t\t\t\t<div class=\"elementor-cta__content\">\r\n\t\t\t\t\r\n\t\t\t\t\t\t\t\t\t<h2 class=\"elementor-cta__title elementor-cta__content-item elementor-content-item\">\r\n\t\t\t\t\t\tVous poss\u00e9dez un certificat de revendeur\u00a0? Gagnez de l\u2019argent avec nous.\t\t\t\t\t<\/h2>\r\n\t\t\t\t\r\n\t\t\t\t\r\n\t\t\t\t\t\t\t\t\t<div class=\"elementor-cta__button-wrapper elementor-cta__content-item elementor-content-item\">\r\n\t\t\t\t\t<span class=\"elementor-cta__button elementor-button elementor-size-\">\r\n\t\t\t\t\t\tObtenez un devis personnalis\u00e9\t\t\t\t\t<\/span>\r\n\t\t\t\t\t<\/div>\r\n\t\t\t\t\t\t\t<\/div>\r\n\t\t\t\t\t\t<\/a>\r\n\t\t\t\t\t\t<\/div>\n\t\t\t\t<\/div>\n\t\t\t\t\t<\/div>\n\t\t\t\t<\/div>\n\t\t<div class=\"elementor-element elementor-element-bd61630 e-grid e-con-boxed e-con e-parent\" data-id=\"bd61630\" data-element_type=\"container\" data-e-type=\"container\">\n\t\t\t\t\t<div class=\"e-con-inner\">\n\t\t\t\t<div class=\"elementor-element elementor-element-51ab7e0 elementor-widget elementor-widget-text-editor\" data-id=\"51ab7e0\" data-element_type=\"widget\" data-e-type=\"widget\" data-widget_type=\"text-editor.default\">\n\t\t\t\t<div class=\"elementor-widget-container\">\n\t\t\t\t\t\t\t\t\t<p>Chez Blackview Phones, nous sommes constamment \u00e0 la recherche de nouvelles solutions.<strong> Nouveaux distributeurs. Nous proposons des tarifs pr\u00e9f\u00e9rentiels aux fournisseurs.<\/strong> et des remises sur volume. Vous pouvez remplir le formulaire ci-dessus ou nous contacter au num\u00e9ro de t\u00e9l\u00e9phone suivant. <strong>(+34) 935 15 05 20<\/strong> ou \u00e9crivez-nous un email avec plus d&#039;espace et des photos jointes si vous en avez besoin \u00e0 l&#039;adresse<a href=\"maito:info@blackviewphones.com\"> info@blackviewphones.com<\/a>.<\/p><p>Il est de mon devoir de vous informer que les donn\u00e9es personnelles que vous me fournissez en remplissant ce formulaire seront trait\u00e9es par :<br \/>Responsable du traitement\u00a0: Identit\u00e9\u00a0: TELEFONOS RESISTENTES SL \u2013 NIF\u00a0: B-67246108 Adresse postale\u00a0: Valls de Andorra 2 2 1 T\u00e9l\u00e9phone\u00a0: 935150520 Courriel\u00a0: <a href=\"maito:info@blackviewphones.com\">info@blackviewphones.com<\/a><br \/>Au nom de l&#039;entreprise, nous traitons les informations que vous nous fournissez afin de fournir le service demand\u00e9, de vous envoyer les factures pro forma requises ou de vous facturer. Les donn\u00e9es fournies seront conserv\u00e9es aussi longtemps que la relation commerciale sera maintenue ou pendant les ann\u00e9es n\u00e9cessaires au respect des obligations l\u00e9gales. Les donn\u00e9es ne seront pas transmises \u00e0 des tiers, sauf dans les cas o\u00f9 il existe une obligation l\u00e9gale de le faire. Vous avez le droit d&#039;obtenir la confirmation que TELEFONOS RESISTENTES SL traite vos donn\u00e9es personnelles. Vous disposez donc du droit d\u2019acc\u00e9der \u00e0 vos donn\u00e9es personnelles, de rectifier les donn\u00e9es inexactes ou de demander leur suppression lorsque les donn\u00e9es ne sont plus n\u00e9cessaires.<br \/>Je demande \u00e9galement votre autorisation pour vous proposer des produits et services li\u00e9s \u00e0 ceux demand\u00e9s et pour vous fid\u00e9liser comme client.<\/p>\t\t\t\t\t\t\t\t<\/div>\n\t\t\t\t<\/div>\n\t\t\t\t\t<\/div>\n\t\t\t\t<\/div>\n\t\t<div class=\"elementor-element elementor-element-7873b57 e-flex e-con-boxed e-con e-parent\" data-id=\"7873b57\" data-element_type=\"container\" data-e-type=\"container\">\n\t\t\t\t\t<div class=\"e-con-inner\">\n\t\t\t\t\t<\/div>\n\t\t\t\t<\/div>\n\t\t\t\t<\/div>","protected":false},"excerpt":{"rendered":"<p>Vous poss\u00e9dez un certificat de revendeur\u00a0? Gagnez de l&#039;argent avec nous\u00a0! Demandez un devis personnalis\u00e9. Chez Blackview Phones, nous recherchons constamment de nouveaux distributeurs. Nous proposons des tarifs pr\u00e9f\u00e9rentiels pour les fournisseurs et des remises sur volume. Vous pouvez remplir le formulaire ci-dessus, nous contacter au (+34) 935 15 05 20 ou nous envoyer un e-mail avec plus d&#039;espace et des photos en pi\u00e8ces jointes.<\/p>\n<div class=\"klb-readmore entry-button\"><a class=\"btn read-more\" href=\"https:\/\/blackviewphones.com\/fr\/distribuidor\/\">En savoir plus<\/a><\/div>","protected":false},"author":2,"featured_media":0,"parent":0,"menu_order":0,"comment_status":"closed","ping_status":"closed","template":"","meta":{"_acf_changed":false,"footnotes":""},"class_list":["post-3080","page","type-page","status-publish","hentry"],"acf":[],"_links":{"self":[{"href":"https:\/\/blackviewphones.com\/fr\/wp-json\/wp\/v2\/pages\/3080","targetHints":{"allow":["GET"]}}],"collection":[{"href":"https:\/\/blackviewphones.com\/fr\/wp-json\/wp\/v2\/pages"}],"about":[{"href":"https:\/\/blackviewphones.com\/fr\/wp-json\/wp\/v2\/types\/page"}],"author":[{"embeddable":true,"href":"https:\/\/blackviewphones.com\/fr\/wp-json\/wp\/v2\/users\/2"}],"replies":[{"embeddable":true,"href":"https:\/\/blackviewphones.com\/fr\/wp-json\/wp\/v2\/comments?post=3080"}],"version-history":[{"count":0,"href":"https:\/\/blackviewphones.com\/fr\/wp-json\/wp\/v2\/pages\/3080\/revisions"}],"wp:attachment":[{"href":"https:\/\/blackviewphones.com\/fr\/wp-json\/wp\/v2\/media?parent=3080"}],"curies":[{"name":"wp","href":"https:\/\/api.w.org\/{rel}","templated":true}]}}