

{"id":3046,"date":"2025-01-17T12:56:47","date_gmt":"2025-01-17T11:56:47","guid":{"rendered":"https:\/\/blackviewphones.com\/?page_id=3046"},"modified":"2026-01-27T14:06:31","modified_gmt":"2026-01-27T13:06:31","slug":"guide-dachat","status":"publish","type":"page","link":"https:\/\/blackviewphones.com\/fr\/guia-de-compra\/","title":{"rendered":"Guide d&#039;achat"},"content":{"rendered":"<div data-elementor-type=\"wp-page\" data-elementor-id=\"3046\" class=\"elementor elementor-3046\" data-elementor-post-type=\"page\">\n\t\t\t\t<div class=\"elementor-element elementor-element-9e0868a e-flex e-con-boxed e-con e-parent\" data-id=\"9e0868a\" data-element_type=\"container\" data-e-type=\"container\">\n\t\t\t\t\t<div class=\"e-con-inner\">\n\t\t\t\t<div class=\"elementor-element elementor-element-c3cba56 elementor-widget elementor-widget-heading\" data-id=\"c3cba56\" data-element_type=\"widget\" data-e-type=\"widget\" data-widget_type=\"heading.default\">\n\t\t\t\t<div class=\"elementor-widget-container\">\n\t\t\t\t\t<h1 class=\"elementor-heading-title elementor-size-default\">Guide d&#039;achat des t\u00e9l\u00e9phones Blackview<\/h1>\t\t\t\t<\/div>\n\t\t\t\t<\/div>\n\t\t\t\t\t<\/div>\n\t\t\t\t<\/div>\n\t\t<div class=\"elementor-element elementor-element-d8dbd30 e-flex e-con-boxed e-con e-parent\" data-id=\"d8dbd30\" data-element_type=\"container\" data-e-type=\"container\">\n\t\t\t\t\t<div class=\"e-con-inner\">\n\t\t<div class=\"elementor-element elementor-element-ad52271 e-con-full e-flex e-con e-child\" data-id=\"ad52271\" data-element_type=\"container\" data-e-type=\"container\">\n\t\t\t\t<div class=\"elementor-element elementor-element-d780f32 elementor-align-center elementor-widget elementor-widget-button\" data-id=\"d780f32\" data-element_type=\"widget\" data-e-type=\"widget\" data-widget_type=\"button.default\">\n\t\t\t\t<div class=\"elementor-widget-container\">\n\t\t\t\t\t\t\t\t\t<div class=\"elementor-button-wrapper\">\n\t\t\t\t\t<a class=\"elementor-button elementor-button-link elementor-size-sm\" href=\"#producto-ideal\">\n\t\t\t\t\t\t<span class=\"elementor-button-content-wrapper\">\n\t\t\t\t\t\t\t\t\t<span class=\"elementor-button-text\">Comment choisir le produit id\u00e9al ?<\/span>\n\t\t\t\t\t<\/span>\n\t\t\t\t\t<\/a>\n\t\t\t\t<\/div>\n\t\t\t\t\t\t\t\t<\/div>\n\t\t\t\t<\/div>\n\t\t\t\t<\/div>\n\t\t<div class=\"elementor-element elementor-element-925b0dc e-con-full e-flex e-con e-child\" data-id=\"925b0dc\" data-element_type=\"container\" data-e-type=\"container\">\n\t\t\t\t<div class=\"elementor-element elementor-element-cc1b3a0 elementor-align-center elementor-widget elementor-widget-button\" data-id=\"cc1b3a0\" data-element_type=\"widget\" data-e-type=\"widget\" data-widget_type=\"button.default\">\n\t\t\t\t<div class=\"elementor-widget-container\">\n\t\t\t\t\t\t\t\t\t<div class=\"elementor-button-wrapper\">\n\t\t\t\t\t<a class=\"elementor-button elementor-button-link elementor-size-sm\" href=\"https:\/\/blackviewphones.com\/fr\/passer-une-commande\/\">\n\t\t\t\t\t\t<span class=\"elementor-button-content-wrapper\">\n\t\t\t\t\t\t\t\t\t<span class=\"elementor-button-text\">\ud83d\udd0e<br>Comment acheter ?<\/span>\n\t\t\t\t\t<\/span>\n\t\t\t\t\t<\/a>\n\t\t\t\t<\/div>\n\t\t\t\t\t\t\t\t<\/div>\n\t\t\t\t<\/div>\n\t\t\t\t<\/div>\n\t\t<div class=\"elementor-element elementor-element-8f120f6 e-con-full e-flex e-con e-child\" data-id=\"8f120f6\" data-element_type=\"container\" data-e-type=\"container\">\n\t\t\t\t<div class=\"elementor-element elementor-element-0e208f2 elementor-align-center elementor-widget elementor-widget-button\" data-id=\"0e208f2\" data-element_type=\"widget\" data-e-type=\"widget\" data-widget_type=\"button.default\">\n\t\t\t\t<div class=\"elementor-widget-container\">\n\t\t\t\t\t\t\t\t\t<div class=\"elementor-button-wrapper\">\n\t\t\t\t\t<a class=\"elementor-button elementor-button-link elementor-size-sm\" href=\"https:\/\/blackviewphones.com\/fr\/retours\/\">\n\t\t\t\t\t\t<span class=\"elementor-button-content-wrapper\">\n\t\t\t\t\t\t\t\t\t<span class=\"elementor-button-text\">Comment retourner un produit ?<\/span>\n\t\t\t\t\t<\/span>\n\t\t\t\t\t<\/a>\n\t\t\t\t<\/div>\n\t\t\t\t\t\t\t\t<\/div>\n\t\t\t\t<\/div>\n\t\t\t\t<\/div>\n\t\t<div class=\"elementor-element elementor-element-7451fed e-con-full e-flex e-con e-child\" data-id=\"7451fed\" data-element_type=\"container\" data-e-type=\"container\">\n\t\t\t\t<div class=\"elementor-element elementor-element-f23f80a elementor-align-center elementor-widget elementor-widget-button\" data-id=\"f23f80a\" data-element_type=\"widget\" data-e-type=\"widget\" data-widget_type=\"button.default\">\n\t\t\t\t<div class=\"elementor-widget-container\">\n\t\t\t\t\t\t\t\t\t<div class=\"elementor-button-wrapper\">\n\t\t\t\t\t<a class=\"elementor-button elementor-button-link elementor-size-sm\" href=\"https:\/\/blackviewphones.com\/fr\/remboursement_retours\/\">\n\t\t\t\t\t\t<span class=\"elementor-button-content-wrapper\">\n\t\t\t\t\t\t\t\t\t<span class=\"elementor-button-text\">\ud83d\udcc2Informations sur la garantie<\/span>\n\t\t\t\t\t<\/span>\n\t\t\t\t\t<\/a>\n\t\t\t\t<\/div>\n\t\t\t\t\t\t\t\t<\/div>\n\t\t\t\t<\/div>\n\t\t\t\t<\/div>\n\t\t\t\t\t<\/div>\n\t\t\t\t<\/div>\n\t\t<div class=\"elementor-element elementor-element-1fb89e0 e-flex e-con-boxed e-con e-parent\" data-id=\"1fb89e0\" data-element_type=\"container\" data-e-type=\"container\">\n\t\t\t\t\t<div class=\"e-con-inner\">\n\t\t<div class=\"elementor-element elementor-element-4807c62 e-con-full e-flex e-con e-child\" data-id=\"4807c62\" data-element_type=\"container\" data-e-type=\"container\" id=\"producto-ideal\">\n\t\t\t\t<div class=\"elementor-element elementor-element-6555a58 elementor-widget elementor-widget-text-editor\" data-id=\"6555a58\" data-element_type=\"widget\" data-e-type=\"widget\" data-widget_type=\"text-editor.default\">\n\t\t\t\t<div class=\"elementor-widget-container\">\n\t\t\t\t\t\t\t\t\t<h2>Guide d&#039;achat \u2013 T\u00e9l\u00e9phones Blackview<\/h2><p>Nous vous aidons \u00e0 choisir l&#039;appareil Blackview id\u00e9al pour vous. Suivez ce guide rapide pour prendre la meilleure d\u00e9cision.<\/p><h3>\ud83d\udcf1 T\u00e9l\u00e9phones portables ultra-r\u00e9sistants<\/h3><p><strong>Quels sont-ils?<\/strong> T\u00e9l\u00e9phones portables pour conditions extr\u00eames (eau, poussi\u00e8re, chutes) avec certifications IP68\/IP69.<\/p><p><strong>Que choisir ?<\/strong><\/p><ul style=\"padding-left: 15px;\"><li>Utilisation de base\u00a0: 2 \u00e0 3\u00a0Go de RAM<\/li><li>Utilisation interm\u00e9diaire : 4 Go \u00e0 8 Go de RAM<\/li><li>Utilisation intensive : 12 Go+ RAM<\/li><\/ul><p><strong>Batterie:<\/strong><\/p><ul style=\"padding-left: 15px;\"><li>Lumi\u00e8re : 2\u00a0500\u20134\u00a0000 mAh<\/li><li>Mod\u00e9r\u00e9 : 4\u00a0000\u20138\u00a0000 mAh<\/li><li>Intensif : 8000+ mAh<\/li><\/ul><h3>\ud83d\udcf1 T\u00e9l\u00e9phones portables conventionnels<\/h3><p><strong>Quels sont-ils?<\/strong> T\u00e9l\u00e9phones du quotidien, sans protection suppl\u00e9mentaire.<\/p><p><strong>Que choisir ?<\/strong><\/p><ul style=\"padding-left: 15px;\"><li>Utilisation de base\u00a0: 2 \u00e0 6\u00a0Go de RAM<\/li><li>Mod\u00e9r\u00e9 : 6 \u00e0 8 Go de RAM<\/li><li>Intensif : 8 Go+ RAM<\/li><\/ul><p><strong>Batterie:<\/strong> tout comme les t\u00e9l\u00e9phones robustes.<\/p><h3>\ud83c\udfa7 Accessoires<\/h3><p>Trouvez des c\u00e2bles, des \u00e9couteurs, des chargeurs et plus encore pour compl\u00e9ter votre t\u00e9l\u00e9phone.<\/p><h2>\ud83d\udecd\ufe0f Comment acheter ?<\/h2><ol style=\"padding-left: 15px;\"><li>Choisissez le produit et la couleur<\/li><li>Ajouter au panier<\/li><li>Entrez vos coordonn\u00e9es<\/li><li>S\u00e9lectionnez le mode de paiement<\/li><li>Confirmer la commande<\/li><\/ol><p><strong>Voir le guide complet<\/strong><\/p><h2>\ud83d\udce6 Exp\u00e9dition<\/h2><ul style=\"padding-left: 15px;\"><li>Gratuit \u00e0 partir de 72 \u20ac (P\u00e9ninsule)<\/li><li>Livraison en 24\/48 heures<\/li><\/ul><h2>\ud83d\udcde Contact<\/h2><ul style=\"padding-left: 15px;\"><li>\ud83d\udcde (+34)935150520 (du lundi au vendredi de 9h30 \u00e0 18h00)<\/li><li>\u2709\ufe0f <a href=\"mailto:info@blackviewphones.com\">info@blackviewphones.com<\/a><\/li><li>\ud83d\udcac WhatsApp : +34 600 45 12 64<\/li><\/ul><p><strong>Des doutes ?<\/strong> Nous sommes l\u00e0 pour vous aider.<\/p>\t\t\t\t\t\t\t\t<\/div>\n\t\t\t\t<\/div>\n\t\t\t\t<\/div>\n\t\t\t\t\t<\/div>\n\t\t\t\t<\/div>\n\t\t\t\t<\/div>","protected":false},"excerpt":{"rendered":"<p>Guide d&#039;achat des t\u00e9l\u00e9phones Blackview\u00a0: Comment choisir le produit id\u00e9al\u00a0? \ud83d\udd0eComment acheter\u00a0? Comment retourner un produit\u00a0? \ud83d\udcc2Informations sur la garantie \ud83d\uded2 Guide d&#039;achat \u2013 T\u00e9l\u00e9phones Blackview Nous vous aidons \u00e0 choisir l&#039;appareil Blackview id\u00e9al. Suivez ce guide rapide pour faire le meilleur choix. \ud83d\udcf1 T\u00e9l\u00e9phones ultra-robustes\u00a0: de quoi s&#039;agit-il\u00a0? T\u00e9l\u00e9phones pour conditions<\/p>\n<div class=\"klb-readmore entry-button\"><a class=\"btn read-more\" href=\"https:\/\/blackviewphones.com\/fr\/guia-de-compra\/\">En savoir plus<\/a><\/div>","protected":false},"author":2,"featured_media":0,"parent":0,"menu_order":0,"comment_status":"closed","ping_status":"closed","template":"","meta":{"_acf_changed":false,"footnotes":""},"class_list":["post-3046","page","type-page","status-publish","hentry"],"acf":[],"_links":{"self":[{"href":"https:\/\/blackviewphones.com\/fr\/wp-json\/wp\/v2\/pages\/3046","targetHints":{"allow":["GET"]}}],"collection":[{"href":"https:\/\/blackviewphones.com\/fr\/wp-json\/wp\/v2\/pages"}],"about":[{"href":"https:\/\/blackviewphones.com\/fr\/wp-json\/wp\/v2\/types\/page"}],"author":[{"embeddable":true,"href":"https:\/\/blackviewphones.com\/fr\/wp-json\/wp\/v2\/users\/2"}],"replies":[{"embeddable":true,"href":"https:\/\/blackviewphones.com\/fr\/wp-json\/wp\/v2\/comments?post=3046"}],"version-history":[{"count":0,"href":"https:\/\/blackviewphones.com\/fr\/wp-json\/wp\/v2\/pages\/3046\/revisions"}],"wp:attachment":[{"href":"https:\/\/blackviewphones.com\/fr\/wp-json\/wp\/v2\/media?parent=3046"}],"curies":[{"name":"wp","href":"https:\/\/api.w.org\/{rel}","templated":true}]}}