

{"id":9711,"date":"2025-11-25T15:15:40","date_gmt":"2025-11-25T14:15:40","guid":{"rendered":"https:\/\/blackviewphones.com\/?post_type=product&#038;p=9711"},"modified":"2026-02-03T13:46:02","modified_gmt":"2026-02-03T12:46:02","slug":"blackview-shark8-8-gb-ram-256-gb-rom","status":"publish","type":"product","link":"https:\/\/blackviewphones.com\/es\/product\/blackview-shark8-8-gb-ram-256-gb-rom\/","title":{"rendered":"Blackview SHARK 8 | 16 GB (8GB+8GB) RAM 256GB ROM"},"content":{"rendered":"\t\t<div data-elementor-type=\"product-post\" data-elementor-id=\"9711\" class=\"elementor elementor-9711\" data-elementor-post-type=\"product\">\n\t\t\t\t<div class=\"elementor-element elementor-element-b47ff28 e-flex e-con-boxed e-con e-parent\" data-id=\"b47ff28\" data-element_type=\"container\" data-e-type=\"container\">\n\t\t\t\t\t<div class=\"e-con-inner\">\n\t\t\t\t<div class=\"elementor-element elementor-element-c47c3a1 eael-product-gallery-column-3 elementor-widget elementor-widget-eael-woo-product-gallery\" data-id=\"c47c3a1\" data-element_type=\"widget\" data-e-type=\"widget\" data-settings=\"{&quot;eael_product_gallery_column&quot;:&quot;3&quot;}\" data-widget_type=\"eael-woo-product-gallery.default\">\n\t\t\t\t<div class=\"elementor-widget-container\">\n\t\t\t\t\t\n        <div class=\"eael-product-gallery eael-product-preset-4 masonry eael-terms-layout-horizontal\" id=\"eael-product-gallery\" data-widget-id=\"c47c3a1\" data-page-id=\"9711\" data-nonce=\"64ccccfa84\" >\n\t\t\t<ul class=\"eael-cat-tab\" data-layout=\"masonry\" data-template=\"{&quot;dir&quot;:&quot;lite&quot;,&quot;file_name&quot;:&quot;preset-4.php&quot;,&quot;name&quot;:&quot;Woo-Product-Gallery&quot;}\" data-nonce=\"64ccccfa84\" data-page-id=\"9711\" data-widget-id=\"c47c3a1\" data-widget=\"c47c3a1\" data-class=\"Essential_Addons_Elementor\\Elements\\Woo_Product_Gallery\" data-args=\"post_type=product&post_status%5B0%5D=publish&post_status%5B1%5D=pending&post_status%5B2%5D=future&posts_per_page=3&order=DESC&offset=0&tax_query%5Brelation%5D=AND&tax_query%5B0%5D%5Btaxonomy%5D=product_visibility&tax_query%5B0%5D%5Bfield%5D=name&tax_query%5B0%5D%5Bterms%5D%5B0%5D=exclude-from-search&tax_query%5B0%5D%5Bterms%5D%5B1%5D=exclude-from-catalog&tax_query%5B0%5D%5Boperator%5D=NOT+IN&tax_query%5B1%5D%5Brelation%5D=OR&tax_query%5B1%5D%5B0%5D%5Btaxonomy%5D=product_cat&tax_query%5B1%5D%5B0%5D%5Bfield%5D=term_id&tax_query%5B1%5D%5B0%5D%5Bterms%5D=327&tax_query%5B1%5D%5B0%5D%5Boperator%5D=IN&orderby=meta_value_num&meta_query%5Brelation%5D=AND&meta_query%5B0%5D%5Bkey%5D=_stock_status&meta_query%5B0%5D%5Bvalue%5D=instock&meta_key=total_sales\" data-page=\"1\"><li><a href=\"javascript:;\" data-page=\"1\" data-taxonomy=\"product_cat\" data-terms='[\"moviles-inteligentes-blackview\"]' data-id=\"327\" class=\"post-list-filter-item \">M\u00f3viles Inteligentes Blackview<\/a><\/li><\/ul>\n            <div class=\"woocommerce\">\n\t\t\t\t<ul class=\"products eael-post-appender eael-post-appender-c47c3a1\" data-layout-mode=\"masonry\" data-ssi-desktop=\"no\" ><li class=\"product \">\n        <div class=\"eael-product-wrap\" data-src=\"\" data-src-hover=\"\" >\n    <span class=\"eael-onsale sale-preset-1 \">Sale!<\/span><a href=\"https:\/\/blackviewphones.com\/es\/product\/blackview-color-6-24gb-ram-256gb-rom\/\" class=\"woocommerce-LoopProduct-link woocommerce-loop-product__link\"><div class='yith-wceue-thumb-and-energy-container'><img fetchpriority=\"high\" decoding=\"async\" width=\"1000\" height=\"1000\" src=\"https:\/\/blackviewphones.com\/wp-content\/uploads\/2025\/05\/BLACKVIEW-COLOR-6-CON-REGALO.avif\" class=\"attachment-1536x1536 size-1536x1536\" alt=\"Blackview COLOR 6 | 24GB RAM 128GB\/256GB ROM\" loading=\"eager\" srcset=\"https:\/\/blackviewphones.com\/wp-content\/uploads\/2025\/05\/BLACKVIEW-COLOR-6-CON-REGALO.avif 1000w, https:\/\/blackviewphones.com\/wp-content\/uploads\/2025\/05\/BLACKVIEW-COLOR-6-CON-REGALO-300x300.avif 300w, https:\/\/blackviewphones.com\/wp-content\/uploads\/2025\/05\/BLACKVIEW-COLOR-6-CON-REGALO-150x150.avif 150w, https:\/\/blackviewphones.com\/wp-content\/uploads\/2025\/05\/BLACKVIEW-COLOR-6-CON-REGALO-768x768.avif 768w, https:\/\/blackviewphones.com\/wp-content\/uploads\/2025\/05\/BLACKVIEW-COLOR-6-CON-REGALO-12x12.avif 12w, https:\/\/blackviewphones.com\/wp-content\/uploads\/2025\/05\/BLACKVIEW-COLOR-6-CON-REGALO-450x450.avif 450w, https:\/\/blackviewphones.com\/wp-content\/uploads\/2025\/05\/BLACKVIEW-COLOR-6-CON-REGALO-90x90.avif 90w, https:\/\/blackviewphones.com\/wp-content\/uploads\/2025\/05\/BLACKVIEW-COLOR-6-CON-REGALO-600x600.avif 600w, https:\/\/blackviewphones.com\/wp-content\/uploads\/2025\/05\/BLACKVIEW-COLOR-6-CON-REGALO-54x54.avif 54w\" sizes=\"(max-width: 1000px) 100vw, 1000px\" \/>\n\n\t\n\t\t<div class=\"yith-wceue-eu-energy-label yith-wceue-eu-energy-label-2 yith-wceue-eu-energy-label-mini new  yith_wceue_tooltip\" data-image='https:\/\/blackviewphones.com\/wp-content\/uploads\/2025\/12\/EFICIENCIA-ENERGETICA-B-PRODUCTOS-scaled.webp' data-product-id='7636'>\n\t\t\t\t\t\t\t\t\t\t\t<img decoding=\"async\" src=\"https:\/\/blackviewphones.com\/wp-content\/plugins\/yith-woocommerce-eu-energy-label-premium\/assets\/badges\/B.svg\" data-image='https:\/\/blackviewphones.com\/wp-content\/uploads\/2025\/12\/EFICIENCIA-ENERGETICA-B-PRODUCTOS-scaled.webp' data-product-id='7636'>\n\t\t\t\t\t<\/div>\n\n\t\t\n\n<\/div><!--yith-wceue-thumb-and-energy-container--><\/a><h2 class=\"woocommerce-loop-product__title\">Blackview COLOR 6 | 24GB RAM 128GB\/256GB ROM<\/h2><div class=\"eael-product-price\"><span class=\"woocommerce-Price-amount amount\" aria-hidden=\"true\"><bdi>104,99\u00a0<span class=\"woocommerce-Price-currencySymbol\">\u20ac<\/span><\/bdi><\/span> <span aria-hidden=\"true\">-<\/span> <span class=\"woocommerce-Price-amount amount\" aria-hidden=\"true\"><bdi>119,99\u00a0<span class=\"woocommerce-Price-currencySymbol\">\u20ac<\/span><\/bdi><\/span><span class=\"screen-reader-text\">Rango de precios: desde 104,99\u00a0\u20ac hasta 119,99\u00a0\u20ac<\/span><\/div><a href=\"https:\/\/blackviewphones.com\/es\/product\/blackview-color-6-24gb-ram-256gb-rom\/\" aria-describedby=\"woocommerce_loop_add_to_cart_link_describedby_7636\" data-quantity=\"1\" class=\"button product_type_variable add_to_cart_button\" data-product_id=\"7636\" data-product_sku=\"\" aria-label=\"Elige las opciones para \u201cBlackview COLOR 6 | 24GB RAM 128GB\/256GB ROM\u201d\" rel=\"nofollow\"><i class=\"klbth-icon-shop-1\"><\/i> Seleccionar opciones<\/a>\t<span id=\"woocommerce_loop_add_to_cart_link_describedby_7636\" class=\"screen-reader-text\">\n\t\tEste producto tiene m\u00faltiples variantes. Las opciones se pueden elegir en la p\u00e1gina de producto\t<\/span>\n    <\/div>\n<\/li><li class=\"product \">\n        <div class=\"eael-product-wrap\" data-src=\"\" data-src-hover=\"\" >\n    <span class=\"eael-onsale sale-preset-1 \">Sale!<\/span><a href=\"https:\/\/blackviewphones.com\/es\/product\/blackview-wave-9c\/\" class=\"woocommerce-LoopProduct-link woocommerce-loop-product__link\"><div class='yith-wceue-thumb-and-energy-container'><img decoding=\"async\" width=\"1000\" height=\"1000\" src=\"https:\/\/blackviewphones.com\/wp-content\/uploads\/2025\/10\/Blackview-Wave-9C-REGALO-1.avif\" class=\"attachment-1536x1536 size-1536x1536\" alt=\"Blackview Wave 9C | M\u00f3vil sencillo y econ\u00f3mico\" loading=\"eager\" srcset=\"https:\/\/blackviewphones.com\/wp-content\/uploads\/2025\/10\/Blackview-Wave-9C-REGALO-1.avif 1000w, https:\/\/blackviewphones.com\/wp-content\/uploads\/2025\/10\/Blackview-Wave-9C-REGALO-1-300x300.avif 300w, https:\/\/blackviewphones.com\/wp-content\/uploads\/2025\/10\/Blackview-Wave-9C-REGALO-1-150x150.avif 150w, https:\/\/blackviewphones.com\/wp-content\/uploads\/2025\/10\/Blackview-Wave-9C-REGALO-1-768x768.avif 768w, https:\/\/blackviewphones.com\/wp-content\/uploads\/2025\/10\/Blackview-Wave-9C-REGALO-1-12x12.avif 12w, https:\/\/blackviewphones.com\/wp-content\/uploads\/2025\/10\/Blackview-Wave-9C-REGALO-1-450x450.avif 450w, https:\/\/blackviewphones.com\/wp-content\/uploads\/2025\/10\/Blackview-Wave-9C-REGALO-1-90x90.avif 90w, https:\/\/blackviewphones.com\/wp-content\/uploads\/2025\/10\/Blackview-Wave-9C-REGALO-1-600x600.avif 600w, https:\/\/blackviewphones.com\/wp-content\/uploads\/2025\/10\/Blackview-Wave-9C-REGALO-1-54x54.avif 54w\" sizes=\"(max-width: 1000px) 100vw, 1000px\" \/>\n\n\t\n\t\t<div class=\"yith-wceue-eu-energy-label yith-wceue-eu-energy-label-2 yith-wceue-eu-energy-label-mini new  yith_wceue_tooltip\" data-image='https:\/\/blackviewphones.com\/wp-content\/uploads\/2025\/12\/EFICIENCIA-ENERGETICA-B-PRODUCTOS-scaled.webp' data-product-id='9132'>\n\t\t\t\t\t\t\t\t\t\t\t<img decoding=\"async\" src=\"https:\/\/blackviewphones.com\/wp-content\/plugins\/yith-woocommerce-eu-energy-label-premium\/assets\/badges\/B.svg\" data-image='https:\/\/blackviewphones.com\/wp-content\/uploads\/2025\/12\/EFICIENCIA-ENERGETICA-B-PRODUCTOS-scaled.webp' data-product-id='9132'>\n\t\t\t\t\t<\/div>\n\n\t\t\n\n<\/div><!--yith-wceue-thumb-and-energy-container--><\/a><h2 class=\"woocommerce-loop-product__title\">Blackview Wave 9C | M\u00f3vil sencillo y econ\u00f3mico<\/h2><div class=\"eael-product-price\"><del aria-hidden=\"true\"><span class=\"woocommerce-Price-amount amount\"><bdi>120,00\u00a0<span class=\"woocommerce-Price-currencySymbol\">\u20ac<\/span><\/bdi><\/span><\/del> <span class=\"screen-reader-text\">El precio original era: 120,00\u00a0\u20ac.<\/span><ins aria-hidden=\"true\"><span class=\"woocommerce-Price-amount amount\"><bdi>89,99\u00a0<span class=\"woocommerce-Price-currencySymbol\">\u20ac<\/span><\/bdi><\/span><\/ins><span class=\"screen-reader-text\">El precio actual es: 89,99\u00a0\u20ac.<\/span><\/div><a href=\"https:\/\/blackviewphones.com\/es\/product\/blackview-wave-9c\/\" aria-describedby=\"woocommerce_loop_add_to_cart_link_describedby_9132\" data-quantity=\"1\" class=\"button product_type_variable add_to_cart_button\" data-product_id=\"9132\" data-product_sku=\"\" aria-label=\"Elige las opciones para \u201cBlackview Wave 9C | M\u00f3vil sencillo y econ\u00f3mico\u201d\" rel=\"nofollow\"><i class=\"klbth-icon-shop-1\"><\/i> Seleccionar opciones<\/a>\t<span id=\"woocommerce_loop_add_to_cart_link_describedby_9132\" class=\"screen-reader-text\">\n\t\tEste producto tiene m\u00faltiples variantes. Las opciones se pueden elegir en la p\u00e1gina de producto\t<\/span>\n    <\/div>\n<\/li><li class=\"product \">\n        <div class=\"eael-product-wrap\" data-src=\"\" data-src-hover=\"\" >\n    <span class=\"eael-onsale sale-preset-1 \">Sale!<\/span><a href=\"https:\/\/blackviewphones.com\/es\/product\/blackview-wave-7c\/\" class=\"woocommerce-LoopProduct-link woocommerce-loop-product__link\"><div class='yith-wceue-thumb-and-energy-container'><img decoding=\"async\" width=\"1000\" height=\"1000\" src=\"https:\/\/blackviewphones.com\/wp-content\/uploads\/2026\/03\/BLACKVIEW-WAVE-7C-REGALO.avif\" class=\"attachment-1536x1536 size-1536x1536\" alt=\"Blackview Wave 7C 32MP C\u00e1mara 6.5&quot; HD+\" loading=\"eager\" srcset=\"https:\/\/blackviewphones.com\/wp-content\/uploads\/2026\/03\/BLACKVIEW-WAVE-7C-REGALO.avif 1000w, https:\/\/blackviewphones.com\/wp-content\/uploads\/2026\/03\/BLACKVIEW-WAVE-7C-REGALO-300x300.avif 300w, https:\/\/blackviewphones.com\/wp-content\/uploads\/2026\/03\/BLACKVIEW-WAVE-7C-REGALO-150x150.avif 150w, https:\/\/blackviewphones.com\/wp-content\/uploads\/2026\/03\/BLACKVIEW-WAVE-7C-REGALO-768x768.avif 768w, https:\/\/blackviewphones.com\/wp-content\/uploads\/2026\/03\/BLACKVIEW-WAVE-7C-REGALO-12x12.avif 12w, https:\/\/blackviewphones.com\/wp-content\/uploads\/2026\/03\/BLACKVIEW-WAVE-7C-REGALO-450x450.avif 450w, https:\/\/blackviewphones.com\/wp-content\/uploads\/2026\/03\/BLACKVIEW-WAVE-7C-REGALO-90x90.avif 90w, https:\/\/blackviewphones.com\/wp-content\/uploads\/2026\/03\/BLACKVIEW-WAVE-7C-REGALO-600x600.avif 600w, https:\/\/blackviewphones.com\/wp-content\/uploads\/2026\/03\/BLACKVIEW-WAVE-7C-REGALO-54x54.avif 54w\" sizes=\"(max-width: 1000px) 100vw, 1000px\" \/>\n\n\t\n\t\t<div class=\"yith-wceue-eu-energy-label yith-wceue-eu-energy-label-2 yith-wceue-eu-energy-label-mini new  yith_wceue_tooltip\" data-image='https:\/\/www.blackview.es\/wp-content\/uploads\/2025\/11\/EFICIENCIA-ENERGETICA-B-PRODUCTOS-scaled.webp' data-product-id='12703'>\n\t\t\t\t\t\t\t\t\t\t\t<img decoding=\"async\" src=\"https:\/\/blackviewphones.com\/wp-content\/plugins\/yith-woocommerce-eu-energy-label-premium\/assets\/badges\/B.svg\" data-image='https:\/\/www.blackview.es\/wp-content\/uploads\/2025\/11\/EFICIENCIA-ENERGETICA-B-PRODUCTOS-scaled.webp' data-product-id='12703'>\n\t\t\t\t\t<\/div>\n\n\t\t\n\n<\/div><!--yith-wceue-thumb-and-energy-container--><\/a><h2 class=\"woocommerce-loop-product__title\">Blackview Wave 7C 32MP C\u00e1mara 6.5\" HD+<\/h2><div class=\"eael-product-price\"><span class=\"woocommerce-Price-amount amount\" aria-hidden=\"true\"><bdi>89,99\u00a0<span class=\"woocommerce-Price-currencySymbol\">\u20ac<\/span><\/bdi><\/span> <span aria-hidden=\"true\">-<\/span> <span class=\"woocommerce-Price-amount amount\" aria-hidden=\"true\"><bdi>99,99\u00a0<span class=\"woocommerce-Price-currencySymbol\">\u20ac<\/span><\/bdi><\/span><span class=\"screen-reader-text\">Rango de precios: desde 89,99\u00a0\u20ac hasta 99,99\u00a0\u20ac<\/span><\/div><a href=\"https:\/\/blackviewphones.com\/es\/product\/blackview-wave-7c\/\" aria-describedby=\"woocommerce_loop_add_to_cart_link_describedby_12703\" data-quantity=\"1\" class=\"button product_type_variable add_to_cart_button\" data-product_id=\"12703\" data-product_sku=\"\" aria-label=\"Elige las opciones para \u201cBlackview Wave 7C 32MP C\u00e1mara 6.5&quot; HD+\u201d\" rel=\"nofollow\"><i class=\"klbth-icon-shop-1\"><\/i> Seleccionar opciones<\/a>\t<span id=\"woocommerce_loop_add_to_cart_link_describedby_12703\" class=\"screen-reader-text\">\n\t\tEste producto tiene m\u00faltiples variantes. Las opciones se pueden elegir en la p\u00e1gina de producto\t<\/span>\n    <\/div>\n<\/li><\/ul>            <div class=\"eael-load-more-button-wrap eael-force-hide\">\n                <button class=\"eael-load-more-button\" id=\"eael-load-more-btn-c47c3a1\" data-widget-id=\"c47c3a1\" data-widget=\"c47c3a1\" data-page-id=\"9711\" data-template=\"{&quot;dir&quot;:&quot;lite&quot;,&quot;file_name&quot;:&quot;preset-4.php&quot;,&quot;name&quot;:&quot;Woo-Product-Gallery&quot;}\" data-class=\"Essential_Addons_Elementor\\Elements\\Woo_Product_Gallery\" data-layout=\"masonry\" data-page=\"1\" data-args=\"post_type=product&post_status%5B0%5D=publish&post_status%5B1%5D=pending&post_status%5B2%5D=future&posts_per_page=3&order=DESC&offset=0&tax_query%5Brelation%5D=AND&tax_query%5B0%5D%5Btaxonomy%5D=product_visibility&tax_query%5B0%5D%5Bfield%5D=name&tax_query%5B0%5D%5Bterms%5D%5B0%5D=exclude-from-search&tax_query%5B0%5D%5Bterms%5D%5B1%5D=exclude-from-catalog&tax_query%5B0%5D%5Boperator%5D=NOT+IN&tax_query%5B1%5D%5Brelation%5D=OR&tax_query%5B1%5D%5B0%5D%5Btaxonomy%5D=product_cat&tax_query%5B1%5D%5B0%5D%5Bfield%5D=term_id&tax_query%5B1%5D%5B0%5D%5Bterms%5D=327&tax_query%5B1%5D%5B0%5D%5Boperator%5D=IN&orderby=meta_value_num&meta_query%5Brelation%5D=AND&meta_query%5B0%5D%5Bkey%5D=_stock_status&meta_query%5B0%5D%5Bvalue%5D=instock&meta_key=total_sales&found_posts=5\" data-max-page=\"2\">\n                    <span class=\"eael-btn-loader button__loader\"><\/span>\n                    <span class=\"eael_load_more_text\"><\/span>\n                <\/button>\n            <\/div>\n                        <\/div>\n        <\/div>\n        <script type=\"text\/javascript\">\n\t\t\tjQuery(document).ready(function ($) {\n\t\t\t\tvar $scope = jQuery(\".elementor-element-c47c3a1\");\n\t\t\t\tvar $products = $('.products', $scope);\n\t\t\t\tvar $layout_mode = $products.data('layout-mode');\n\n\t\t\t\tif ($layout_mode === 'masonry') {\n\t\t\t\t\t\/\/ init isotope\n\t\t\t\t\tvar $isotope_products = $products.isotope({ itemSelector: \"li.product\", layoutMode: $layout_mode, percentPosition: true });\n\t\t\t\t\t$isotope_products.imagesLoaded().progress(function () {\n\t\t\t\t\t\t$isotope_products.isotope('layout');\n\t\t\t\t\t})\n\n\t\t\t\t\t$(window).on('resize', function () {\n\t\t\t\t\t\t$isotope_products.isotope('layout');\n\t\t\t\t\t});\n\t\t\t\t}\n\t\t\t});\n        <\/script>\n\t\t\t\t\t\t<\/div>\n\t\t\t\t<\/div>\n\t\t\t\t\t<\/div>\n\t\t\t\t<\/div>\n\t\t<div class=\"elementor-element elementor-element-1b18e357 e-flex e-con-boxed e-con e-parent\" data-id=\"1b18e357\" data-element_type=\"container\" data-e-type=\"container\">\n\t\t\t\t\t<div class=\"e-con-inner\">\n\t\t\t\t<div class=\"elementor-element elementor-element-36ae9f6a elementor-widget elementor-widget-text-editor\" data-id=\"36ae9f6a\" data-element_type=\"widget\" data-e-type=\"widget\" data-widget_type=\"text-editor.default\">\n\t\t\t\t<div class=\"elementor-widget-container\">\n\t\t\t\t\t\t\t\t\t<h1><strong>Blackview SHARK 8 | 16 GB (8GB+8GB) RAM 256GB ROM<\/strong><\/h1><p>Descubre la nueva l\u00ednea SHARK de Blackview, especialmente el SHARK 8, un m\u00f3vil convencional con 6,78\u2033 2.4K FHD+ Display. Este tel\u00e9fono m\u00f3vil, con Android 13, cuenta con una memoria de hasta 16 GB RAM y\u00a0 1TB de ROM, a\u00f1adiendo una tarjeta de memoria externa. Adem\u00e1s, tiene una c\u00e1mara de 64 Mpx Blackview ArcSoft\u00ae 7.0.<\/p><h3>M\u00f3vil con bater\u00eda de 5000 mAh con carga r\u00e1pida 33 W<\/h3><p>El SHARK 8 incorpora una bater\u00eda superior a la media y resulta ser una poderosa central el\u00e9ctrica que lo alimenta continuamente, a la altura de m\u00e1s de un d\u00eda de uso regular. Incluso si eres un gran usuario de tel\u00e9fonos inteligentes, todav\u00eda dura m\u00e1s de lo que puedes esperar.<\/p><h3>Cuenta atr\u00e1s hacia la comodidad<\/h3><p>Con SHARK 8, seleccione un temporizador cuidadosamente dise\u00f1ado para tareas comunes como cocinar o hacer ejercicio, elevando su experiencia de usuario para que sea fluida y eficiente.<\/p><h3>Pantalla encendida<\/h3><p>Sum\u00e9rgete en tus contenidos sin interrupciones. Con Screen Attention, la pantalla permanece encendida mientras est\u00e9s mirando, lo que garantiza una experiencia fluida y sin interrupciones.<\/p><h3>Focus Mode<\/h3><p>Elimine el ruido y conc\u00e9ntrese en lo que realmente importa. Con el modo Focus de SHARK 8, tienes cinco ajustes personalizados al alcance de la mano para silenciar f\u00e1cilmente las molestas alertas y llamadas.<\/p>\t\t\t\t\t\t\t\t<\/div>\n\t\t\t\t<\/div>\n\t\t\t\t\t<\/div>\n\t\t\t\t<\/div>\n\t\t\t\t<\/div>\n\t\t","protected":false},"excerpt":{"rendered":"<p>Este modelo ha sido descatalogado porque hemos dado paso a versiones m\u00e1s avanzadas \ud83d\ude80<br \/>\nSi buscas un rendimiento similar (o superior), te recomendamos este modelo actualizado.<\/p>\n<p><span style=\"font-size: 20px;\"><span style=\"font-weight: 400;\">\ud83d\udc49 <\/span><a href=\"https:\/\/blackviewphones.com\/en\/product\/blackview-shark-9-24gb-ram-256gb-rom\/\"><b>Ver el nuevo modelo disponible SHARK9<\/b><\/a><\/span><\/p>\n","protected":false},"featured_media":9722,"comment_status":"open","ping_status":"closed","template":"","meta":{"_acf_changed":false},"product_brand":[287],"product_cat":[349],"product_tag":[],"class_list":{"0":"post-9711","1":"product","2":"type-product","3":"status-publish","4":"has-post-thumbnail","6":"product_brand-blackview","7":"product_cat-sin-categoria","9":"first","10":"outofstock","11":"sale","12":"shipping-taxable","13":"purchasable","14":"product-type-variable","15":"has-default-attributes"},"acf":[],"_links":{"self":[{"href":"https:\/\/blackviewphones.com\/es\/wp-json\/wp\/v2\/product\/9711","targetHints":{"allow":["GET"]}}],"collection":[{"href":"https:\/\/blackviewphones.com\/es\/wp-json\/wp\/v2\/product"}],"about":[{"href":"https:\/\/blackviewphones.com\/es\/wp-json\/wp\/v2\/types\/product"}],"replies":[{"embeddable":true,"href":"https:\/\/blackviewphones.com\/es\/wp-json\/wp\/v2\/comments?post=9711"}],"version-history":[{"count":0,"href":"https:\/\/blackviewphones.com\/es\/wp-json\/wp\/v2\/product\/9711\/revisions"}],"wp:featuredmedia":[{"embeddable":true,"href":"https:\/\/blackviewphones.com\/es\/wp-json\/wp\/v2\/media\/9722"}],"wp:attachment":[{"href":"https:\/\/blackviewphones.com\/es\/wp-json\/wp\/v2\/media?parent=9711"}],"wp:term":[{"taxonomy":"product_brand","embeddable":true,"href":"https:\/\/blackviewphones.com\/es\/wp-json\/wp\/v2\/product_brand?post=9711"},{"taxonomy":"product_cat","embeddable":true,"href":"https:\/\/blackviewphones.com\/es\/wp-json\/wp\/v2\/product_cat?post=9711"},{"taxonomy":"product_tag","embeddable":true,"href":"https:\/\/blackviewphones.com\/es\/wp-json\/wp\/v2\/product_tag?post=9711"}],"curies":[{"name":"wp","href":"https:\/\/api.w.org\/{rel}","templated":true}]}}