

{"id":9657,"date":"2025-11-24T12:21:15","date_gmt":"2025-11-24T11:21:15","guid":{"rendered":"https:\/\/blackviewphones.com\/?post_type=product&#038;p=9657"},"modified":"2026-04-14T12:05:35","modified_gmt":"2026-04-14T10:05:35","slug":"bv100-gafas","status":"publish","type":"product","link":"https:\/\/blackviewphones.com\/es\/product\/bv100-gafas\/","title":{"rendered":"Gafas Blackview BV100"},"content":{"rendered":"<h1>Gafas Blackview BV100<\/h1>\n<p data-start=\"38\" data-end=\"384\">Las Gafas <strong data-start=\"42\" data-end=\"61\">Blackview BV100<\/strong> son mucho m\u00e1s que unas gafas: son tu asistente inteligente para el d\u00eda a d\u00eda. Gracias a su <strong data-start=\"153\" data-end=\"180\">tecnolog\u00eda AI integrada<\/strong>, combinan dise\u00f1o ligero y moderno con funciones inteligentes que facilitan tu rutina, ya sea para trabajar, moverte por la ciudad o disfrutar de una experiencia conectada sin sacar el m\u00f3vil del bolsillo.<\/p>\n<p data-start=\"386\" data-end=\"693\">Dise\u00f1adas para ofrecer <strong data-start=\"409\" data-end=\"442\">comodidad durante todo el d\u00eda<\/strong>, las BV100 destacan por su manejo intuitivo, conectividad avanzada y un enfoque pr\u00e1ctico que encaja perfectamente con el estilo de vida digital actual. Ideales para quienes buscan innovaci\u00f3n, funcionalidad y un toque futurista en un solo dispositivo.<\/p>\n<h2 data-start=\"386\" data-end=\"693\">Activaci\u00f3n por voz Asistente AI con las gafas Blackview BV100<\/h2>\n<p data-start=\"386\" data-end=\"693\">Activaci\u00f3n con un solo toque con los dedos: Simplemente toca con el dedo para activar f\u00e1cilmente el asistente de voz AI y desbloquear funciones como escuchar m\u00fasica, hacer llamadas, grabar v\u00eddeos y tomar fotos.<\/p>\n<h2 data-start=\"386\" data-end=\"693\">HD Optimizaci\u00f3n de v\u00eddeo autom\u00e1tico<\/h2>\n<p>C\u00e1mara de alta definici\u00f3n de 800W, captura de im\u00e1genes de alta definici\u00f3n 2K, compatible con grabaci\u00f3n de v\u00eddeo 1200P y algoritmo antivibraci\u00f3n integrado. Adem\u00e1s, admite grabaci\u00f3n de v\u00eddeo 1200P y algoritmo antivibraci\u00f3n integrado. AI optimiza autom\u00e1ticamente la calidad de la imagen (como el oscurecimiento y desenfoque del fondo). Eliminaci\u00f3n de ruido multitrama y s\u00edntesis HDR. Captura y sincroniza autom\u00e1ticamente con tu m\u00f3vil.<\/p>\n<h2>Instrucciones de uso de las gafas BV100<\/h2>\n<h3>Pasos de botones f\u00edsicos<\/h3>\n<ul>\n<li><strong>Encendido\/apagado: <\/strong>\u00a0Pulse brevemente el bot\u00f3n derecho durante 2 segundos durante el inicio \/ Apagar, mantenga pulsado el bot\u00f3n derecho durante 5 segundos.<\/li>\n<li><strong> Emparejamiento Bluetooth: <\/strong>Abra la aplicaci\u00f3n m\u00f3vil, busca dispositivos Bluetooth para a\u00f1adirlos.<\/li>\n<li><strong>Tomar fotos: <\/strong>Pulsa brevemente el bot\u00f3n derecho una vez <em><strong>(no en modo llamada)<\/strong><\/em>.<\/li>\n<\/ul>\n<blockquote><p><em><strong>* Mantenga pulsado el bot\u00f3n derecho durante 3 segundos para encender (reconectaci\u00f3n Bluetooth activa correcta)\u00a0<\/strong><\/em><\/p><\/blockquote>\n<ul>\n<li><strong>Grabaci\u00f3n de im\u00e1genes: <\/strong>Pulsa brevemente dos veces el bot\u00f3n derecho para iniciar la grabaci\u00f3n (no en modo de llamada). Luego, pulse brevemente el bot\u00f3n el bot\u00f3n derecho una vez para cerrar la grabaci\u00f3n.<\/li>\n<li><strong>Grabaci\u00f3n de sonido:<\/strong> Pulse dos veces brevemente el bot\u00f3n derecho para iniciar la grabaci\u00f3n (no en modo de llamada). Luego, pulse brevemente el bot\u00f3n derecho una vez para cerrar y guardar la grabaci\u00f3n <em>(en curso)<\/em>.<\/li>\n<li><strong>Modo llamada:<\/strong> Pulse brevemente el bot\u00f3n izquierdo\/derecho una vez para responder. Luego, mantenga pulsado el bot\u00f3n izquierdo\/derecho durante dos segundos para rechazar. Finalmente, pulse brevemente el bot\u00f3n derecho una vez para colgar (durante la llamada).<\/li>\n<li><strong>Al despertar:<\/strong> Pulse brevemente el bot\u00f3n izquierdo una vez para activar o cancelar el asistente de voz AI <em>(en modo Bluetooth)<\/em>.<\/li>\n<li><strong>Trasmisi\u00f3n de datos:<\/strong> Trasmisi\u00f3n WiFi en cualquier estado.<\/li>\n<li><strong>Borrar registros de emparejamiento:<\/strong> Mantenga pulsado el bot\u00f3n izquierdo durante 5 segundos para borrar la informaci\u00f3n y emparejamiento del dispositivo conectado.<\/li>\n<\/ul>\n<h3>\u00c1rea t\u00e1ctil lateral<\/h3>\n<ul>\n<li><strong>Modo m\u00fasica:<\/strong><\/li>\n<\/ul>\n<ol>\n<li>Haga clic con el bot\u00f3n derecho para pausar la m\u00fasica (en modo reproducci\u00f3n de m\u00fasica).<\/li>\n<li>Haga clic con el bot\u00f3n derecho del rat\u00f3n en la reproducci\u00f3n de m\u00fasica (m\u00fasica en pausa).<\/li>\n<li>Haga doble clic con el bot\u00f3n derecho del rat\u00f3n en la pista siguiente (en modo reproducci\u00f3n\/pausa de m\u00fasica).<\/li>\n<\/ol>\n<ul>\n<li><strong>Control de volumen:<\/strong><\/li>\n<\/ul>\n<ol>\n<li>Desliza el control deslizante derecho hacia delante (volumen +)<\/li>\n<li>Desliza el control deslizante derecho hacia atr\u00e1s (volumen &#8211; )<\/li>\n<\/ol>\n","protected":false},"excerpt":{"rendered":"<p>Las Blackview BV100 destacan por su c\u00e1mara 8 MP con v\u00eddeo 1200P, su<strong> IA multimodal<\/strong> y una conectividad dual preparada para tareas r\u00e1pidas y fluidas. Gracias a su construcci\u00f3n ligera y altavoces open-ear, puedes escuchar, grabar y traducir sin renunciar a la comodidad. El reconocimiento visual y el comando \u201cHey Cyan\u201d a\u00f1aden funciones \u00fatiles en cualquier situaci\u00f3n profesional o personal.<\/p>\n","protected":false},"featured_media":12066,"comment_status":"open","ping_status":"closed","template":"","meta":{"_acf_changed":false},"product_brand":[287],"product_cat":[154,159],"product_tag":[],"class_list":{"0":"post-9657","1":"product","2":"type-product","3":"status-publish","4":"has-post-thumbnail","6":"product_brand-blackview","7":"product_cat-accesorios-blackview","8":"product_cat-ofertas","10":"first","11":"instock","12":"sale","13":"shipping-taxable","14":"purchasable","15":"product-type-variable"},"acf":[],"_links":{"self":[{"href":"https:\/\/blackviewphones.com\/es\/wp-json\/wp\/v2\/product\/9657","targetHints":{"allow":["GET"]}}],"collection":[{"href":"https:\/\/blackviewphones.com\/es\/wp-json\/wp\/v2\/product"}],"about":[{"href":"https:\/\/blackviewphones.com\/es\/wp-json\/wp\/v2\/types\/product"}],"replies":[{"embeddable":true,"href":"https:\/\/blackviewphones.com\/es\/wp-json\/wp\/v2\/comments?post=9657"}],"version-history":[{"count":0,"href":"https:\/\/blackviewphones.com\/es\/wp-json\/wp\/v2\/product\/9657\/revisions"}],"wp:featuredmedia":[{"embeddable":true,"href":"https:\/\/blackviewphones.com\/es\/wp-json\/wp\/v2\/media\/12066"}],"wp:attachment":[{"href":"https:\/\/blackviewphones.com\/es\/wp-json\/wp\/v2\/media?parent=9657"}],"wp:term":[{"taxonomy":"product_brand","embeddable":true,"href":"https:\/\/blackviewphones.com\/es\/wp-json\/wp\/v2\/product_brand?post=9657"},{"taxonomy":"product_cat","embeddable":true,"href":"https:\/\/blackviewphones.com\/es\/wp-json\/wp\/v2\/product_cat?post=9657"},{"taxonomy":"product_tag","embeddable":true,"href":"https:\/\/blackviewphones.com\/es\/wp-json\/wp\/v2\/product_tag?post=9657"}],"curies":[{"name":"wp","href":"https:\/\/api.w.org\/{rel}","templated":true}]}}