

{"id":9245,"date":"2025-10-27T16:05:37","date_gmt":"2025-10-27T15:05:37","guid":{"rendered":"https:\/\/blackviewphones.com\/?post_type=product&#038;p=9245"},"modified":"2026-05-06T10:44:31","modified_gmt":"2026-05-06T08:44:31","slug":"cargador-de-coche-electricos-oscal-ev7000","status":"publish","type":"product","link":"https:\/\/blackviewphones.com\/es\/product\/cargador-de-coche-electricos-oscal-ev7000\/","title":{"rendered":"Cargador de coche el\u00e9ctricos Oscal EV7000"},"content":{"rendered":"<h1 class=\"product_title entry-title\">Cargador de coche el\u00e9ctricos Oscal EV7000<\/h1>\n<h4>\u27a1\ufe0f\ud83d\udce6 Este producto tiene un tiempo de env\u00edo m\u00ednimo de 15 d\u00edas laborables.<\/h4>\n<p>El <strong data-start=\"895\" data-end=\"911\">OSCAL EV7000<\/strong> es un cargador residencial para veh\u00edculos el\u00e9ctricos dise\u00f1ado para ofrecer <strong data-start=\"987\" data-end=\"1033\">rendimiento, seguridad y control completos<\/strong>. Con una potencia m\u00e1xima de <strong data-start=\"1062\" data-end=\"1070\">7 kW<\/strong> y una salida de <strong data-start=\"1087\" data-end=\"1095\">32 A<\/strong>, puedes recargar una bater\u00eda de 50 kWh en aproximadamente 7 horas, el doble de rapidez que con cargadores de 3,5 kW est\u00e1ndar.<\/p>\n","protected":false},"excerpt":{"rendered":"<h4>\u27a1\ufe0f\ud83d\udce6 Este producto tiene un tiempo de env\u00edo m\u00ednimo de 15 d\u00edas laborables.<\/h4>\n<p>\u26a1Incluye funciones inteligentes como control mediante aplicaci\u00f3n (Bluetooth \/ WiFi opcional), programaci\u00f3n de cargas en horarios valle y acceso mediante tarjetas RFID.<\/p>\n<p>\u26a1Adem\u00e1s, su iluminaci\u00f3n ambiental indica el estado de carga en tiempo real.<\/p>\n<p>\u26a1Fabricado con materiales ign\u00edfugos UL94-V0 y protegido contra sobrecalentamientos, el EV7000 combina estilo y seguridad.<\/p>\n","protected":false},"featured_media":9247,"comment_status":"open","ping_status":"closed","template":"","meta":{"_acf_changed":false},"product_brand":[335],"product_cat":[338,340,336,339],"product_tag":[],"class_list":{"0":"post-9245","1":"product","2":"type-product","3":"status-publish","4":"has-post-thumbnail","6":"product_brand-oscal","7":"product_cat-productos","8":"product_cat-cargadores-electricos-para-vehiculos","9":"product_cat-estaciones-de-carga-portatil","10":"product_cat-otros-productos","11":"product_shipping_class-productos-pesados","13":"first","14":"instock","15":"sale","16":"shipping-taxable","17":"purchasable","18":"product-type-variable","19":"has-default-attributes"},"acf":[],"_links":{"self":[{"href":"https:\/\/blackviewphones.com\/es\/wp-json\/wp\/v2\/product\/9245","targetHints":{"allow":["GET"]}}],"collection":[{"href":"https:\/\/blackviewphones.com\/es\/wp-json\/wp\/v2\/product"}],"about":[{"href":"https:\/\/blackviewphones.com\/es\/wp-json\/wp\/v2\/types\/product"}],"replies":[{"embeddable":true,"href":"https:\/\/blackviewphones.com\/es\/wp-json\/wp\/v2\/comments?post=9245"}],"version-history":[{"count":0,"href":"https:\/\/blackviewphones.com\/es\/wp-json\/wp\/v2\/product\/9245\/revisions"}],"wp:featuredmedia":[{"embeddable":true,"href":"https:\/\/blackviewphones.com\/es\/wp-json\/wp\/v2\/media\/9247"}],"wp:attachment":[{"href":"https:\/\/blackviewphones.com\/es\/wp-json\/wp\/v2\/media?parent=9245"}],"wp:term":[{"taxonomy":"product_brand","embeddable":true,"href":"https:\/\/blackviewphones.com\/es\/wp-json\/wp\/v2\/product_brand?post=9245"},{"taxonomy":"product_cat","embeddable":true,"href":"https:\/\/blackviewphones.com\/es\/wp-json\/wp\/v2\/product_cat?post=9245"},{"taxonomy":"product_tag","embeddable":true,"href":"https:\/\/blackviewphones.com\/es\/wp-json\/wp\/v2\/product_tag?post=9245"}],"curies":[{"name":"wp","href":"https:\/\/api.w.org\/{rel}","templated":true}]}}