

{"id":9084,"date":"2025-10-20T12:29:24","date_gmt":"2025-10-20T10:29:24","guid":{"rendered":"https:\/\/blackviewphones.com\/?post_type=product&#038;p=9084"},"modified":"2026-05-07T11:04:50","modified_gmt":"2026-05-07T09:04:50","slug":"blackview-airbuds-100-auriculares-bluetooth","status":"publish","type":"product","link":"https:\/\/blackviewphones.com\/es\/product\/blackview-airbuds-100-auriculares-bluetooth\/","title":{"rendered":"Blackview Airbuds 100 &#8211; Auriculares Bluetooth"},"content":{"rendered":"<h1>Blackview Airbuds 100 \u2013 Auriculares Bluetooth<\/h1>\n<p>El<strong> Blackview Airbuds 100<\/strong> es un auricular TWS con dise\u00f1o ergon\u00f3mico, resistentes al agua IP68. Ideal para usar en exteriores y realizar deporte. Con bater\u00eda de larga duraci\u00f3n 500 mAh.<\/p>\n<p>Cuenta con tecnolog\u00eda de conducci\u00f3n de aire, siente la m\u00fasica, no el entumecimiento. Con el podr\u00e1s disfrutar de 21 hrs de reproducci\u00f3n sin vibraciones. Compatible con Android, iOS y HarmonyOS.<\/p>\n<p><strong>Comodidad para un ajuste seguro durante todo el d\u00eda<\/strong><\/p>\n<p>Pruebe estos airbuds ergon\u00f3micos que se adapta perfectamente a las diferentes curvas de las orejas durante todo el d\u00eda. Empieza el d\u00eda haciendo footing por la ma\u00f1ana, ponte al d\u00eda con los podcasts durante la pausa para comer y rel\u00e1jate con m\u00fasica por la noche, todo ello con la comodidad de los Blackview AirBuds 100.<\/p>\n<p>\u00a0<\/p>\n","protected":false},"excerpt":{"rendered":"<p>Blackview Airbuds 100 \u2013 Auriculares Bluetooth El Blackview Airbuds 100 es un auricular TWS con dise\u00f1o ergon\u00f3mico, resistentes al agua IP68. Ideal para usar en exteriores y realizar deporte. Con bater\u00eda de larga duraci\u00f3n 500 mAh. Cuenta con tecnolog\u00eda de conducci\u00f3n de aire, siente la m\u00fasica, no el entumecimiento. Con el podr\u00e1s disfrutar de 21<\/p>\n<div class=\"klb-readmore entry-button\"><a class=\"btn read-more\" href=\"https:\/\/blackviewphones.com\/es\/product\/blackview-airbuds-100-auriculares-bluetooth\/\">Read More<\/a><\/div>\n","protected":false},"featured_media":12920,"comment_status":"closed","ping_status":"closed","template":"","meta":{"_acf_changed":false},"product_brand":[287],"product_cat":[154,156,159],"product_tag":[],"class_list":{"0":"post-9084","1":"product","2":"type-product","3":"status-publish","4":"has-post-thumbnail","6":"product_brand-blackview","7":"product_cat-accesorios-blackview","8":"product_cat-accesorios-blackview-auriculares","9":"product_cat-ofertas","11":"first","12":"instock","13":"sale","14":"shipping-taxable","15":"purchasable","16":"product-type-variable","17":"has-default-attributes"},"acf":[],"_links":{"self":[{"href":"https:\/\/blackviewphones.com\/es\/wp-json\/wp\/v2\/product\/9084","targetHints":{"allow":["GET"]}}],"collection":[{"href":"https:\/\/blackviewphones.com\/es\/wp-json\/wp\/v2\/product"}],"about":[{"href":"https:\/\/blackviewphones.com\/es\/wp-json\/wp\/v2\/types\/product"}],"replies":[{"embeddable":true,"href":"https:\/\/blackviewphones.com\/es\/wp-json\/wp\/v2\/comments?post=9084"}],"version-history":[{"count":0,"href":"https:\/\/blackviewphones.com\/es\/wp-json\/wp\/v2\/product\/9084\/revisions"}],"wp:featuredmedia":[{"embeddable":true,"href":"https:\/\/blackviewphones.com\/es\/wp-json\/wp\/v2\/media\/12920"}],"wp:attachment":[{"href":"https:\/\/blackviewphones.com\/es\/wp-json\/wp\/v2\/media?parent=9084"}],"wp:term":[{"taxonomy":"product_brand","embeddable":true,"href":"https:\/\/blackviewphones.com\/es\/wp-json\/wp\/v2\/product_brand?post=9084"},{"taxonomy":"product_cat","embeddable":true,"href":"https:\/\/blackviewphones.com\/es\/wp-json\/wp\/v2\/product_cat?post=9084"},{"taxonomy":"product_tag","embeddable":true,"href":"https:\/\/blackviewphones.com\/es\/wp-json\/wp\/v2\/product_tag?post=9084"}],"curies":[{"name":"wp","href":"https:\/\/api.w.org\/{rel}","templated":true}]}}