

{"id":8305,"date":"2025-07-24T11:24:44","date_gmt":"2025-07-24T09:24:44","guid":{"rendered":"https:\/\/blackviewphones.com\/?post_type=product&#038;p=8305"},"modified":"2026-04-23T12:07:45","modified_gmt":"2026-04-23T10:07:45","slug":"blackview-tab-active-5-tablet-android-15","status":"publish","type":"product","link":"https:\/\/blackviewphones.com\/es\/product\/blackview-tab-active-5-tablet-android-15\/","title":{"rendered":"Tablet Blackview Active 5 8.68&#8243;"},"content":{"rendered":"<h1>Tablet Blackview Active 5 | 6GB\/8GB RAM 128 GB ROM<\/h1>\n<p><strong data-start=\"164\" data-end=\"272\">Descubre la nueva Tablet Blackview, la Tablet Active 5 con 8.68&#8243;, m\u00e1s resistente y con mayor eficiencia.<\/strong> Es una tablet compacta de 12.3 mm de grosor, con una bater\u00eda de 6600 mAh y carga r\u00e1pida de 18 W, que te permite un rendimiento constante durante todo el d\u00eda, y con sistema operativo DokeOS P 4.2 basado en Android 15. Por todo ello, es la favorita de los motoristas para usarla como GPS.<\/p>\n<p data-start=\"491\" data-end=\"873\">Una tablet con estilo robusto y peso de 510 gramos, con certificaci\u00f3n<strong> IP68, IP69K y MIL-STD-810H<\/strong>. Incorpora 6GB o 8 GB de RAM y 128 GB de almacenamiento, expandible hasta 2 TB. Adem\u00e1s, cuenta con modo guantes y NFC, ideal para el trabajo, estudio o entretenimiento.<\/p>\n","protected":false},"excerpt":{"rendered":"<p><strong>Duraci\u00f3n de bater\u00eda:<\/strong>6600 mAh con carga r\u00e1pida 18W<\/p>\n<p><strong>Dimensiones:<\/strong>218.5*131.7*12.3mm<\/p>\n<p><strong>Pantalla:<\/strong>8.68-inch IPS ,800*1340 Resolution<br \/>\nPanda<sup>@<\/sup>\u00a0MN228<\/p>\n<p><strong>Brillo:<\/strong>360 nits<\/p>\n<p><strong>Sistema Operativo:<\/strong>DokeOS P 4.2 Based on Android 15<\/p>\n<p>&nbsp;<\/p>\n<div id=\"gtx-trans\" style=\"position: absolute; left: 10px; top: 55.2344px;\">\n<div class=\"gtx-trans-icon\"><\/div>\n<\/div>\n","protected":false},"featured_media":13143,"comment_status":"closed","ping_status":"closed","template":"","meta":{"_acf_changed":false},"product_brand":[],"product_cat":[95,159,281],"product_tag":[],"class_list":{"0":"post-8305","1":"product","2":"type-product","3":"status-publish","4":"has-post-thumbnail","6":"product_cat-tablets-blackview","7":"product_cat-ofertas","8":"product_cat-tablets-blackview-tablets-resistentes-blackview","10":"first","11":"instock","12":"sale","13":"shipping-taxable","14":"purchasable","15":"product-type-variable","16":"has-default-attributes"},"acf":[],"_links":{"self":[{"href":"https:\/\/blackviewphones.com\/es\/wp-json\/wp\/v2\/product\/8305","targetHints":{"allow":["GET"]}}],"collection":[{"href":"https:\/\/blackviewphones.com\/es\/wp-json\/wp\/v2\/product"}],"about":[{"href":"https:\/\/blackviewphones.com\/es\/wp-json\/wp\/v2\/types\/product"}],"replies":[{"embeddable":true,"href":"https:\/\/blackviewphones.com\/es\/wp-json\/wp\/v2\/comments?post=8305"}],"version-history":[{"count":0,"href":"https:\/\/blackviewphones.com\/es\/wp-json\/wp\/v2\/product\/8305\/revisions"}],"wp:featuredmedia":[{"embeddable":true,"href":"https:\/\/blackviewphones.com\/es\/wp-json\/wp\/v2\/media\/13143"}],"wp:attachment":[{"href":"https:\/\/blackviewphones.com\/es\/wp-json\/wp\/v2\/media?parent=8305"}],"wp:term":[{"taxonomy":"product_brand","embeddable":true,"href":"https:\/\/blackviewphones.com\/es\/wp-json\/wp\/v2\/product_brand?post=8305"},{"taxonomy":"product_cat","embeddable":true,"href":"https:\/\/blackviewphones.com\/es\/wp-json\/wp\/v2\/product_cat?post=8305"},{"taxonomy":"product_tag","embeddable":true,"href":"https:\/\/blackviewphones.com\/es\/wp-json\/wp\/v2\/product_tag?post=8305"}],"curies":[{"name":"wp","href":"https:\/\/api.w.org\/{rel}","templated":true}]}}