

{"id":8260,"date":"2025-07-22T10:15:54","date_gmt":"2025-07-22T08:15:54","guid":{"rendered":"https:\/\/blackviewphones.com\/?post_type=product&#038;p=8260"},"modified":"2026-01-27T11:01:50","modified_gmt":"2026-01-27T10:01:50","slug":"blackview-fitbuds-h1-auriculares-bluetooth","status":"publish","type":"product","link":"https:\/\/blackviewphones.com\/es\/product\/blackview-fitbuds-h1-auriculares-bluetooth\/","title":{"rendered":"Blackview FitBuds H1 \u2013 Auriculares Bluetooth 5.4 con cancelaci\u00f3n de ruido ENC+DNS"},"content":{"rendered":"<h1>Blackview FitBuds H1 \u2013 Auriculares Bluetooth 5.4 con cancelaci\u00f3n de ruido ENC+DNS<\/h1>\n<p>Los <strong data-start=\"225\" data-end=\"249\">Blackview FitBuds H1<\/strong> son auriculares inal\u00e1mbricos con un dise\u00f1o envolvente, pensados para los amantes del sonido n\u00edtido y potente. Equipados con controladores de 40\u202fmm, c\u00f3decs de audio avanzados (SBC, AAC y LHDC) y una bater\u00eda de 500\u202fmAh, ofrecen una experiencia auditiva prolongada y de alta calidad.<\/p>\n<p data-start=\"532\" data-end=\"575\"><strong data-start=\"532\" data-end=\"575\">Sonido envolvente. M\u00fasica que te atrapa<\/strong><\/p>\n<p data-start=\"577\" data-end=\"829\">Gracias a sus potentes altavoces de 40\u202fmm y la compatibilidad con LHDC, los FitBuds H1 entregan un audio detallado y profundo, ideal para m\u00fasica, pel\u00edculas o videojuegos. Su amplio rango de frecuencia (20Hz~20KHz) garantiza un sonido fiel en cada nota.<\/p>\n<p data-start=\"831\" data-end=\"881\"><strong data-start=\"831\" data-end=\"881\">Conexi\u00f3n estable. Libertad total de movimiento<\/strong><\/p>\n<p data-start=\"883\" data-end=\"1122\">Con Bluetooth 5.4 y un alcance de hasta 15 metros en interiores, disfruta de una conexi\u00f3n s\u00f3lida y sin interrupciones. Adem\u00e1s, su puerto de carga tipo C permite una carga r\u00e1pida: en solo 2 horas est\u00e1n listos para seguir el ritmo de tu d\u00eda.<\/p>\n<p data-start=\"1124\" data-end=\"1171\"><strong data-start=\"1124\" data-end=\"1171\">Dise\u00f1o c\u00f3modo. Uso prolongado sin molestias<\/strong><\/p>\n<p data-start=\"1173\" data-end=\"1385\">Con su dise\u00f1o ergon\u00f3mico y peso equilibrado, los FitBuds H1 se ajustan perfectamente a tus o\u00eddos, permitiendo sesiones largas sin fatiga. Disponibles en colores elegantes como <strong data-start=\"1349\" data-end=\"1365\">Black<\/strong> y <strong data-start=\"1368\" data-end=\"1384\">White<\/strong>.<\/p>\n","protected":false},"excerpt":{"rendered":"<p data-start=\"173\" data-end=\"196\"><strong data-start=\"173\" data-end=\"187\">Auricular:<\/strong> 5.28\u202fg<\/p>\n<p data-start=\"199\" data-end=\"227\"><strong data-start=\"199\" data-end=\"217\">Caja de carga:<\/strong> 36.01\u202fg<\/p>\n<p data-start=\"230\" data-end=\"265\"><strong data-start=\"230\" data-end=\"241\">Driver:<\/strong> \u03a613\u202fmm Dynamic Driver<\/p>\n<p data-start=\"268\" data-end=\"288\"><strong data-start=\"268\" data-end=\"282\">Bluetooth:<\/strong> 5.4<\/p>\n<p data-start=\"291\" data-end=\"331\"><strong data-start=\"291\" data-end=\"316\">Cancelaci\u00f3n de ruido:<\/strong> S\u00ed (ENC+DNS)<\/p>\n","protected":false},"featured_media":8268,"comment_status":"closed","ping_status":"closed","template":"","meta":{"_acf_changed":false},"product_brand":[287],"product_cat":[349],"product_tag":[],"class_list":{"0":"post-8260","1":"product","2":"type-product","3":"status-publish","4":"has-post-thumbnail","6":"product_brand-blackview","7":"product_cat-sin-categoria","9":"first","10":"outofstock","11":"sale","12":"shipping-taxable","13":"purchasable","14":"product-type-variable","15":"has-default-attributes"},"acf":[],"_links":{"self":[{"href":"https:\/\/blackviewphones.com\/es\/wp-json\/wp\/v2\/product\/8260","targetHints":{"allow":["GET"]}}],"collection":[{"href":"https:\/\/blackviewphones.com\/es\/wp-json\/wp\/v2\/product"}],"about":[{"href":"https:\/\/blackviewphones.com\/es\/wp-json\/wp\/v2\/types\/product"}],"replies":[{"embeddable":true,"href":"https:\/\/blackviewphones.com\/es\/wp-json\/wp\/v2\/comments?post=8260"}],"version-history":[{"count":0,"href":"https:\/\/blackviewphones.com\/es\/wp-json\/wp\/v2\/product\/8260\/revisions"}],"wp:featuredmedia":[{"embeddable":true,"href":"https:\/\/blackviewphones.com\/es\/wp-json\/wp\/v2\/media\/8268"}],"wp:attachment":[{"href":"https:\/\/blackviewphones.com\/es\/wp-json\/wp\/v2\/media?parent=8260"}],"wp:term":[{"taxonomy":"product_brand","embeddable":true,"href":"https:\/\/blackviewphones.com\/es\/wp-json\/wp\/v2\/product_brand?post=8260"},{"taxonomy":"product_cat","embeddable":true,"href":"https:\/\/blackviewphones.com\/es\/wp-json\/wp\/v2\/product_cat?post=8260"},{"taxonomy":"product_tag","embeddable":true,"href":"https:\/\/blackviewphones.com\/es\/wp-json\/wp\/v2\/product_tag?post=8260"}],"curies":[{"name":"wp","href":"https:\/\/api.w.org\/{rel}","templated":true}]}}