

{"id":8256,"date":"2025-07-21T11:24:54","date_gmt":"2025-07-21T09:24:54","guid":{"rendered":"https:\/\/blackviewphones.com\/?post_type=product&#038;p=8256"},"modified":"2026-05-04T10:48:31","modified_gmt":"2026-05-04T08:48:31","slug":"blackview-zeno-1-8-con-android-15-4-gb-ram-y-64-gb-rom","status":"publish","type":"product","link":"https:\/\/blackviewphones.com\/es\/product\/blackview-zeno-1-8-con-android-15-4-gb-ram-y-64-gb-rom\/","title":{"rendered":"Blackview ZENO 1 | 8\u201d con Android 15, 12\u202fGB RAM y 64\u202fGB ROM"},"content":{"rendered":"<h1>Tablet Blackview ZENO 1 | 12GB (4GB+8GB) RAM 64GB ROM<\/h1>\n<p data-start=\"355\" data-end=\"659\">La nueva <strong data-start=\"364\" data-end=\"384\">Blackview ZENO 1<\/strong> ha llegado para ofrecerte una experiencia compacta, potente y repleta de inteligencia. Con pantalla de 8\u2033, un dise\u00f1o port\u00e1til y elegante, y un procesador de alto rendimiento Unisoc T615, esta tablet es ideal para estudiar, trabajar, crear y entretenerte est\u00e9s donde est\u00e9s.<\/p>\n<p data-start=\"661\" data-end=\"856\">Equipada con Android 15 (DokeOS_P 4.2), bater\u00eda de 6000 mAh, WiFi dual 5G y funciones potenciadas por inteligencia artificial, es mucho m\u00e1s que una tablet: es tu nuevo centro de control personal.<\/p>\n<h3 data-start=\"863\" data-end=\"927\">Control con IA + Google Lens: M\u00e1s inteligente que nunca<\/h3>\n<p data-start=\"928\" data-end=\"1210\">Con la integraci\u00f3n de asistentes como ChatGPT-4o mini, Gemini 2.0 o DeepSeek-R1, la ZENO 1 te permite redactar, traducir, crear im\u00e1genes y obtener respuestas inteligentes sin esfuerzo. Adem\u00e1s, gracias a <strong data-start=\"1131\" data-end=\"1146\">Google Lens<\/strong>, basta una imagen para buscar, identificar, copiar texto y m\u00e1s.<\/p>\n<h3 data-start=\"1721\" data-end=\"1773\">Espacio privado: Protege lo que m\u00e1s importa<\/h3>\n<p data-start=\"1774\" data-end=\"1956\">Tu privacidad es prioridad. Activa el modo <strong data-start=\"1817\" data-end=\"1836\">Espacio Privado<\/strong> y oculta tus apps personales \u2014banca, redes sociales o lo que t\u00fa elijas\u2014 con total seguridad. Nadie sabr\u00e1 que est\u00e1n ah\u00ed.<\/p>\n","protected":false},"excerpt":{"rendered":"<p>8 pulgadas HD 90Hz Tasa de refresco de pantalla<br \/>\n336.5g Ultra-ligero y 8.2mm Ultra-delgado<br \/>\n1080P Widevine L1 Soporte<br \/>\nBuilt-in manos libres Tablet Stand<br \/>\nAI Tablet Powered by ChatGPT, Gemini &amp; DeepSeek<\/p>\n","protected":false},"featured_media":11378,"comment_status":"open","ping_status":"closed","template":"","meta":{"_acf_changed":false},"product_brand":[287],"product_cat":[159,339,95,328],"product_tag":[352],"class_list":{"0":"post-8256","1":"product","2":"type-product","3":"status-publish","4":"has-post-thumbnail","6":"product_brand-blackview","7":"product_cat-ofertas","8":"product_cat-otros-productos","9":"product_cat-tablets-blackview","10":"product_cat-tablets-blackview-tablets-inteligentes-blackview","11":"product_tag-352","13":"first","14":"instock","15":"sale","16":"shipping-taxable","17":"purchasable","18":"product-type-variable","19":"has-default-attributes"},"acf":[],"_links":{"self":[{"href":"https:\/\/blackviewphones.com\/es\/wp-json\/wp\/v2\/product\/8256","targetHints":{"allow":["GET"]}}],"collection":[{"href":"https:\/\/blackviewphones.com\/es\/wp-json\/wp\/v2\/product"}],"about":[{"href":"https:\/\/blackviewphones.com\/es\/wp-json\/wp\/v2\/types\/product"}],"replies":[{"embeddable":true,"href":"https:\/\/blackviewphones.com\/es\/wp-json\/wp\/v2\/comments?post=8256"}],"version-history":[{"count":0,"href":"https:\/\/blackviewphones.com\/es\/wp-json\/wp\/v2\/product\/8256\/revisions"}],"wp:featuredmedia":[{"embeddable":true,"href":"https:\/\/blackviewphones.com\/es\/wp-json\/wp\/v2\/media\/11378"}],"wp:attachment":[{"href":"https:\/\/blackviewphones.com\/es\/wp-json\/wp\/v2\/media?parent=8256"}],"wp:term":[{"taxonomy":"product_brand","embeddable":true,"href":"https:\/\/blackviewphones.com\/es\/wp-json\/wp\/v2\/product_brand?post=8256"},{"taxonomy":"product_cat","embeddable":true,"href":"https:\/\/blackviewphones.com\/es\/wp-json\/wp\/v2\/product_cat?post=8256"},{"taxonomy":"product_tag","embeddable":true,"href":"https:\/\/blackviewphones.com\/es\/wp-json\/wp\/v2\/product_tag?post=8256"}],"curies":[{"name":"wp","href":"https:\/\/api.w.org\/{rel}","templated":true}]}}