

{"id":8117,"date":"2025-06-23T11:40:57","date_gmt":"2025-06-23T09:40:57","guid":{"rendered":"https:\/\/blackviewphones.com\/?post_type=product&#038;p=8117"},"modified":"2026-04-22T10:50:12","modified_gmt":"2026-04-22T08:50:12","slug":"blackview-airbuds-13-auriculares-bluetooth-5-4","status":"publish","type":"product","link":"https:\/\/blackviewphones.com\/es\/product\/blackview-airbuds-13-auriculares-bluetooth-5-4\/","title":{"rendered":"Blackview Airbuds 13 &#8211; Auriculares Bluetooth 5.4"},"content":{"rendered":"<h1>Blackview Airbuds 13 \u2013 Auriculares Bluetooth 5.4<\/h1>\n<p>El<strong> Blackview Airbuds 13<\/strong> es un auricular TWS con IPX7 y con cancelaci\u00f3n de ruido. Ideal para llevar contigo a todas partes y disfrutar de la m\u00fasica. Con bater\u00eda de larga duraci\u00f3n 400 mAh.<\/p>\n<p><strong>Habla claro. Hazte o\u00edr alto y claro<\/strong><\/p>\n<p>Calidad de llamada cristalina. La tecnolog\u00eda ENC+DNS\u00a0 de los Airbuds 13 para eliminar el ruido ambiental y filtrar fuentes de sonido complejas, AirBuds 13 te ofrece una experiencia de llamada inigualable. \u00a1Di adi\u00f3s al ruido y hola a llamadas cristalinas, justo en tu o\u00eddo!<\/p>\n<p><strong>Estos auriculares de la marca Blackview, son IPX7, resisten al sudor<\/strong><\/p>\n<p><strong>No recomendamos sumergirlos en agua.<\/strong><\/p>\n","protected":false},"excerpt":{"rendered":"<p>Auricular: 7.3 g | Caja de carga \u2013 44.2 g<br \/>\nMedidas pocket: 59.9*48.3*27.8 mm<br \/>\nDriver: \u03a6 10 mm Dynamic Driver<br \/>\nBluetooth: 5.4<br \/>\nCancelaci\u00f3n de ruido: Si<br \/>\nCharging case: 400 mAh<\/p>\n<div id=\"gtx-trans\" style=\"position: absolute; left: -8px; top: -10px;\">\n<div class=\"gtx-trans-icon\"><\/div>\n<\/div>\n","protected":false},"featured_media":8123,"comment_status":"closed","ping_status":"closed","template":"","meta":{"_acf_changed":false},"product_brand":[287],"product_cat":[154,156,159],"product_tag":[],"class_list":{"0":"post-8117","1":"product","2":"type-product","3":"status-publish","4":"has-post-thumbnail","6":"product_brand-blackview","7":"product_cat-accesorios-blackview","8":"product_cat-accesorios-blackview-auriculares","9":"product_cat-ofertas","11":"first","12":"instock","13":"sale","14":"shipping-taxable","15":"purchasable","16":"product-type-variable"},"acf":[],"_links":{"self":[{"href":"https:\/\/blackviewphones.com\/es\/wp-json\/wp\/v2\/product\/8117","targetHints":{"allow":["GET"]}}],"collection":[{"href":"https:\/\/blackviewphones.com\/es\/wp-json\/wp\/v2\/product"}],"about":[{"href":"https:\/\/blackviewphones.com\/es\/wp-json\/wp\/v2\/types\/product"}],"replies":[{"embeddable":true,"href":"https:\/\/blackviewphones.com\/es\/wp-json\/wp\/v2\/comments?post=8117"}],"version-history":[{"count":0,"href":"https:\/\/blackviewphones.com\/es\/wp-json\/wp\/v2\/product\/8117\/revisions"}],"wp:featuredmedia":[{"embeddable":true,"href":"https:\/\/blackviewphones.com\/es\/wp-json\/wp\/v2\/media\/8123"}],"wp:attachment":[{"href":"https:\/\/blackviewphones.com\/es\/wp-json\/wp\/v2\/media?parent=8117"}],"wp:term":[{"taxonomy":"product_brand","embeddable":true,"href":"https:\/\/blackviewphones.com\/es\/wp-json\/wp\/v2\/product_brand?post=8117"},{"taxonomy":"product_cat","embeddable":true,"href":"https:\/\/blackviewphones.com\/es\/wp-json\/wp\/v2\/product_cat?post=8117"},{"taxonomy":"product_tag","embeddable":true,"href":"https:\/\/blackviewphones.com\/es\/wp-json\/wp\/v2\/product_tag?post=8117"}],"curies":[{"name":"wp","href":"https:\/\/api.w.org\/{rel}","templated":true}]}}