

{"id":7636,"date":"2025-05-19T16:38:07","date_gmt":"2025-05-19T14:38:07","guid":{"rendered":"https:\/\/blackviewphones.com\/?post_type=product&#038;p=7636"},"modified":"2026-05-04T20:54:18","modified_gmt":"2026-05-04T18:54:18","slug":"blackview-color-6-24gb-ram-256gb-rom","status":"publish","type":"product","link":"https:\/\/blackviewphones.com\/es\/product\/blackview-color-6-24gb-ram-256gb-rom\/","title":{"rendered":"Blackview COLOR 6 | 24GB RAM 128GB\/256GB ROM"},"content":{"rendered":"<h1>Blackview COLOR 6 | 24GB RAM 128GB\/256GB ROM<\/h1>\n<p>El nuevo\u00a0<strong>Blackview COLOR 6<\/strong>, es el tel\u00e9fono m\u00f3vil de Blackview con precio econ\u00f3mico, elegante y pr\u00e1ctico. Cuenta con un procesador\u00a0<strong>MediaTek Helio G81<\/strong>, con c\u00e1mara principal de 50 Mpx, una pantalla de\u00a0<strong>6.67 Pulgadas\u00a0<\/strong>y un peso ligero de<strong>\u00a0199,4 gr<\/strong>. Adem\u00e1s, tiene una bater\u00eda de\u00a0<strong>5000 mAh\u00a0<\/strong>y todo en un sistema operativo\u00a0<strong>Android 15<\/strong>.\u00a0Es un m\u00f3vil moderno con buenas prestaciones, con su<strong> memoria 8\u00a0 GB de RAM ampliable virtualmente a 24 GB<\/strong>\u00a0y<strong>\u00a0256 GB\u00a0<\/strong>de almacenamiento interno<strong>\u00a0ROM<\/strong>.<\/p>\n","protected":false},"excerpt":{"rendered":"<p data-start=\"183\" data-end=\"494\">El <strong data-start=\"186\" data-end=\"207\">Blackview COLOR 6<\/strong> destaca por su dise\u00f1o elegante y estilizado, pensado para quienes buscan potencia y estilo en un solo dispositivo. Incorpora el procesador <strong data-start=\"347\" data-end=\"369\">MediaTek Helio G81<\/strong>, acompa\u00f1ado de 8GB de RAM ampliables hasta 24GB (8GB + 16GB virtuales), garantizando fluidez incluso en multitarea exigente.<\/p>\n<p data-start=\"496\" data-end=\"883\">Disponible con 128GB o 256GB de almacenamiento, ofrece espacio m\u00e1s que suficiente para tus apps, fotos y archivos. Su pantalla de 6,67\u2033 proporciona una experiencia visual inmersiva, mientras que la bater\u00eda de 5000 mAh asegura autonom\u00eda durante todo el d\u00eda. Con Android 15 y una c\u00e1mara principal de 50 Mpx, el COLOR 6 captura cada detalle con claridad en un cuerpo ligero de solo 199,4 g.<\/p>\n","protected":false},"featured_media":9887,"comment_status":"closed","ping_status":"closed","template":"","meta":{"_acf_changed":false},"product_brand":[287],"product_cat":[42,327,159],"product_tag":[],"class_list":{"0":"post-7636","1":"product","2":"type-product","3":"status-publish","4":"has-post-thumbnail","6":"product_brand-blackview","7":"product_cat-moviles-blackview","8":"product_cat-moviles-inteligentes-blackview","9":"product_cat-ofertas","11":"first","12":"instock","13":"sale","14":"shipping-taxable","15":"purchasable","16":"product-type-variable","17":"has-default-attributes"},"acf":[],"_links":{"self":[{"href":"https:\/\/blackviewphones.com\/es\/wp-json\/wp\/v2\/product\/7636","targetHints":{"allow":["GET"]}}],"collection":[{"href":"https:\/\/blackviewphones.com\/es\/wp-json\/wp\/v2\/product"}],"about":[{"href":"https:\/\/blackviewphones.com\/es\/wp-json\/wp\/v2\/types\/product"}],"replies":[{"embeddable":true,"href":"https:\/\/blackviewphones.com\/es\/wp-json\/wp\/v2\/comments?post=7636"}],"version-history":[{"count":1,"href":"https:\/\/blackviewphones.com\/es\/wp-json\/wp\/v2\/product\/7636\/revisions"}],"predecessor-version":[{"id":13802,"href":"https:\/\/blackviewphones.com\/es\/wp-json\/wp\/v2\/product\/7636\/revisions\/13802"}],"wp:featuredmedia":[{"embeddable":true,"href":"https:\/\/blackviewphones.com\/es\/wp-json\/wp\/v2\/media\/9887"}],"wp:attachment":[{"href":"https:\/\/blackviewphones.com\/es\/wp-json\/wp\/v2\/media?parent=7636"}],"wp:term":[{"taxonomy":"product_brand","embeddable":true,"href":"https:\/\/blackviewphones.com\/es\/wp-json\/wp\/v2\/product_brand?post=7636"},{"taxonomy":"product_cat","embeddable":true,"href":"https:\/\/blackviewphones.com\/es\/wp-json\/wp\/v2\/product_cat?post=7636"},{"taxonomy":"product_tag","embeddable":true,"href":"https:\/\/blackviewphones.com\/es\/wp-json\/wp\/v2\/product_tag?post=7636"}],"curies":[{"name":"wp","href":"https:\/\/api.w.org\/{rel}","templated":true}]}}